{"id":9001,"date":"2026-01-04T23:28:54","date_gmt":"2026-01-04T22:28:54","guid":{"rendered":"https:\/\/czas.m2web.pl\/?post_type=product&#038;p=9001"},"modified":"2026-01-04T23:29:10","modified_gmt":"2026-01-04T22:29:10","slug":"hot-focus-207go-notatnik-na-spirali-z-dlugopisami-buzki","status":"publish","type":"product","link":"https:\/\/czas.m2web.pl\/?product=hot-focus-207go-notatnik-na-spirali-z-dlugopisami-buzki","title":{"rendered":"HOT FOCUS 207GO Notatnik na spirali z d\u0142ugopisami- Bu\u017aki"},"content":{"rendered":"<section class=\"section\">\n<div class=\"item item-6\">\n<section class=\"image-item\">\n            <img decoding=\"async\" src=\"https:\/\/upload.cdn.baselinker.com\/products\/3029707\/efe56dc3ed473140525e0dff60d6a60a.jpg\" \/><br \/>\n        <\/section>\n<\/p><\/div>\n<div class=\"item item-6\">\n<section class=\"text-item\">\n<h1>Notatnik na spirali z d\u0142ugopisami &#8211; Bu\u017aki<\/h1>\n<p>Hot Focus 175207GO<\/p>\n<p>Zestaw \u201eDoodle Spark Sketchbook Set\u201d zosta\u0142 zaprojektowany, aby inspirowa\u0107 kreatywno\u015b\u0107 i dostarcza\u0107 narz\u0119dzi niezb\u0119dnych do tworzenia artystycznych projekt\u00f3w i szkic\u00f3w. To \u015bwietny prezent dla artyst\u00f3w, student\u00f3w lub ka\u017cdego, kto chce odkry\u0107 swoj\u0105 artystyczn\u0105 stron\u0119, czy to poprzez rysowanie, szkicowanie, czy bazgranie.<\/p>\n<p>Zestaw zawiera:<\/p>\n<ul>\n<li>ko\u0142ozeszyt z czystymi kartkami<\/li>\n<li>5 d\u0142ugopis\u00f3w \u017celowych<\/li>\n<li>d\u0142ugopis tradycyjny w 2 kolorach<\/li>\n<li>3 mi\u0119kkie naklejki<\/li>\n<li>kryszta\u0142ki samoprzylepne<\/li>\n<li>5 wzor\u00f3w karteczek samoprzylepnych<\/li>\n<\/ul>\n<p>Zestaw zapakowany w ozdobne opakowanie prezentowe\/<\/p>\n<p>Wymiary notesu 17 x 12,5 cm<\/p>\n<p>Wymiary opakowania: 27 x 21,5 x 3 cm.<\/p>\n<p>Wiek: 5+.<\/p>\n<\/section><\/div>\n<\/section>\n","protected":false},"excerpt":{"rendered":"<section class=\"section\">\n<div class=\"item item-6\">\n<section class=\"image-item\">\n            <img decoding=\"async\" src=\"https:\/\/upload.cdn.baselinker.com\/products\/3029707\/b002b7cdff3115e689594bfdf53dbd30.webp\" \/><br \/>\n        <\/section>\n<\/p><\/div>\n<div class=\"item item-6\">\n<section class=\"image-item\">\n            <img decoding=\"async\" src=\"--deleted-from-3--\" \/><br \/>\n        <\/section>\n<\/p><\/div>\n<\/section>\n","protected":false},"featured_media":9052,"comment_status":"open","ping_status":"closed","template":"","meta":[],"product_brand":[],"product_cat":[122],"product_tag":[],"class_list":{"0":"post-9001","1":"product","2":"type-product","3":"status-publish","4":"has-post-thumbnail","6":"product_cat-artykuly-szkolne","8":"first","9":"instock","10":"shipping-taxable","11":"purchasable","12":"product-type-simple"},"_links":{"self":[{"href":"https:\/\/czas.m2web.pl\/index.php?rest_route=\/wp\/v2\/product\/9001","targetHints":{"allow":["GET"]}}],"collection":[{"href":"https:\/\/czas.m2web.pl\/index.php?rest_route=\/wp\/v2\/product"}],"about":[{"href":"https:\/\/czas.m2web.pl\/index.php?rest_route=\/wp\/v2\/types\/product"}],"replies":[{"embeddable":true,"href":"https:\/\/czas.m2web.pl\/index.php?rest_route=%2Fwp%2Fv2%2Fcomments&post=9001"}],"version-history":[{"count":0,"href":"https:\/\/czas.m2web.pl\/index.php?rest_route=\/wp\/v2\/product\/9001\/revisions"}],"wp:featuredmedia":[{"embeddable":true,"href":"https:\/\/czas.m2web.pl\/index.php?rest_route=\/wp\/v2\/media\/9052"}],"wp:attachment":[{"href":"https:\/\/czas.m2web.pl\/index.php?rest_route=%2Fwp%2Fv2%2Fmedia&parent=9001"}],"wp:term":[{"taxonomy":"product_brand","embeddable":true,"href":"https:\/\/czas.m2web.pl\/index.php?rest_route=%2Fwp%2Fv2%2Fproduct_brand&post=9001"},{"taxonomy":"product_cat","embeddable":true,"href":"https:\/\/czas.m2web.pl\/index.php?rest_route=%2Fwp%2Fv2%2Fproduct_cat&post=9001"},{"taxonomy":"product_tag","embeddable":true,"href":"https:\/\/czas.m2web.pl\/index.php?rest_route=%2Fwp%2Fv2%2Fproduct_tag&post=9001"}],"curies":[{"name":"wp","href":"https:\/\/api.w.org\/{rel}","templated":true}]}}