{"id":9003,"date":"2026-01-04T23:28:54","date_gmt":"2026-01-04T22:28:54","guid":{"rendered":"https:\/\/czas.m2web.pl\/?post_type=product&#038;p=9003"},"modified":"2026-01-04T23:29:12","modified_gmt":"2026-01-04T22:29:12","slug":"hot-focus-332gf-kolorowanka-z-flamastrami-okulary-3d-sloneczko","status":"publish","type":"product","link":"https:\/\/czas.m2web.pl\/?product=hot-focus-332gf-kolorowanka-z-flamastrami-okulary-3d-sloneczko","title":{"rendered":"HOT FOCUS 332GF Kolorowanka z flamastrami + okulary 3D &#8211; S\u0142oneczko"},"content":{"rendered":"<section class=\"section\">\n<div class=\"item item-6\">\n<section class=\"image-item\">\n            <img decoding=\"async\" src=\"https:\/\/upload.cdn.baselinker.com\/products\/3029707\/180bd27fc090be7a8be7796fce169cca.jpg\" \/><br \/>\n        <\/section>\n<\/p><\/div>\n<div class=\"item item-6\">\n<section class=\"text-item\">\n<h1>Kolorowanka z flamastrami + okulary 3D &#8211; S\u0142oneczko<\/h1>\n<p>Hot Focus 175332GF<\/p>\n<p>Zestaw zawiera:<\/p>\n<ul>\n<li>kolorowanka (50 stron) na spirali z wydrukiem 3D widocznym po za\u0142o\u017ceniu okular\u00f3w<\/li>\n<li>okulary z efektem 3D<\/li>\n<li>6 zakre\u015blaczy<\/li>\n<\/ul>\n<p>Zestaw zapakowany w przezroczyst\u0105 ozdobn\u0105 saszetk\u0119 zamykan\u0105 na zamek.<\/p>\n<p>Wymiary kolorowanki 15 x 12,5 cm<\/p>\n<p>Wymiary opakowania: 26,5 x 23 x 2 cm.<\/p>\n<p>Wiek: 5+.<\/p>\n<\/section><\/div>\n<\/section>\n<section class=\"section\">\n<div class=\"item item-12\">\n<section class=\"image-item\">\n            <img decoding=\"async\" src=\"https:\/\/upload.cdn.baselinker.com\/products\/3029707\/180bd27fc090be7a8be7796fce169cca.jpg\" \/><br \/>\n        <\/section>\n<\/p><\/div>\n<\/section>\n","protected":false},"excerpt":{"rendered":"<section class=\"section\">\n<div class=\"item item-6\">\n<section class=\"image-item\">\n            <img decoding=\"async\" src=\"--deleted-from-2--\" \/><br \/>\n        <\/section>\n<\/p><\/div>\n<div class=\"item item-6\">\n<section class=\"image-item\">\n            <img decoding=\"async\" src=\"--deleted-from-3--\" \/><br \/>\n        <\/section>\n<\/p><\/div>\n<\/section>\n","protected":false},"featured_media":9060,"comment_status":"open","ping_status":"closed","template":"","meta":[],"product_brand":[],"product_cat":[284],"product_tag":[],"class_list":{"0":"post-9003","1":"product","2":"type-product","3":"status-publish","4":"has-post-thumbnail","6":"product_cat-dla-dziewczynki","8":"first","9":"instock","10":"shipping-taxable","11":"purchasable","12":"product-type-simple"},"_links":{"self":[{"href":"https:\/\/czas.m2web.pl\/index.php?rest_route=\/wp\/v2\/product\/9003","targetHints":{"allow":["GET"]}}],"collection":[{"href":"https:\/\/czas.m2web.pl\/index.php?rest_route=\/wp\/v2\/product"}],"about":[{"href":"https:\/\/czas.m2web.pl\/index.php?rest_route=\/wp\/v2\/types\/product"}],"replies":[{"embeddable":true,"href":"https:\/\/czas.m2web.pl\/index.php?rest_route=%2Fwp%2Fv2%2Fcomments&post=9003"}],"version-history":[{"count":0,"href":"https:\/\/czas.m2web.pl\/index.php?rest_route=\/wp\/v2\/product\/9003\/revisions"}],"wp:featuredmedia":[{"embeddable":true,"href":"https:\/\/czas.m2web.pl\/index.php?rest_route=\/wp\/v2\/media\/9060"}],"wp:attachment":[{"href":"https:\/\/czas.m2web.pl\/index.php?rest_route=%2Fwp%2Fv2%2Fmedia&parent=9003"}],"wp:term":[{"taxonomy":"product_brand","embeddable":true,"href":"https:\/\/czas.m2web.pl\/index.php?rest_route=%2Fwp%2Fv2%2Fproduct_brand&post=9003"},{"taxonomy":"product_cat","embeddable":true,"href":"https:\/\/czas.m2web.pl\/index.php?rest_route=%2Fwp%2Fv2%2Fproduct_cat&post=9003"},{"taxonomy":"product_tag","embeddable":true,"href":"https:\/\/czas.m2web.pl\/index.php?rest_route=%2Fwp%2Fv2%2Fproduct_tag&post=9003"}],"curies":[{"name":"wp","href":"https:\/\/api.w.org\/{rel}","templated":true}]}}