{"id":9005,"date":"2026-01-04T23:28:54","date_gmt":"2026-01-04T22:28:54","guid":{"rendered":"https:\/\/czas.m2web.pl\/?post_type=product&#038;p=9005"},"modified":"2026-01-04T23:29:14","modified_gmt":"2026-01-04T22:29:14","slug":"hot-focus-324tb-notatnik-na-spirali-z-kredkami-motylki","status":"publish","type":"product","link":"https:\/\/czas.m2web.pl\/?product=hot-focus-324tb-notatnik-na-spirali-z-kredkami-motylki","title":{"rendered":"HOT FOCUS 324TB Notatnik na spirali z kredkami &#8211; Motylki"},"content":{"rendered":"<section class=\"section\">\n<div class=\"item item-6\">\n<section class=\"image-item\">\n            <img decoding=\"async\" src=\"https:\/\/upload.cdn.baselinker.com\/products\/3029707\/835350857f279651e5e8ad9432797170.jpg\" \/><br \/>\n        <\/section>\n<\/p><\/div>\n<div class=\"item item-6\">\n<section class=\"text-item\">\n<h1>Notatnik na spirali z kredkami &#8211; Motylki<\/h1>\n<p>Hot Focus 175324TB<\/p>\n<p>Zestaw zawiera:<\/p>\n<ul>\n<li>gruby ko\u0142ozeszyt w linie<\/li>\n<li>6 kolorowych wymazywalnych kredek o\u0142\u00f3wkowych<\/li>\n<li>arkusz naklejek<\/li>\n<li>3 wzory karteczek samoprzylepnych<\/li>\n<li>dekoracyjna ta\u015bma klej\u0105ca &#8222;Washi Tape&#8221;<\/li>\n<\/ul>\n<p>Zestaw zapakowany w ozdobn\u0105 saszetk\u0119 zamykan\u0105 na zamek z uchwytem do wygodnego przenoszenia.<\/p>\n<p>Wymiary notesu 18 x 12,5 cm<\/p>\n<p>Wymiary opakowania: 26 x 23 x 2 cm.<\/p>\n<p>Wiek: 5+.<\/p>\n<\/section><\/div>\n<\/section>\n<section class=\"section\">\n<div class=\"item item-12\">\n<section class=\"image-item\">\n            <img decoding=\"async\" src=\"https:\/\/upload.cdn.baselinker.com\/products\/3029707\/835350857f279651e5e8ad9432797170.jpg\" \/><br \/>\n        <\/section>\n<\/p><\/div>\n<\/section>\n","protected":false},"excerpt":{"rendered":"<section class=\"section\">\n<div class=\"item item-6\">\n<section class=\"image-item\">\n            <img decoding=\"async\" src=\"--deleted-from-2--\" \/><br \/>\n        <\/section>\n<\/p><\/div>\n<div class=\"item item-6\">\n<section class=\"image-item\">\n            <img decoding=\"async\" src=\"--deleted-from-3--\" \/><br \/>\n        <\/section>\n<\/p><\/div>\n<\/section>\n","protected":false},"featured_media":9062,"comment_status":"open","ping_status":"closed","template":"","meta":[],"product_brand":[],"product_cat":[284],"product_tag":[],"class_list":{"0":"post-9005","1":"product","2":"type-product","3":"status-publish","4":"has-post-thumbnail","6":"product_cat-dla-dziewczynki","8":"first","9":"instock","10":"shipping-taxable","11":"purchasable","12":"product-type-simple"},"_links":{"self":[{"href":"https:\/\/czas.m2web.pl\/index.php?rest_route=\/wp\/v2\/product\/9005","targetHints":{"allow":["GET"]}}],"collection":[{"href":"https:\/\/czas.m2web.pl\/index.php?rest_route=\/wp\/v2\/product"}],"about":[{"href":"https:\/\/czas.m2web.pl\/index.php?rest_route=\/wp\/v2\/types\/product"}],"replies":[{"embeddable":true,"href":"https:\/\/czas.m2web.pl\/index.php?rest_route=%2Fwp%2Fv2%2Fcomments&post=9005"}],"version-history":[{"count":0,"href":"https:\/\/czas.m2web.pl\/index.php?rest_route=\/wp\/v2\/product\/9005\/revisions"}],"wp:featuredmedia":[{"embeddable":true,"href":"https:\/\/czas.m2web.pl\/index.php?rest_route=\/wp\/v2\/media\/9062"}],"wp:attachment":[{"href":"https:\/\/czas.m2web.pl\/index.php?rest_route=%2Fwp%2Fv2%2Fmedia&parent=9005"}],"wp:term":[{"taxonomy":"product_brand","embeddable":true,"href":"https:\/\/czas.m2web.pl\/index.php?rest_route=%2Fwp%2Fv2%2Fproduct_brand&post=9005"},{"taxonomy":"product_cat","embeddable":true,"href":"https:\/\/czas.m2web.pl\/index.php?rest_route=%2Fwp%2Fv2%2Fproduct_cat&post=9005"},{"taxonomy":"product_tag","embeddable":true,"href":"https:\/\/czas.m2web.pl\/index.php?rest_route=%2Fwp%2Fv2%2Fproduct_tag&post=9005"}],"curies":[{"name":"wp","href":"https:\/\/api.w.org\/{rel}","templated":true}]}}