{"id":9011,"date":"2026-01-04T23:28:55","date_gmt":"2026-01-04T22:28:55","guid":{"rendered":"https:\/\/czas.m2web.pl\/?post_type=product&#038;p=9011"},"modified":"2026-01-04T23:29:19","modified_gmt":"2026-01-04T22:29:19","slug":"tablet-graficzny-lcd-do-rysowania-znikopis-dlugopis-klipsy-biurowe-2","status":"publish","type":"product","link":"https:\/\/czas.m2web.pl\/?product=tablet-graficzny-lcd-do-rysowania-znikopis-dlugopis-klipsy-biurowe-2","title":{"rendered":"TABLET GRAFICZNY LCD DO RYSOWANIA ZNIKOPIS + D\u0141UGOPIS + KLIPSY BIUROWE"},"content":{"rendered":"<section class=\"section\">\n<div class=\"item item-6\">\n<section class=\"image-item\">\n            <img decoding=\"async\" src=\"https:\/\/upload.cdn.baselinker.com\/products\/3029707\/5ef3180feb78e2421eda155be78cfef4.webp\" \/><br \/>\n        <\/section>\n<\/p><\/div>\n<div class=\"item item-6\">\n<section class=\"text-item\">\n<h1>TABLET LCD ZNIKOPIS<\/h1>\n<p>Hot Focus 175624SW<\/p>\n<p>Ekran stworzony do rozpocz\u0119cia przygody z malowaniem lub pisaniem.<\/p>\n<p>Wystarczy u\u017cy\u0107 do\u0142\u0105czonego rysika, aby wyczarowa\u0107 kolorowe rysunki czy napisy.<\/p>\n<p>Na czarnym tle ekranu powstan\u0105 rysunki we wszystkich kolorach t\u0119czy.<\/p>\n<p>Aby rozpocz\u0105\u0107 zabaw\u0119 na nowo lub poprawi\u0107 b\u0142\u0119dy, wystarczy nacisn\u0105\u0107 przycisk kosza, a ekran si\u0119 wyczy\u015bci.<\/p>\n<p>Tablet jest bardzo lekki, jest cz\u0119\u015bci\u0105 otwieranego &#8222;pi\u00f3rnika&#8221; pude\u0142ka dzi\u0119ki czemu mo\u017cna w nim przechowywa\u0107 inne akcesoria do notowania.<\/p>\n<p>W zestawie:<\/p>\n<ul>\n<li>pi\u00f3rnik z ekranem LCD i rysikiem<\/li>\n<li>d\u0142ugopis wielokolorowy z nak\u0142adk\u0105 w kszta\u0142cie misia<\/li>\n<li>2 mini spinacze do papieru<\/li>\n<\/ul>\n<p>Dzia\u0142a na bateri\u0119 guzikow\u0105 CR2025 3V &#8211; w zestawie<\/p>\n<ul>\n<li>Wymiary opakowania: 28 x 21 x 4 cm.<\/li>\n<li>Wymiary pi\u00f3rnika: 20 cm x 9 cm.<\/li>\n<li>Wymiary ekranu: 16 x 7 cm.<\/li>\n<li>Wiek: 5+.<\/li>\n<\/ul>\n<\/section><\/div>\n<\/section>\n<section class=\"section\">\n<div class=\"item item-12\">\n<section class=\"image-item\">\n            <img decoding=\"async\" src=\"https:\/\/upload.cdn.baselinker.com\/products\/3029707\/5ef3180feb78e2421eda155be78cfef4.webp\" \/><br \/>\n        <\/section>\n<\/p><\/div>\n<\/section>\n<section class=\"section\">\n<div class=\"item item-12\">\n<section class=\"image-item\">\n            <img decoding=\"async\" src=\"https:\/\/upload.cdn.baselinker.com\/products\/3029707\/6331be2fb625328c837929fcc9684280.jpg\" \/><br \/>\n        <\/section>\n<\/p><\/div>\n<\/section>\n","protected":false},"excerpt":{"rendered":"<p>TABLET LCD ZNIKOPIS Hot Focus 175624SW Ekran stworzony do rozpocz\u0119cia przygody z malowaniem lub pisaniem. Wystarczy u\u017cy\u0107 do\u0142\u0105czonego rysika, aby<\/p>\n","protected":false},"featured_media":9089,"comment_status":"open","ping_status":"closed","template":"","meta":[],"product_brand":[],"product_cat":[284],"product_tag":[],"class_list":{"0":"post-9011","1":"product","2":"type-product","3":"status-publish","4":"has-post-thumbnail","6":"product_cat-dla-dziewczynki","8":"first","9":"instock","10":"shipping-taxable","11":"purchasable","12":"product-type-simple"},"_links":{"self":[{"href":"https:\/\/czas.m2web.pl\/index.php?rest_route=\/wp\/v2\/product\/9011","targetHints":{"allow":["GET"]}}],"collection":[{"href":"https:\/\/czas.m2web.pl\/index.php?rest_route=\/wp\/v2\/product"}],"about":[{"href":"https:\/\/czas.m2web.pl\/index.php?rest_route=\/wp\/v2\/types\/product"}],"replies":[{"embeddable":true,"href":"https:\/\/czas.m2web.pl\/index.php?rest_route=%2Fwp%2Fv2%2Fcomments&post=9011"}],"version-history":[{"count":0,"href":"https:\/\/czas.m2web.pl\/index.php?rest_route=\/wp\/v2\/product\/9011\/revisions"}],"wp:featuredmedia":[{"embeddable":true,"href":"https:\/\/czas.m2web.pl\/index.php?rest_route=\/wp\/v2\/media\/9089"}],"wp:attachment":[{"href":"https:\/\/czas.m2web.pl\/index.php?rest_route=%2Fwp%2Fv2%2Fmedia&parent=9011"}],"wp:term":[{"taxonomy":"product_brand","embeddable":true,"href":"https:\/\/czas.m2web.pl\/index.php?rest_route=%2Fwp%2Fv2%2Fproduct_brand&post=9011"},{"taxonomy":"product_cat","embeddable":true,"href":"https:\/\/czas.m2web.pl\/index.php?rest_route=%2Fwp%2Fv2%2Fproduct_cat&post=9011"},{"taxonomy":"product_tag","embeddable":true,"href":"https:\/\/czas.m2web.pl\/index.php?rest_route=%2Fwp%2Fv2%2Fproduct_tag&post=9011"}],"curies":[{"name":"wp","href":"https:\/\/api.w.org\/{rel}","templated":true}]}}