{"id":9014,"date":"2026-01-04T23:28:55","date_gmt":"2026-01-04T22:28:55","guid":{"rendered":"https:\/\/czas.m2web.pl\/?post_type=product&#038;p=9014"},"modified":"2026-01-04T23:29:24","modified_gmt":"2026-01-04T22:29:24","slug":"maisto-design-toyota-tacoma-trd-pro-2023-1-27-32546","status":"publish","type":"product","link":"https:\/\/czas.m2web.pl\/?product=maisto-design-toyota-tacoma-trd-pro-2023-1-27-32546","title":{"rendered":"MAISTO DESIGN Toyota Tacoma TRD PRO 2023 1\/27 32546"},"content":{"rendered":"<section class=\"section\">\n<div class=\"item item-6\">\n<section class=\"image-item\">\n            <img decoding=\"async\" src=\"https:\/\/upload.cdn.baselinker.com\/products\/3029707\/1bef9ab5e9b4f428593c6781baeabcc4.jpg\" \/><br \/>\n        <\/section>\n<\/p><\/div>\n<div class=\"item item-6\">\n<section class=\"text-item\">\n<h1>MAISTO DESIGN Toyota Tacoma TRD PRO 2023<\/h1>\n<p>Nr kat.: 32546<\/p>\n<p>Skala: 1\/27<\/p>\n<p>Kolor: wielokolorowy<\/p>\n<p><b>Materia\u0142: metal (nadwozie)\/plastik\/guma<\/b><\/p>\n<p>Wysokiej jako\u015bci metalowy model pojazdu wykonany przez firm\u0119 MaiSto.<\/p>\n<p>MAISTO DESIGN to seria tuningowanych pojazd\u00f3w charakteryzuj\u0105cych si\u0119 ruchomymi elementami, wiernym odwzorowaniem wn\u0119trza i du\u017c\u0105 dba\u0142o\u015bci\u0105 o szczeg\u00f3\u0142y.<\/p>\n<p><b>Pojazdy w tej wersji wyr\u00f3\u017cniaj\u0105 si\u0119 specjalnym malowaniem, chromowanymi elementami nadwozia i silnika oraz wyczynowymi oponami.<\/b><\/p>\n<p>\u015awietna zabawka dla Twojego dziecka lub model dla kolekcjonera.<\/p>\n<p><b>Model posiada otwierane drzwi<\/b><b>.<\/b><\/p>\n<p>Wymiary opakowania: szer. 24,6 cm, wys. 11,3 cm, g\u0142. 13,6 cm.<\/p>\n<p>Wiek: 8+.<\/p>\n<\/section><\/div>\n<\/section>\n<section class=\"section\">\n<div class=\"item item-12\">\n<section class=\"image-item\">\n            <img decoding=\"async\" src=\"https:\/\/upload.cdn.baselinker.com\/products\/3029707\/feb210028ee5e76de07346308935b527.jpg\" \/><br \/>\n        <\/section>\n<\/p><\/div>\n<\/section>\n<section class=\"section\">\n<div class=\"item item-12\">\n<section class=\"image-item\">\n            <img decoding=\"async\" src=\"https:\/\/upload.cdn.baselinker.com\/products\/3029707\/7a7e1e34874904997729600df78e10bf.jpg\" \/><br \/>\n        <\/section>\n<\/p><\/div>\n<\/section>\n","protected":false},"excerpt":{"rendered":"<p>MAISTO DESIGN Toyota Tacoma TRD PRO 2023 Nr kat.: 32546 Skala: 1\/27 Kolor: wielokolorowy Materia\u0142: metal (nadwozie)\/plastik\/guma Wysokiej jako\u015bci metalowy<\/p>\n","protected":false},"featured_media":9103,"comment_status":"open","ping_status":"closed","template":"","meta":[],"product_brand":[],"product_cat":[4437,21,22],"product_tag":[],"class_list":{"0":"post-9014","1":"product","2":"type-product","3":"status-publish","4":"has-post-thumbnail","6":"product_cat-modele-124","7":"product_cat-pojazdy-2","8":"product_cat-samochody","10":"first","11":"instock","12":"shipping-taxable","13":"purchasable","14":"product-type-simple"},"_links":{"self":[{"href":"https:\/\/czas.m2web.pl\/index.php?rest_route=\/wp\/v2\/product\/9014","targetHints":{"allow":["GET"]}}],"collection":[{"href":"https:\/\/czas.m2web.pl\/index.php?rest_route=\/wp\/v2\/product"}],"about":[{"href":"https:\/\/czas.m2web.pl\/index.php?rest_route=\/wp\/v2\/types\/product"}],"replies":[{"embeddable":true,"href":"https:\/\/czas.m2web.pl\/index.php?rest_route=%2Fwp%2Fv2%2Fcomments&post=9014"}],"version-history":[{"count":0,"href":"https:\/\/czas.m2web.pl\/index.php?rest_route=\/wp\/v2\/product\/9014\/revisions"}],"wp:featuredmedia":[{"embeddable":true,"href":"https:\/\/czas.m2web.pl\/index.php?rest_route=\/wp\/v2\/media\/9103"}],"wp:attachment":[{"href":"https:\/\/czas.m2web.pl\/index.php?rest_route=%2Fwp%2Fv2%2Fmedia&parent=9014"}],"wp:term":[{"taxonomy":"product_brand","embeddable":true,"href":"https:\/\/czas.m2web.pl\/index.php?rest_route=%2Fwp%2Fv2%2Fproduct_brand&post=9014"},{"taxonomy":"product_cat","embeddable":true,"href":"https:\/\/czas.m2web.pl\/index.php?rest_route=%2Fwp%2Fv2%2Fproduct_cat&post=9014"},{"taxonomy":"product_tag","embeddable":true,"href":"https:\/\/czas.m2web.pl\/index.php?rest_route=%2Fwp%2Fv2%2Fproduct_tag&post=9014"}],"curies":[{"name":"wp","href":"https:\/\/api.w.org\/{rel}","templated":true}]}}