{"id":9016,"date":"2026-01-04T23:28:55","date_gmt":"2026-01-04T22:28:55","guid":{"rendered":"https:\/\/czas.m2web.pl\/?post_type=product&#038;p=9016"},"modified":"2026-01-04T23:29:29","modified_gmt":"2026-01-04T22:29:29","slug":"infantino-projektor-do-lozeczka-2-w-1-bezowy-4909-2","status":"publish","type":"product","link":"https:\/\/czas.m2web.pl\/?product=infantino-projektor-do-lozeczka-2-w-1-bezowy-4909-2","title":{"rendered":"INFANTINO Projektor do \u0142\u00f3\u017ceczka 2 w 1 Be\u017cowy 4909"},"content":{"rendered":"<section class=\"section\">\n<div class=\"item item-6\">\n<section class=\"image-item\">\n            <img decoding=\"async\" src=\"https:\/\/upload.cdn.baselinker.com\/products\/3029707\/648b37332cca6b983292cca5f2fb8f80.jpg\" \/><br \/>\n        <\/section>\n<\/p><\/div>\n<div class=\"item item-6\">\n<section class=\"text-item\">\n<h1>INFANTINO Projektor do \u0142\u00f3\u017ceczka 2 w 1<\/h1>\n<p>Nr kat.: 302048<\/p>\n<p>Kolor: mi\u0119towy<\/p>\n<p><b>Urz\u0105dzenie, kt\u00f3re mo\u017ce by\u0107\u00a0projektorem\u00a0lub lampk\u0105 nocn\u0105, w zale\u017cno\u015bci od ustawienia:<\/b><\/p>\n<p><b>1.<\/b> <b>Lampka nocna na\u00a0\u0142\u00f3\u017ceczko (Wiek: 0-12m)<\/b><\/p>\n<p>Lampka wyposa\u017cona jest w\u00a0 sensor d\u017awi\u0119ku \u201eSMART SENSOR\u201d, kt\u00f3ry reaguje na p\u0142acz dziecka lub inne odg\u0142osy w \u0142\u00f3\u017ceczku. Gdy dziecko p\u0142acze uruchamia si\u0119 \u0142agodne niebieskie \u015bwiat\u0142o LED, kt\u00f3re pomo\u017ce ponownie usn\u0105\u0107 Twojemu male\u0144stwu. Lampka automatycznie\u00a0wy\u0142\u0105cza si\u0119 po 10 minutach.<\/p>\n<p><b>2.\u00a0Projektor na\u00a0\u0142\u00f3\u017ceczko (Wiek: 6-18m)<\/b><\/p>\n<p>Projektor uruchamiany jest przez w\u0142\u0105czenie przycisku \u201eON\u201d. Wy\u015bwietla kolorowe gwiazdki oraz gra 6 r\u00f3\u017cnych melodii i 3 naturalne d\u017awi\u0119ki. Dodatkowo posiada mo\u017cliwo\u015b\u0107 dostosowania g\u0142o\u015bno\u015bci d\u017awi\u0119ku, kt\u00f3ry mo\u017ce by\u0107 ustawiony na: g\u0142o\u015bny, cichy lub wy\u0142\u0105czony. Wy\u0142\u0105cza si\u0119 automatycznie.<\/p>\n<p><b>3.\u00a0Lampka nocna na stolik (Wiek: 12m+)<\/b><\/p>\n<p>Uruchamia si\u0119 w\u0142\u0105czaj\u0105c przycisk \u201eON\u201d. \u0141awy w u\u017cyciu, wystarczy postawi\u0107 na stoliku nocnym obok \u0142\u00f3\u017ceczka. Wy\u015bwietla kolorowe gwiazdki oraz gra 6 r\u00f3\u017cnych melodii i 3 naturalne d\u017awi\u0119ki. Dodatkowo posiada mo\u017cliwo\u015b\u0107 dostosowania g\u0142o\u015bno\u015bci d\u017awi\u0119ku, kt\u00f3ry mo\u017ce by\u0107 ustawiony na: g\u0142o\u015bny, cichy lub wy\u0142\u0105czony. Wy\u0142\u0105cza si\u0119 automatycznie.<\/p>\n<p><b>Wymagane baterie: 3 x AA (1,5V), nie s\u0105 zawarte w zestawie.<\/b><\/p>\n<p><b>Lampka nocna mocowana na \u0142\u00f3\u017ceczko za pomoc\u0105 dw\u00f3ch pask\u00f3w.<\/b><\/p>\n<p>Wymiary opakowania: 16 x 16 x 8 cm.<\/p>\n<p>Wiek: 0+.<\/p>\n<\/section><\/div>\n<\/section>\n<section class=\"section\">\n<div class=\"item item-12\">\n<section class=\"image-item\">\n            <img decoding=\"async\" src=\"https:\/\/upload.cdn.baselinker.com\/products\/3029707\/648b37332cca6b983292cca5f2fb8f80.jpg\" \/><br \/>\n        <\/section>\n<\/p><\/div>\n<\/section>\n<section class=\"section\">\n<div class=\"item item-6\">\n<section class=\"image-item\">\n            <img decoding=\"async\" src=\"https:\/\/upload.cdn.baselinker.com\/products\/3029707\/ee4ae01461d9b3d5cee1ba6921d90489.jpg\" \/><br \/>\n        <\/section>\n<\/p><\/div>\n<div class=\"item item-6\">\n<section class=\"image-item\">\n            <img decoding=\"async\" src=\"https:\/\/upload.cdn.baselinker.com\/products\/3029707\/121dea96d8a1e6bf178a7efa3fca85cb.jpg\" \/><br \/>\n        <\/section>\n<\/p><\/div>\n<\/section>\n<section class=\"section\">\n<div class=\"item item-6\">\n<section class=\"image-item\">\n            <img decoding=\"async\" src=\"https:\/\/upload.cdn.baselinker.com\/products\/3029707\/b65b80772cd4925b7321c149238983f9.jpg\" \/><br \/>\n        <\/section>\n<\/p><\/div>\n<div class=\"item item-6\">\n<section class=\"image-item\">\n            <img decoding=\"async\" src=\"https:\/\/upload.cdn.baselinker.com\/products\/3029707\/6a4f368da213b27ff0135af7723f2345.jpg\" \/><br \/>\n        <\/section>\n<\/p><\/div>\n<\/section>\n<section class=\"section\">\n<div class=\"item item-6\">\n<section class=\"image-item\">\n            <img decoding=\"async\" src=\"https:\/\/upload.cdn.baselinker.com\/products\/3029707\/95efa625bf2a9c53f0caa1656afda1eb.jpg\" \/><br \/>\n        <\/section>\n<\/p><\/div>\n<div class=\"item item-6\">\n<section class=\"image-item\">\n            <img decoding=\"async\" src=\"https:\/\/upload.cdn.baselinker.com\/products\/3029707\/cff0e77df4c1a37c40ba06bf26ac1e48.jpg\" \/><br \/>\n        <\/section>\n<\/p><\/div>\n<\/section>\n<section class=\"section\">\n<div class=\"item item-12\">\n<section class=\"image-item\">\n            <img decoding=\"async\" src=\"https:\/\/upload.cdn.baselinker.com\/products\/3029707\/d850743aec1832c0c9fce7e4a273f0b3.jpg\" \/><br \/>\n        <\/section>\n<\/p><\/div>\n<\/section>\n","protected":false},"excerpt":{"rendered":"<p>INFANTINO Projektor do \u0142\u00f3\u017ceczka 2 w 1 Nr kat.: 302048 Kolor: mi\u0119towy Urz\u0105dzenie, kt\u00f3re mo\u017ce by\u0107\u00a0projektorem\u00a0lub lampk\u0105 nocn\u0105, w zale\u017cno\u015bci<\/p>\n","protected":false},"featured_media":9111,"comment_status":"open","ping_status":"closed","template":"","meta":[],"product_brand":[],"product_cat":[17,3559],"product_tag":[],"class_list":{"0":"post-9016","1":"product","2":"type-product","3":"status-publish","4":"has-post-thumbnail","6":"product_cat-dla-najmlodszych","7":"product_cat-karuzelki-i-projektorki","9":"first","10":"instock","11":"shipping-taxable","12":"purchasable","13":"product-type-simple"},"_links":{"self":[{"href":"https:\/\/czas.m2web.pl\/index.php?rest_route=\/wp\/v2\/product\/9016","targetHints":{"allow":["GET"]}}],"collection":[{"href":"https:\/\/czas.m2web.pl\/index.php?rest_route=\/wp\/v2\/product"}],"about":[{"href":"https:\/\/czas.m2web.pl\/index.php?rest_route=\/wp\/v2\/types\/product"}],"replies":[{"embeddable":true,"href":"https:\/\/czas.m2web.pl\/index.php?rest_route=%2Fwp%2Fv2%2Fcomments&post=9016"}],"version-history":[{"count":0,"href":"https:\/\/czas.m2web.pl\/index.php?rest_route=\/wp\/v2\/product\/9016\/revisions"}],"wp:featuredmedia":[{"embeddable":true,"href":"https:\/\/czas.m2web.pl\/index.php?rest_route=\/wp\/v2\/media\/9111"}],"wp:attachment":[{"href":"https:\/\/czas.m2web.pl\/index.php?rest_route=%2Fwp%2Fv2%2Fmedia&parent=9016"}],"wp:term":[{"taxonomy":"product_brand","embeddable":true,"href":"https:\/\/czas.m2web.pl\/index.php?rest_route=%2Fwp%2Fv2%2Fproduct_brand&post=9016"},{"taxonomy":"product_cat","embeddable":true,"href":"https:\/\/czas.m2web.pl\/index.php?rest_route=%2Fwp%2Fv2%2Fproduct_cat&post=9016"},{"taxonomy":"product_tag","embeddable":true,"href":"https:\/\/czas.m2web.pl\/index.php?rest_route=%2Fwp%2Fv2%2Fproduct_tag&post=9016"}],"curies":[{"name":"wp","href":"https:\/\/api.w.org\/{rel}","templated":true}]}}