{"id":9021,"date":"2026-01-04T23:28:55","date_gmt":"2026-01-04T22:28:55","guid":{"rendered":"https:\/\/czas.m2web.pl\/?post_type=product&#038;p=9021"},"modified":"2026-01-04T23:29:39","modified_gmt":"2026-01-04T22:29:39","slug":"ceramiczny-kubek-340-ml-wednesday-503640","status":"publish","type":"product","link":"https:\/\/czas.m2web.pl\/?product=ceramiczny-kubek-340-ml-wednesday-503640","title":{"rendered":"Ceramiczny kubek 340 ml WEDNESDAY 503640"},"content":{"rendered":"<section class=\"section\">\n<div class=\"item item-6\">\n<section class=\"image-item\">\n            <img decoding=\"async\" src=\"https:\/\/upload.cdn.baselinker.com\/products\/3029707\/4fb3d30066bbe52a64f5b9a05262b0b7.jpg\" \/><br \/>\n        <\/section>\n<\/p><\/div>\n<div class=\"item item-6\">\n<section class=\"text-item\">\n<h1>Ceramiczny kubek 340 ml WEDNESDAY<\/h1>\n<p>Diakakis 503640<\/p>\n<p>Kubek ceramiczny o pojemno\u015bci 340 ml z ulubion\u0105 postaci\u0105 z bajki.<\/p>\n<p>Mo\u017cna u\u017cywa\u0107 w mikrofal\u00f3wce.<\/p>\n<p>Zapakowany jest w ozdobne opakowanie.<\/p>\n<p>Doskona\u0142y na prezent.<\/p>\n<p>Wymiary opakowania: 11,5 x 10,5 x 8,5 cm.<\/p>\n<p>Wiek: 8+.<\/p>\n<\/section><\/div>\n<\/section>\n<section class=\"section\">\n<div class=\"item item-12\">\n<section class=\"image-item\">\n            <img decoding=\"async\" src=\"https:\/\/upload.cdn.baselinker.com\/products\/3029707\/4fb3d30066bbe52a64f5b9a05262b0b7.jpg\" \/><br \/>\n        <\/section>\n<\/p><\/div>\n<\/section>\n<section class=\"section\">\n<div class=\"item item-12\">\n<section class=\"image-item\">\n            <img decoding=\"async\" src=\"https:\/\/upload.cdn.baselinker.com\/products\/3029707\/4fb3d30066bbe52a64f5b9a05262b0b7.jpg\" \/><br \/>\n        <\/section>\n<\/p><\/div>\n<\/section>\n<section class=\"section\">\n<div class=\"item item-12\">\n<section class=\"image-item\">\n            <img decoding=\"async\" src=\"https:\/\/upload.cdn.baselinker.com\/products\/3029707\/dbe1b772e1e41c4de3c1b76667119df7.jpg\" \/><br \/>\n        <\/section>\n<\/p><\/div>\n<\/section>\n","protected":false},"excerpt":{"rendered":"<p>Ceramiczny kubek 340 ml WEDNESDAY Diakakis 503640 Kubek ceramiczny o pojemno\u015bci 340 ml z ulubion\u0105 postaci\u0105 z bajki. Mo\u017cna u\u017cywa\u0107<\/p>\n","protected":false},"featured_media":9156,"comment_status":"open","ping_status":"closed","template":"","meta":[],"product_brand":[],"product_cat":[284],"product_tag":[],"class_list":{"0":"post-9021","1":"product","2":"type-product","3":"status-publish","4":"has-post-thumbnail","6":"product_cat-dla-dziewczynki","8":"first","9":"instock","10":"shipping-taxable","11":"purchasable","12":"product-type-simple"},"_links":{"self":[{"href":"https:\/\/czas.m2web.pl\/index.php?rest_route=\/wp\/v2\/product\/9021","targetHints":{"allow":["GET"]}}],"collection":[{"href":"https:\/\/czas.m2web.pl\/index.php?rest_route=\/wp\/v2\/product"}],"about":[{"href":"https:\/\/czas.m2web.pl\/index.php?rest_route=\/wp\/v2\/types\/product"}],"replies":[{"embeddable":true,"href":"https:\/\/czas.m2web.pl\/index.php?rest_route=%2Fwp%2Fv2%2Fcomments&post=9021"}],"version-history":[{"count":0,"href":"https:\/\/czas.m2web.pl\/index.php?rest_route=\/wp\/v2\/product\/9021\/revisions"}],"wp:featuredmedia":[{"embeddable":true,"href":"https:\/\/czas.m2web.pl\/index.php?rest_route=\/wp\/v2\/media\/9156"}],"wp:attachment":[{"href":"https:\/\/czas.m2web.pl\/index.php?rest_route=%2Fwp%2Fv2%2Fmedia&parent=9021"}],"wp:term":[{"taxonomy":"product_brand","embeddable":true,"href":"https:\/\/czas.m2web.pl\/index.php?rest_route=%2Fwp%2Fv2%2Fproduct_brand&post=9021"},{"taxonomy":"product_cat","embeddable":true,"href":"https:\/\/czas.m2web.pl\/index.php?rest_route=%2Fwp%2Fv2%2Fproduct_cat&post=9021"},{"taxonomy":"product_tag","embeddable":true,"href":"https:\/\/czas.m2web.pl\/index.php?rest_route=%2Fwp%2Fv2%2Fproduct_tag&post=9021"}],"curies":[{"name":"wp","href":"https:\/\/api.w.org\/{rel}","templated":true}]}}