{"id":9067,"date":"2026-01-04T23:29:16","date_gmt":"2026-01-04T22:29:16","guid":{"rendered":"https:\/\/czas.m2web.pl\/?post_type=product&#038;p=9067"},"modified":"2026-01-04T23:29:41","modified_gmt":"2026-01-04T22:29:41","slug":"zegarek-analogowy-w-puszce-frozen-564601","status":"publish","type":"product","link":"https:\/\/czas.m2web.pl\/?product=zegarek-analogowy-w-puszce-frozen-564601","title":{"rendered":"Zegarek analogowy w puszce FROZEN 564601"},"content":{"rendered":"<section class=\"section\">\n<div class=\"item item-6\">\n<section class=\"image-item\">\n            <img decoding=\"async\" src=\"https:\/\/upload.cdn.baselinker.com\/products\/3029707\/79e3e203bf57e1486414abfcf6dd74ff.jpg\" \/><br \/>\n        <\/section>\n<\/p><\/div>\n<div class=\"item item-6\">\n<section class=\"text-item\">\n<h1>Zegarek analogowy w puszce FROZEN (Kraina Lodu)<\/h1>\n<p>Diakakis 564601<\/p>\n<p><b>Zegarek analogowy\u00a0z motywem z animacji Kraina Lodu!<\/b><\/p>\n<p>D\u0142ugo\u015b\u0107 zegarka z paskiem: 22,5 cm.<\/p>\n<p>\u015arednica tarczy z obudow\u0105: 3,5 cm.<\/p>\n<ul>\n<li>Wymagane baterie: bateria guzikowa (LR626) &#8211; w zestawie.<\/li>\n<li>Zapakowany w metalow\u0105, ozdobn\u0105 puszk\u0119.<\/li>\n<li>Wiek: 3+.<\/li>\n<\/ul>\n<\/section><\/div>\n<\/section>\n<section class=\"section\">\n<div class=\"item item-12\">\n<section class=\"image-item\">\n            <img decoding=\"async\" src=\"https:\/\/upload.cdn.baselinker.com\/products\/3029707\/79e3e203bf57e1486414abfcf6dd74ff.jpg\" \/><br \/>\n        <\/section>\n<\/p><\/div>\n<\/section>\n<section class=\"section\">\n<div class=\"item item-12\">\n<section class=\"image-item\">\n            <img decoding=\"async\" src=\"https:\/\/upload.cdn.baselinker.com\/products\/3029707\/fed45f449b4f89119f24bd56d81b7a11.jpg\" \/><br \/>\n        <\/section>\n<\/p><\/div>\n<\/section>\n","protected":false},"excerpt":{"rendered":"<p>Zegarek analogowy w puszce FROZEN (Kraina Lodu) Diakakis 564601 Zegarek analogowy\u00a0z motywem z animacji Kraina Lodu! D\u0142ugo\u015b\u0107 zegarka z paskiem:<\/p>\n","protected":false},"featured_media":9161,"comment_status":"open","ping_status":"closed","template":"","meta":[],"product_brand":[],"product_cat":[284],"product_tag":[],"class_list":{"0":"post-9067","1":"product","2":"type-product","3":"status-publish","4":"has-post-thumbnail","6":"product_cat-dla-dziewczynki","8":"first","9":"instock","10":"shipping-taxable","11":"purchasable","12":"product-type-simple"},"_links":{"self":[{"href":"https:\/\/czas.m2web.pl\/index.php?rest_route=\/wp\/v2\/product\/9067","targetHints":{"allow":["GET"]}}],"collection":[{"href":"https:\/\/czas.m2web.pl\/index.php?rest_route=\/wp\/v2\/product"}],"about":[{"href":"https:\/\/czas.m2web.pl\/index.php?rest_route=\/wp\/v2\/types\/product"}],"replies":[{"embeddable":true,"href":"https:\/\/czas.m2web.pl\/index.php?rest_route=%2Fwp%2Fv2%2Fcomments&post=9067"}],"version-history":[{"count":0,"href":"https:\/\/czas.m2web.pl\/index.php?rest_route=\/wp\/v2\/product\/9067\/revisions"}],"wp:featuredmedia":[{"embeddable":true,"href":"https:\/\/czas.m2web.pl\/index.php?rest_route=\/wp\/v2\/media\/9161"}],"wp:attachment":[{"href":"https:\/\/czas.m2web.pl\/index.php?rest_route=%2Fwp%2Fv2%2Fmedia&parent=9067"}],"wp:term":[{"taxonomy":"product_brand","embeddable":true,"href":"https:\/\/czas.m2web.pl\/index.php?rest_route=%2Fwp%2Fv2%2Fproduct_brand&post=9067"},{"taxonomy":"product_cat","embeddable":true,"href":"https:\/\/czas.m2web.pl\/index.php?rest_route=%2Fwp%2Fv2%2Fproduct_cat&post=9067"},{"taxonomy":"product_tag","embeddable":true,"href":"https:\/\/czas.m2web.pl\/index.php?rest_route=%2Fwp%2Fv2%2Fproduct_tag&post=9067"}],"curies":[{"name":"wp","href":"https:\/\/api.w.org\/{rel}","templated":true}]}}