{"id":9068,"date":"2026-01-04T23:29:16","date_gmt":"2026-01-04T22:29:16","guid":{"rendered":"https:\/\/czas.m2web.pl\/?post_type=product&#038;p=9068"},"modified":"2026-01-04T23:29:42","modified_gmt":"2026-01-04T22:29:42","slug":"magnetyczne-puzzle-60-elem-lilo-stitch-565152","status":"publish","type":"product","link":"https:\/\/czas.m2web.pl\/?product=magnetyczne-puzzle-60-elem-lilo-stitch-565152","title":{"rendered":"Magnetyczne Puzzle 60 elem. LILO &amp; STITCH 565152"},"content":{"rendered":"<section class=\"section\">\n<div class=\"item item-6\">\n<section class=\"image-item\">\n            <img decoding=\"async\" src=\"https:\/\/upload.cdn.baselinker.com\/products\/3029707\/7a22a1f4563dd67b84ae1bad45ce04aa.jpg\" \/><br \/>\n        <\/section>\n<\/p><\/div>\n<div class=\"item item-6\">\n<section class=\"text-item\">\n<h1>Magnetyczne Puzzle 60 elem. LILO &amp; STITCH<\/h1>\n<p>Diakakis 565152<\/p>\n<p><b>Magnetyczne puzzle z bohaterami animacji Lilo &amp; Stitch!<\/b><\/p>\n<p>W zestawie 60 element\u00f3w (3 obrazki po 20 elem.).<\/p>\n<p>Puzzle mo\u017cna uk\u0142ada\u0107 wed\u0142ug wzoru z obrazk\u00f3w\u00a0na magnetycznej podk\u0142adce.<\/p>\n<p>Podk\u0142adk\u0119 mo\u017cna z\u0142o\u017cy\u0107 w ksi\u0105\u017ceczk\u0119.<\/p>\n<ul>\n<li>Liczba element\u00f3w: 60 szt.<\/li>\n<li>Wymiary opakowania: 18,5 x 18,5 x 1 cm<\/li>\n<li>Wiek: 3+.<\/li>\n<\/ul>\n<\/section><\/div>\n<\/section>\n<section class=\"section\">\n<div class=\"item item-12\">\n<section class=\"image-item\">\n            <img decoding=\"async\" src=\"https:\/\/upload.cdn.baselinker.com\/products\/3029707\/7a22a1f4563dd67b84ae1bad45ce04aa.jpg\" \/><br \/>\n        <\/section>\n<\/p><\/div>\n<\/section>\n<section class=\"section\">\n<div class=\"item item-12\">\n<section class=\"image-item\">\n            <img decoding=\"async\" src=\"https:\/\/upload.cdn.baselinker.com\/products\/3029707\/0cb15f8d89d65d64a67835527a7f9d91.jpg\" \/><br \/>\n        <\/section>\n<\/p><\/div>\n<\/section>\n<section class=\"section\">\n<div class=\"item item-12\">\n<section class=\"image-item\">\n            <img decoding=\"async\" src=\"https:\/\/upload.cdn.baselinker.com\/products\/3029707\/80ebaa236dc57e890bcd65341010bf13.jpg\" \/><br \/>\n        <\/section>\n<\/p><\/div>\n<\/section>\n<section class=\"section\">\n<div class=\"item item-12\">\n<section class=\"image-item\">\n            <img decoding=\"async\" src=\"https:\/\/upload.cdn.baselinker.com\/products\/3029707\/e50f2b8944d127c01c55bfa9e1e20332.jpg\" \/><br \/>\n        <\/section>\n<\/p><\/div>\n<\/section>\n","protected":false},"excerpt":{"rendered":"<p>Magnetyczne Puzzle 60 elem. LILO &amp; STITCH Diakakis 565152 Magnetyczne puzzle z bohaterami animacji Lilo &amp; Stitch! W zestawie 60<\/p>\n","protected":false},"featured_media":9163,"comment_status":"open","ping_status":"closed","template":"","meta":[],"product_brand":[],"product_cat":[285],"product_tag":[],"class_list":{"0":"post-9068","1":"product","2":"type-product","3":"status-publish","4":"has-post-thumbnail","6":"product_cat-zabawki-kreatywne","8":"first","9":"instock","10":"shipping-taxable","11":"purchasable","12":"product-type-simple"},"_links":{"self":[{"href":"https:\/\/czas.m2web.pl\/index.php?rest_route=\/wp\/v2\/product\/9068","targetHints":{"allow":["GET"]}}],"collection":[{"href":"https:\/\/czas.m2web.pl\/index.php?rest_route=\/wp\/v2\/product"}],"about":[{"href":"https:\/\/czas.m2web.pl\/index.php?rest_route=\/wp\/v2\/types\/product"}],"replies":[{"embeddable":true,"href":"https:\/\/czas.m2web.pl\/index.php?rest_route=%2Fwp%2Fv2%2Fcomments&post=9068"}],"version-history":[{"count":0,"href":"https:\/\/czas.m2web.pl\/index.php?rest_route=\/wp\/v2\/product\/9068\/revisions"}],"wp:featuredmedia":[{"embeddable":true,"href":"https:\/\/czas.m2web.pl\/index.php?rest_route=\/wp\/v2\/media\/9163"}],"wp:attachment":[{"href":"https:\/\/czas.m2web.pl\/index.php?rest_route=%2Fwp%2Fv2%2Fmedia&parent=9068"}],"wp:term":[{"taxonomy":"product_brand","embeddable":true,"href":"https:\/\/czas.m2web.pl\/index.php?rest_route=%2Fwp%2Fv2%2Fproduct_brand&post=9068"},{"taxonomy":"product_cat","embeddable":true,"href":"https:\/\/czas.m2web.pl\/index.php?rest_route=%2Fwp%2Fv2%2Fproduct_cat&post=9068"},{"taxonomy":"product_tag","embeddable":true,"href":"https:\/\/czas.m2web.pl\/index.php?rest_route=%2Fwp%2Fv2%2Fproduct_tag&post=9068"}],"curies":[{"name":"wp","href":"https:\/\/api.w.org\/{rel}","templated":true}]}}