{"id":907,"date":"2026-01-04T22:49:26","date_gmt":"2026-01-04T21:49:26","guid":{"rendered":"https:\/\/czas.m2web.pl\/?post_type=product&#038;p=907"},"modified":"2026-01-04T22:49:33","modified_gmt":"2026-01-04T21:49:33","slug":"harry-potter-quidditch-tryouts-gra-karciana-42733","status":"publish","type":"product","link":"https:\/\/czas.m2web.pl\/?product=harry-potter-quidditch-tryouts-gra-karciana-42733","title":{"rendered":"Harry Potter Quidditch Tryouts, gra karciana 42733"},"content":{"rendered":"<section class=\"section\">\n<div class=\"item item-6\">\n<section class=\"image-item\"><img decoding=\"async\" src=\"https:\/\/upload.cdn.baselinker.com\/products\/3029707\/7bcea11c426bd4945529ee0c99828d7a.jpg\"><\/section>\n<\/p><\/div>\n<div class=\"item item-6\">\n<section class=\"text-item\">\n<h1>Harry Potter Quidditch Tryouts gra karciana<\/h1>\n<p>Nr kat.: 42733<\/p>\n<p>Dopasowuj kolory i rzucaj swoje karty kafli na karty p\u0119tli. \u017beby wygra\u0107, musisz szybko my\u015ble\u0107 i jeszcze szybciej zdobywa\u0107 punkty! Gracz, kt\u00f3ry po wyczerpaniu wszystkich kart p\u0119tli b\u0119dzie mia\u0142 najwy\u017csz\u0105 liczb\u0119 punkt\u00f3w, zostanie nowym zawodnikiem Gryffindoru.<\/p>\n<p><b>Zawarto\u015b\u0107: 60 kart do gry, instrukcja.<\/b><\/p>\n<ul>\n<li>Wiek: 5+.<\/li>\n<li>Liczba graczy: 2-4.<\/li>\n<li>Wymiary opakowania: 11,5 x 12,5 x 4,5 cm.<\/li>\n<\/ul>\n<\/section><\/div>\n<\/section>\n<section class=\"section\">\n<div class=\"item item-12\">\n<section class=\"image-item\"><img decoding=\"async\" src=\"https:\/\/upload.cdn.baselinker.com\/products\/3029707\/7bcea11c426bd4945529ee0c99828d7a.jpg\"><\/section>\n<\/p><\/div>\n<\/section>\n<p><strong>Dodatkowe informacje:<\/strong><\/p>\n","protected":false},"excerpt":{"rendered":"<p>Harry Potter Quidditch Tryouts gra karciana Nr kat.: 42733 Dopasowuj kolory i rzucaj swoje karty kafli na karty p\u0119tli. \u017beby<\/p>\n","protected":false},"featured_media":947,"comment_status":"open","ping_status":"closed","template":"","meta":[],"product_brand":[],"product_cat":[16],"product_tag":[],"class_list":{"0":"post-907","1":"product","2":"type-product","3":"status-publish","4":"has-post-thumbnail","6":"product_cat-import","8":"first","9":"instock","10":"shipping-taxable","11":"purchasable","12":"product-type-simple"},"_links":{"self":[{"href":"https:\/\/czas.m2web.pl\/index.php?rest_route=\/wp\/v2\/product\/907","targetHints":{"allow":["GET"]}}],"collection":[{"href":"https:\/\/czas.m2web.pl\/index.php?rest_route=\/wp\/v2\/product"}],"about":[{"href":"https:\/\/czas.m2web.pl\/index.php?rest_route=\/wp\/v2\/types\/product"}],"replies":[{"embeddable":true,"href":"https:\/\/czas.m2web.pl\/index.php?rest_route=%2Fwp%2Fv2%2Fcomments&post=907"}],"version-history":[{"count":0,"href":"https:\/\/czas.m2web.pl\/index.php?rest_route=\/wp\/v2\/product\/907\/revisions"}],"wp:featuredmedia":[{"embeddable":true,"href":"https:\/\/czas.m2web.pl\/index.php?rest_route=\/wp\/v2\/media\/947"}],"wp:attachment":[{"href":"https:\/\/czas.m2web.pl\/index.php?rest_route=%2Fwp%2Fv2%2Fmedia&parent=907"}],"wp:term":[{"taxonomy":"product_brand","embeddable":true,"href":"https:\/\/czas.m2web.pl\/index.php?rest_route=%2Fwp%2Fv2%2Fproduct_brand&post=907"},{"taxonomy":"product_cat","embeddable":true,"href":"https:\/\/czas.m2web.pl\/index.php?rest_route=%2Fwp%2Fv2%2Fproduct_cat&post=907"},{"taxonomy":"product_tag","embeddable":true,"href":"https:\/\/czas.m2web.pl\/index.php?rest_route=%2Fwp%2Fv2%2Fproduct_tag&post=907"}],"curies":[{"name":"wp","href":"https:\/\/api.w.org\/{rel}","templated":true}]}}