{"id":9072,"date":"2026-01-04T23:29:16","date_gmt":"2026-01-04T22:29:16","guid":{"rendered":"https:\/\/czas.m2web.pl\/?post_type=product&#038;p=9072"},"modified":"2026-01-04T23:29:45","modified_gmt":"2026-01-04T22:29:45","slug":"latawiec-syrenka-115-x-63-cm-gunther-1113","status":"publish","type":"product","link":"https:\/\/czas.m2web.pl\/?product=latawiec-syrenka-115-x-63-cm-gunther-1113","title":{"rendered":"Latawiec Syrenka 115 x 63 cm Gunther 1113"},"content":{"rendered":"<section class=\"section\">\n<div class=\"item item-6\">\n<section class=\"image-item\">\n            <img decoding=\"async\" src=\"https:\/\/upload.cdn.baselinker.com\/products\/3029707\/fc8d0ec17621c8b9b70d118d840b78aa.jpg\" \/><br \/>\n        <\/section>\n<\/p><\/div>\n<div class=\"item item-6\">\n<section class=\"text-item\">\n<h1>GUNTHER Latawiec Syrenka<\/h1>\n<p>Nr kat.: 1113<\/p>\n<p><b>Licencyjny latawiec z bajkow\u0105 syrenk\u0105 niemieckiej firmy Gunther.<\/b><\/p>\n<p>Wykonany z wytrzyma\u0142ej folii polietylenowej.<\/p>\n<p>Latawiec doskona\u0142y do zabawy na \u015bwie\u017cym powietrzu i \u0142atwy w sterowaniu.<\/p>\n<p><b>Wymiary latawca: 115 cm x 63 cm.<\/b><\/p>\n<p>Idealny do u\u017cytkowania przy wietrze o pr\u0119dko\u015bci od 20 do 40 km\/h.<\/p>\n<p>Linka zako\u0144czona jest plastikowym uchwytem do trzymania.<\/p>\n<p><b>Wiek: 4+.<\/b><\/p>\n<\/section><\/div>\n<\/section>\n<section class=\"section\">\n<div class=\"item item-12\">\n<section class=\"image-item\">\n            <img decoding=\"async\" src=\"https:\/\/upload.cdn.baselinker.com\/products\/3029707\/fc8d0ec17621c8b9b70d118d840b78aa.jpg\" \/><br \/>\n        <\/section>\n<\/p><\/div>\n<\/section>\n<section class=\"section\">\n<div class=\"item item-12\">\n<section class=\"image-item\">\n            <img decoding=\"async\" src=\"https:\/\/upload.cdn.baselinker.com\/products\/3029707\/6c0d5199fd12ef50be96af569c943a7a.jpg\" \/><br \/>\n        <\/section>\n<\/p><\/div>\n<\/section>\n","protected":false},"excerpt":{"rendered":"<p>GUNTHER Latawiec Syrenka Nr kat.: 1113 Licencyjny latawiec z bajkow\u0105 syrenk\u0105 niemieckiej firmy Gunther. Wykonany z wytrzyma\u0142ej folii polietylenowej. Latawiec<\/p>\n","protected":false},"featured_media":9171,"comment_status":"open","ping_status":"closed","template":"","meta":[],"product_brand":[],"product_cat":[645,417],"product_tag":[],"class_list":{"0":"post-9072","1":"product","2":"type-product","3":"status-publish","4":"has-post-thumbnail","6":"product_cat-latawce-gunther","7":"product_cat-zabawki-outdoorowe","9":"first","10":"instock","11":"shipping-taxable","12":"purchasable","13":"product-type-simple"},"_links":{"self":[{"href":"https:\/\/czas.m2web.pl\/index.php?rest_route=\/wp\/v2\/product\/9072","targetHints":{"allow":["GET"]}}],"collection":[{"href":"https:\/\/czas.m2web.pl\/index.php?rest_route=\/wp\/v2\/product"}],"about":[{"href":"https:\/\/czas.m2web.pl\/index.php?rest_route=\/wp\/v2\/types\/product"}],"replies":[{"embeddable":true,"href":"https:\/\/czas.m2web.pl\/index.php?rest_route=%2Fwp%2Fv2%2Fcomments&post=9072"}],"version-history":[{"count":0,"href":"https:\/\/czas.m2web.pl\/index.php?rest_route=\/wp\/v2\/product\/9072\/revisions"}],"wp:featuredmedia":[{"embeddable":true,"href":"https:\/\/czas.m2web.pl\/index.php?rest_route=\/wp\/v2\/media\/9171"}],"wp:attachment":[{"href":"https:\/\/czas.m2web.pl\/index.php?rest_route=%2Fwp%2Fv2%2Fmedia&parent=9072"}],"wp:term":[{"taxonomy":"product_brand","embeddable":true,"href":"https:\/\/czas.m2web.pl\/index.php?rest_route=%2Fwp%2Fv2%2Fproduct_brand&post=9072"},{"taxonomy":"product_cat","embeddable":true,"href":"https:\/\/czas.m2web.pl\/index.php?rest_route=%2Fwp%2Fv2%2Fproduct_cat&post=9072"},{"taxonomy":"product_tag","embeddable":true,"href":"https:\/\/czas.m2web.pl\/index.php?rest_route=%2Fwp%2Fv2%2Fproduct_tag&post=9072"}],"curies":[{"name":"wp","href":"https:\/\/api.w.org\/{rel}","templated":true}]}}