{"id":9075,"date":"2026-01-04T23:29:16","date_gmt":"2026-01-04T22:29:16","guid":{"rendered":"https:\/\/czas.m2web.pl\/?post_type=product&#038;p=9075"},"modified":"2026-01-04T23:29:51","modified_gmt":"2026-01-04T22:29:51","slug":"infantino-projektor-muzyczna-karuzela-3w1-pudrowy-roz-302050","status":"publish","type":"product","link":"https:\/\/czas.m2web.pl\/?product=infantino-projektor-muzyczna-karuzela-3w1-pudrowy-roz-302050","title":{"rendered":"INFANTINO Projektor &#8211; Muzyczna Karuzela 3w1 Pudrowy r\u00f3\u017c 302050"},"content":{"rendered":"<section class=\"section\">\n<div class=\"item item-6\">\n<section class=\"image-item\">\n            <img decoding=\"async\" src=\"https:\/\/upload.cdn.baselinker.com\/products\/3029707\/a0b2aae6300aaa5d4ec027de0d63dbc1.jpg\" \/><br \/>\n        <\/section>\n<\/p><\/div>\n<div class=\"item item-6\">\n<section class=\"text-item\">\n<h1>INFANTINO Projektor &#8211; Muzyczna Karuzela 3 w 1 (pudrowy r\u00f3\u017c)<\/h1>\n<p>Nr kat.: 302050<\/p>\n<p>Wielofunkcyjny projektorek dostosowuje si\u0119 do r\u00f3\u017cnych etap\u00f3w rozwojowych Twojego male\u0144stwa:<\/p>\n<ul>\n<li>karuzelka z delikatnym \u015bwiat\u0142em i muzyk\u0105 0-5M,<\/li>\n<li>lampka nocna z muzyk\u0105 montowana na \u0142\u00f3\u017ceczko 6-18M,<\/li>\n<li>lampka z muzyk\u0105 na stolik nocny 18M+.<\/li>\n<\/ul>\n<p>Projektor wy\u015bwietla gwiazdki oraz gra koj\u0105ce melodie, kt\u00f3re uspokajaj\u0105 dziecko pomagaj\u0105c mu zasn\u0105\u0107. Na karuzeli, przy d\u017awi\u0119kach muzyki kr\u0119c\u0105 si\u0119 urocze zwierz\u0105tka.<\/p>\n<p>Urz\u0105dzenie posiada 2 tryby odtwarzania: tryb wybudzania i zasypiania.<\/p>\n<\/section><\/div>\n<\/section>\n<section class=\"section\">\n<div class=\"item item-6\">\n<section class=\"image-item\">\n            <img decoding=\"async\" src=\"https:\/\/upload.cdn.baselinker.com\/products\/3029707\/3070c7f4ef8b7ab845446fdc52faa197.jpg\" \/><br \/>\n        <\/section>\n<\/p><\/div>\n<div class=\"item item-6\">\n<section class=\"text-item\">\n<p>W trybie wybudzania:<\/p>\n<ul>\n<li>0-3 min. w\u0142\u0105czona jest tylko lampka.<\/li>\n<li>4-15 min. w\u0142\u0105czona jest lampka i muzyka.<\/li>\n<li>16-20 min. w\u0142\u0105czona jest lampka muzyka i projektor.<\/li>\n<\/ul>\n<p>W trybie zasypiania:<\/p>\n<ul>\n<li>0-10 min. w\u0142\u0105czona jest muzyka, lampka oraz projektor.<\/li>\n<li>11-20 min. w\u0142\u0105czona jest tylko lampka nocna,<\/li>\n<li>pozosta\u0142e funkcje s\u0105 wy\u0142\u0105czone.<\/li>\n<\/ul>\n<p>Projektor odtwarza 6 melodii i 4 odg\u0142osy przyrody. Posiada funkcj\u0119 regulacji g\u0142o\u015bno\u015bci.<\/p>\n<p>Karuzelka 3 w 1 pomo\u017ce uciszy\u0107 maluszka \u015bwiate\u0142kami, ruchem oraz muzyk\u0105 i stworzy\u0107 mu rytua\u0142 zasypiania. Z \u0142atwo\u015bci\u0105 mo\u017cna przymocowa\u0107 j\u0105\u00a0do \u0142\u00f3\u017ceczka.<\/p>\n<ul>\n<li>Wymiary opakowania: 41 x 31 x 13 cm.<\/li>\n<li>Wymagane baterie 3 szt. AAA (nie za\u0142\u0105czone).<\/li>\n<li>Wiek: 0+.<\/li>\n<\/ul>\n<\/section><\/div>\n<\/section>\n<section class=\"section\">\n<div class=\"item item-12\">\n<section class=\"image-item\">\n            <img decoding=\"async\" src=\"https:\/\/upload.cdn.baselinker.com\/products\/3029707\/a0b2aae6300aaa5d4ec027de0d63dbc1.jpg\" \/><br \/>\n        <\/section>\n<\/p><\/div>\n<\/section>\n<section class=\"section\">\n<div class=\"item item-12\">\n<section class=\"image-item\">\n            <img decoding=\"async\" src=\"https:\/\/upload.cdn.baselinker.com\/products\/3029707\/b95c6fc003b7ae45fd5cb8d426d92ac9.jpg\" \/><br \/>\n        <\/section>\n<\/p><\/div>\n<\/section>\n<section class=\"section\">\n<div class=\"item item-12\">\n<section class=\"image-item\">\n            <img decoding=\"async\" src=\"https:\/\/upload.cdn.baselinker.com\/products\/3029707\/3b7ba8354081551abdd47e246d3de208.jpg\" \/><br \/>\n        <\/section>\n<\/p><\/div>\n<\/section>\n<section class=\"section\">\n<div class=\"item item-12\">\n<section class=\"image-item\">\n            <img decoding=\"async\" src=\"https:\/\/upload.cdn.baselinker.com\/products\/3029707\/340e4b25902b895454b97521ae8579be.jpg\" \/><br \/>\n        <\/section>\n<\/p><\/div>\n<\/section>\n<section class=\"section\">\n<div class=\"item item-12\">\n<section class=\"image-item\">\n            <img decoding=\"async\" src=\"https:\/\/upload.cdn.baselinker.com\/products\/3029707\/eef4b1ea704d3cff29a3af247a648041.jpg\" \/><br \/>\n        <\/section>\n<\/p><\/div>\n<\/section>\n","protected":false},"excerpt":{"rendered":"<p>INFANTINO Projektor &#8211; Muzyczna Karuzela 3 w 1 (pudrowy r\u00f3\u017c) Nr kat.: 302050 Wielofunkcyjny projektorek dostosowuje si\u0119 do r\u00f3\u017cnych etap\u00f3w<\/p>\n","protected":false},"featured_media":9182,"comment_status":"open","ping_status":"closed","template":"","meta":[],"product_brand":[],"product_cat":[17,3559],"product_tag":[],"class_list":{"0":"post-9075","1":"product","2":"type-product","3":"status-publish","4":"has-post-thumbnail","6":"product_cat-dla-najmlodszych","7":"product_cat-karuzelki-i-projektorki","9":"first","10":"instock","11":"shipping-taxable","12":"purchasable","13":"product-type-simple"},"_links":{"self":[{"href":"https:\/\/czas.m2web.pl\/index.php?rest_route=\/wp\/v2\/product\/9075","targetHints":{"allow":["GET"]}}],"collection":[{"href":"https:\/\/czas.m2web.pl\/index.php?rest_route=\/wp\/v2\/product"}],"about":[{"href":"https:\/\/czas.m2web.pl\/index.php?rest_route=\/wp\/v2\/types\/product"}],"replies":[{"embeddable":true,"href":"https:\/\/czas.m2web.pl\/index.php?rest_route=%2Fwp%2Fv2%2Fcomments&post=9075"}],"version-history":[{"count":0,"href":"https:\/\/czas.m2web.pl\/index.php?rest_route=\/wp\/v2\/product\/9075\/revisions"}],"wp:featuredmedia":[{"embeddable":true,"href":"https:\/\/czas.m2web.pl\/index.php?rest_route=\/wp\/v2\/media\/9182"}],"wp:attachment":[{"href":"https:\/\/czas.m2web.pl\/index.php?rest_route=%2Fwp%2Fv2%2Fmedia&parent=9075"}],"wp:term":[{"taxonomy":"product_brand","embeddable":true,"href":"https:\/\/czas.m2web.pl\/index.php?rest_route=%2Fwp%2Fv2%2Fproduct_brand&post=9075"},{"taxonomy":"product_cat","embeddable":true,"href":"https:\/\/czas.m2web.pl\/index.php?rest_route=%2Fwp%2Fv2%2Fproduct_cat&post=9075"},{"taxonomy":"product_tag","embeddable":true,"href":"https:\/\/czas.m2web.pl\/index.php?rest_route=%2Fwp%2Fv2%2Fproduct_tag&post=9075"}],"curies":[{"name":"wp","href":"https:\/\/api.w.org\/{rel}","templated":true}]}}