{"id":9077,"date":"2026-01-04T23:29:16","date_gmt":"2026-01-04T22:29:16","guid":{"rendered":"https:\/\/czas.m2web.pl\/?post_type=product&#038;p=9077"},"modified":"2026-01-04T23:29:56","modified_gmt":"2026-01-04T22:29:56","slug":"maisto-datsun-240z-1971-1-18-31170-bu","status":"publish","type":"product","link":"https:\/\/czas.m2web.pl\/?product=maisto-datsun-240z-1971-1-18-31170-bu","title":{"rendered":"MAISTO Datsun 240Z 1971 1\/18 31170 BU"},"content":{"rendered":"<section class=\"section\">\n<div class=\"item item-6\">\n<section class=\"image-item\">\n            <img decoding=\"async\" src=\"https:\/\/upload.cdn.baselinker.com\/products\/3029707\/90970418d86700a3ca201f353549f719.jpg\" \/><br \/>\n        <\/section>\n<\/p><\/div>\n<div class=\"item item-6\">\n<section class=\"text-item\">\n<h1>MAISTO SRT Datsun 240Z 1971<\/h1>\n<p>Nr kat.: 31170BU<\/p>\n<p>Skala: 1\/18<\/p>\n<p>Kolor: niebieski metalik<\/p>\n<p><b>Materia\u0142: metal (nadwozie)\/plastik\/guma<\/b><\/p>\n<p>Wysokiej jako\u015bci metalowy model pojazdu wykonany przez firm\u0119 MaiSto.<\/p>\n<p>Charakteryzuje si\u0119 ruchomymi elementami oraz dba\u0142o\u015bci\u0105 o ka\u017cdy szczeg\u00f3\u0142.<\/p>\n<p><b>Model posiada dzia\u0142aj\u0105cy uk\u0142ad kierowniczy \u2013 skr\u0119tne ko\u0142a i kierownic\u0119.<\/b><\/p>\n<p><b>Dodatkowo wyposa\u017cony jest w amortyzowane zawieszenie.<\/b><\/p>\n<p><b>Ca\u0142o\u015bci dope\u0142niaj\u0105 otwierane elementy \u2013 drzwi, klapa silnika i baga\u017cnik.<\/b><\/p>\n<p><b>Dzi\u0119ki podstawce ekspozycyjnej znajduj\u0105cej si\u0119 w zestawie model doskonale prezentuje si\u0119 jako eksponat na p\u00f3\u0142ce lub biurku kolekcjonera.<\/b><\/p>\n<p>Wymiary opakowania: szer. 33 cm, wys. 12,5 cm, g\u0142. 16,5 cm.<\/p>\n<p>Wiek: 3+.<\/p>\n<\/section><\/div>\n<\/section>\n<section class=\"section\">\n<div class=\"item item-12\">\n<section class=\"image-item\">\n            <img decoding=\"async\" src=\"https:\/\/upload.cdn.baselinker.com\/products\/3029707\/a47db5a3d3e2fc6ec5ecc08810320c6e.jpg\" \/><br \/>\n        <\/section>\n<\/p><\/div>\n<\/section>\n<section class=\"section\">\n<div class=\"item item-12\">\n<section class=\"image-item\">\n            <img decoding=\"async\" src=\"https:\/\/upload.cdn.baselinker.com\/products\/3029707\/5e04dcdd6164a1d681660e5d0b106d32.jpg\" \/><br \/>\n        <\/section>\n<\/p><\/div>\n<\/section>\n<section class=\"section\">\n<div class=\"item item-12\">\n<section class=\"image-item\">\n            <img decoding=\"async\" src=\"https:\/\/upload.cdn.baselinker.com\/products\/3029707\/a5bbe9f1199a74b016a454f3c74c6f19.jpg\" \/><br \/>\n        <\/section>\n<\/p><\/div>\n<\/section>\n<section class=\"section\">\n<div class=\"item item-12\">\n<section class=\"image-item\">\n            <img decoding=\"async\" src=\"https:\/\/upload.cdn.baselinker.com\/products\/3029707\/2782560029056663d54cd9c08259ca47.jpg\" \/><br \/>\n        <\/section>\n<\/p><\/div>\n<\/section>\n<section class=\"section\">\n<div class=\"item item-12\">\n<section class=\"image-item\">\n            <img decoding=\"async\" src=\"https:\/\/upload.cdn.baselinker.com\/products\/3029707\/3f40206f8556b46c1abad353f0d241bc.jpg\" \/><br \/>\n        <\/section>\n<\/p><\/div>\n<\/section>\n","protected":false},"excerpt":{"rendered":"<p>MAISTO SRT Datsun 240Z 1971 Nr kat.: 31170BU Skala: 1\/18 Kolor: niebieski metalik Materia\u0142: metal (nadwozie)\/plastik\/guma Wysokiej jako\u015bci metalowy model<\/p>\n","protected":false},"featured_media":9194,"comment_status":"open","ping_status":"closed","template":"","meta":[],"product_brand":[],"product_cat":[286,21,22],"product_tag":[],"class_list":{"0":"post-9077","1":"product","2":"type-product","3":"status-publish","4":"has-post-thumbnail","6":"product_cat-modele-118","7":"product_cat-pojazdy-2","8":"product_cat-samochody","10":"first","11":"instock","12":"shipping-taxable","13":"purchasable","14":"product-type-simple"},"_links":{"self":[{"href":"https:\/\/czas.m2web.pl\/index.php?rest_route=\/wp\/v2\/product\/9077","targetHints":{"allow":["GET"]}}],"collection":[{"href":"https:\/\/czas.m2web.pl\/index.php?rest_route=\/wp\/v2\/product"}],"about":[{"href":"https:\/\/czas.m2web.pl\/index.php?rest_route=\/wp\/v2\/types\/product"}],"replies":[{"embeddable":true,"href":"https:\/\/czas.m2web.pl\/index.php?rest_route=%2Fwp%2Fv2%2Fcomments&post=9077"}],"version-history":[{"count":0,"href":"https:\/\/czas.m2web.pl\/index.php?rest_route=\/wp\/v2\/product\/9077\/revisions"}],"wp:featuredmedia":[{"embeddable":true,"href":"https:\/\/czas.m2web.pl\/index.php?rest_route=\/wp\/v2\/media\/9194"}],"wp:attachment":[{"href":"https:\/\/czas.m2web.pl\/index.php?rest_route=%2Fwp%2Fv2%2Fmedia&parent=9077"}],"wp:term":[{"taxonomy":"product_brand","embeddable":true,"href":"https:\/\/czas.m2web.pl\/index.php?rest_route=%2Fwp%2Fv2%2Fproduct_brand&post=9077"},{"taxonomy":"product_cat","embeddable":true,"href":"https:\/\/czas.m2web.pl\/index.php?rest_route=%2Fwp%2Fv2%2Fproduct_cat&post=9077"},{"taxonomy":"product_tag","embeddable":true,"href":"https:\/\/czas.m2web.pl\/index.php?rest_route=%2Fwp%2Fv2%2Fproduct_tag&post=9077"}],"curies":[{"name":"wp","href":"https:\/\/api.w.org\/{rel}","templated":true}]}}