{"id":912,"date":"2026-01-04T22:49:26","date_gmt":"2026-01-04T21:49:26","guid":{"rendered":"https:\/\/czas.m2web.pl\/?post_type=product&#038;p=912"},"modified":"2026-01-04T22:49:35","modified_gmt":"2026-01-04T21:49:35","slug":"harry-potter-duelling-practice-gra-karciana","status":"publish","type":"product","link":"https:\/\/czas.m2web.pl\/?product=harry-potter-duelling-practice-gra-karciana","title":{"rendered":"Harry Potter Duelling Practice gra karciana"},"content":{"rendered":"<section class=\"section\">\n<div class=\"item item-6\">\n<section class=\"image-item\"><img decoding=\"async\" src=\"https:\/\/upload.cdn.baselinker.com\/products\/3029707\/1d4f879227ca61c3eac54716d5bc5bdf.jpg\"><\/section>\n<\/p><\/div>\n<div class=\"item item-6\">\n<section class=\"text-item\">\n<h1>Harry Potter Duelling Practice gra karciana z figurkami<\/h1>\n<p>Nr kat.: 60157<\/p>\n<p>Zagraj jako Harry lub Draco i sta\u0144 do pojedynku. U\u017cywaj kart czar\u00f3w, aby zrzuci\u0107 przeciwnika z podium.<\/p>\n<p>Uwa\u017caj! Ka\u017cde zakl\u0119cie ma okre\u015blon\u0105 moc! Wygraj trzy rundy i zwyci\u0119\u017c ca\u0142y pojedynek.<\/p>\n<p><b>Zawarto\u015b\u0107: 55 kart do gry, 2 figurki (do samodzielnego z\u0142o\u017cenia), instrukcja.<\/b><\/p>\n<ul>\n<li>Wiek: 5+.<\/li>\n<li>Liczba graczy: 2+.<\/li>\n<li>Wymiary opakowania: 16,5 x 22,5 x 3 cm.<\/li>\n<\/ul>\n<\/section><\/div>\n<\/section>\n<section class=\"section\">\n<div class=\"item item-12\">\n<section class=\"image-item\"><img decoding=\"async\" src=\"https:\/\/upload.cdn.baselinker.com\/products\/3029707\/1d4f879227ca61c3eac54716d5bc5bdf.jpg\"><\/section>\n<\/p><\/div>\n<\/section>\n<p><strong>Dodatkowe informacje:<\/strong><\/p>\n","protected":false},"excerpt":{"rendered":"<p>Harry Potter Duelling Practice gra karciana z figurkami Nr kat.: 60157 Zagraj jako Harry lub Draco i sta\u0144 do pojedynku.<\/p>\n","protected":false},"featured_media":954,"comment_status":"open","ping_status":"closed","template":"","meta":[],"product_brand":[],"product_cat":[16],"product_tag":[],"class_list":{"0":"post-912","1":"product","2":"type-product","3":"status-publish","4":"has-post-thumbnail","6":"product_cat-import","8":"first","9":"instock","10":"shipping-taxable","11":"purchasable","12":"product-type-simple"},"_links":{"self":[{"href":"https:\/\/czas.m2web.pl\/index.php?rest_route=\/wp\/v2\/product\/912","targetHints":{"allow":["GET"]}}],"collection":[{"href":"https:\/\/czas.m2web.pl\/index.php?rest_route=\/wp\/v2\/product"}],"about":[{"href":"https:\/\/czas.m2web.pl\/index.php?rest_route=\/wp\/v2\/types\/product"}],"replies":[{"embeddable":true,"href":"https:\/\/czas.m2web.pl\/index.php?rest_route=%2Fwp%2Fv2%2Fcomments&post=912"}],"version-history":[{"count":0,"href":"https:\/\/czas.m2web.pl\/index.php?rest_route=\/wp\/v2\/product\/912\/revisions"}],"wp:featuredmedia":[{"embeddable":true,"href":"https:\/\/czas.m2web.pl\/index.php?rest_route=\/wp\/v2\/media\/954"}],"wp:attachment":[{"href":"https:\/\/czas.m2web.pl\/index.php?rest_route=%2Fwp%2Fv2%2Fmedia&parent=912"}],"wp:term":[{"taxonomy":"product_brand","embeddable":true,"href":"https:\/\/czas.m2web.pl\/index.php?rest_route=%2Fwp%2Fv2%2Fproduct_brand&post=912"},{"taxonomy":"product_cat","embeddable":true,"href":"https:\/\/czas.m2web.pl\/index.php?rest_route=%2Fwp%2Fv2%2Fproduct_cat&post=912"},{"taxonomy":"product_tag","embeddable":true,"href":"https:\/\/czas.m2web.pl\/index.php?rest_route=%2Fwp%2Fv2%2Fproduct_tag&post=912"}],"curies":[{"name":"wp","href":"https:\/\/api.w.org\/{rel}","templated":true}]}}