{"id":913,"date":"2026-01-04T22:49:26","date_gmt":"2026-01-04T21:49:26","guid":{"rendered":"https:\/\/czas.m2web.pl\/?post_type=product&#038;p=913"},"modified":"2026-01-04T22:49:36","modified_gmt":"2026-01-04T21:49:36","slug":"harry-potter-pet-quest-gra-karciana-z-figurkami","status":"publish","type":"product","link":"https:\/\/czas.m2web.pl\/?product=harry-potter-pet-quest-gra-karciana-z-figurkami","title":{"rendered":"Harry Potter Pet Quest gra karciana z figurkami"},"content":{"rendered":"<section class=\"section\">\n<div class=\"item item-6\">\n<section class=\"image-item\"><img decoding=\"async\" src=\"https:\/\/upload.cdn.baselinker.com\/products\/3029707\/33b0e131a286db182adeb1396b65d626.jpg\"><\/section>\n<\/p><\/div>\n<div class=\"item item-6\">\n<section class=\"text-item\">\n<h1>Harry Potter Pet Quest gra karciana z figurkami<\/h1>\n<p>Nr kat.: 60164<\/p>\n<p>Odwracaj karty, \u017ceby znale\u017a\u0107 pary i swoje zwierz\u0105tko. Ale uwaga! Mo\u017cesz obr\u00f3ci\u0107 tylko te karty, kt\u00f3re s\u0105 w zasi\u0119gu Twojego wzroku! Znajd\u017a kart\u0119 Krzywo\u0142apa lub Parszywka na drugiej siatce kart, aby wygra\u0107 gr\u0119.<\/p>\n<p><b>Zawarto\u015b\u0107: 55 kart do gry, 2 figurki (do samodzielnego z\u0142o\u017cenia), instrukcja.<\/b><\/p>\n<ul>\n<li>Wiek: 5+.<\/li>\n<li>Liczba graczy: 2+.<\/li>\n<li>Wymiary opakowania: 16,5 x 22,5 x 3 cm.<\/li>\n<\/ul>\n<\/section><\/div>\n<\/section>\n<section class=\"section\">\n<div class=\"item item-12\">\n<section class=\"image-item\"><img decoding=\"async\" src=\"https:\/\/upload.cdn.baselinker.com\/products\/3029707\/42a21550e4474658daf202a9ff5da89a.jpg\"><\/section>\n<\/p><\/div>\n<\/section>\n<section class=\"section\">\n<div class=\"item item-12\">\n<section class=\"image-item\"><img decoding=\"async\" src=\"https:\/\/upload.cdn.baselinker.com\/products\/3029707\/33b0e131a286db182adeb1396b65d626.jpg\"><\/section>\n<\/p><\/div>\n<\/section>\n<p><strong>Dodatkowe informacje:<\/strong><\/p>\n","protected":false},"excerpt":{"rendered":"<p>Harry Potter Pet Quest gra karciana z figurkami Nr kat.: 60164 Odwracaj karty, \u017ceby znale\u017a\u0107 pary i swoje zwierz\u0105tko. Ale<\/p>\n","protected":false},"featured_media":955,"comment_status":"open","ping_status":"closed","template":"","meta":[],"product_brand":[],"product_cat":[16],"product_tag":[],"class_list":{"0":"post-913","1":"product","2":"type-product","3":"status-publish","4":"has-post-thumbnail","6":"product_cat-import","8":"first","9":"instock","10":"shipping-taxable","11":"purchasable","12":"product-type-simple"},"_links":{"self":[{"href":"https:\/\/czas.m2web.pl\/index.php?rest_route=\/wp\/v2\/product\/913","targetHints":{"allow":["GET"]}}],"collection":[{"href":"https:\/\/czas.m2web.pl\/index.php?rest_route=\/wp\/v2\/product"}],"about":[{"href":"https:\/\/czas.m2web.pl\/index.php?rest_route=\/wp\/v2\/types\/product"}],"replies":[{"embeddable":true,"href":"https:\/\/czas.m2web.pl\/index.php?rest_route=%2Fwp%2Fv2%2Fcomments&post=913"}],"version-history":[{"count":0,"href":"https:\/\/czas.m2web.pl\/index.php?rest_route=\/wp\/v2\/product\/913\/revisions"}],"wp:featuredmedia":[{"embeddable":true,"href":"https:\/\/czas.m2web.pl\/index.php?rest_route=\/wp\/v2\/media\/955"}],"wp:attachment":[{"href":"https:\/\/czas.m2web.pl\/index.php?rest_route=%2Fwp%2Fv2%2Fmedia&parent=913"}],"wp:term":[{"taxonomy":"product_brand","embeddable":true,"href":"https:\/\/czas.m2web.pl\/index.php?rest_route=%2Fwp%2Fv2%2Fproduct_brand&post=913"},{"taxonomy":"product_cat","embeddable":true,"href":"https:\/\/czas.m2web.pl\/index.php?rest_route=%2Fwp%2Fv2%2Fproduct_cat&post=913"},{"taxonomy":"product_tag","embeddable":true,"href":"https:\/\/czas.m2web.pl\/index.php?rest_route=%2Fwp%2Fv2%2Fproduct_tag&post=913"}],"curies":[{"name":"wp","href":"https:\/\/api.w.org\/{rel}","templated":true}]}}