{"id":9143,"date":"2026-01-04T23:29:38","date_gmt":"2026-01-04T22:29:38","guid":{"rendered":"https:\/\/czas.m2web.pl\/?post_type=product&#038;p=9143"},"modified":"2026-01-04T23:30:00","modified_gmt":"2026-01-04T22:30:00","slug":"maisto-design-ciezarowka-mack-anthem-12389-bl","status":"publish","type":"product","link":"https:\/\/czas.m2web.pl\/?product=maisto-design-ciezarowka-mack-anthem-12389-bl","title":{"rendered":"MAISTO DESIGN Ci\u0119\u017car\u00f3wka Mack Anthem 12389 BL"},"content":{"rendered":"<section class=\"section\">\n<div class=\"item item-6\">\n<section class=\"image-item\">\n            <img decoding=\"async\" src=\"https:\/\/upload.cdn.baselinker.com\/products\/3029707\/f08e298170d7c86d71568fcb480d1225.jpg\" \/><br \/>\n        <\/section>\n<\/p><\/div>\n<div class=\"item item-6\">\n<section class=\"text-item\">\n<h1>MAISTO DESIGN Ci\u0119\u017car\u00f3wka &#8211; Ci\u0105gnik siod\u0142owy Mack Anthen<\/h1>\n<p>Nr kat.: 12389\/62195<\/p>\n<p>Kolor: niebiesko-czarny<\/p>\n<p>Pojazd w skali 1:64, wykonany z metalu (kabina) z plastikowymi elementami.<\/p>\n<p><b>Posiada otwieran\u0105 mask\u0119.<\/b><\/p>\n<p>D\u0142ugo\u015b\u0107 pojazdu: ok. 14,5 cm.<\/p>\n<p>Wymiary opakowania: szer. 16,5 cm, wys. 8,5 cm, g\u0142. 8 cm.<\/p>\n<p>Wiek: 8+.<\/p>\n<\/section><\/div>\n<\/section>\n<section class=\"section\">\n<div class=\"item item-12\">\n<section class=\"image-item\">\n            <img decoding=\"async\" src=\"https:\/\/upload.cdn.baselinker.com\/products\/3029707\/f08e298170d7c86d71568fcb480d1225.jpg\" \/><br \/>\n        <\/section>\n<\/p><\/div>\n<\/section>\n","protected":false},"excerpt":{"rendered":"<p>MAISTO DESIGN Ci\u0119\u017car\u00f3wka &#8211; Ci\u0105gnik siod\u0142owy Mack Anthen Nr kat.: 12389\/62195 Kolor: niebiesko-czarny Pojazd w skali 1:64, wykonany z metalu<\/p>\n","protected":false},"featured_media":9220,"comment_status":"open","ping_status":"closed","template":"","meta":[],"product_brand":[],"product_cat":[21,23,22],"product_tag":[],"class_list":{"0":"post-9143","1":"product","2":"type-product","3":"status-publish","4":"has-post-thumbnail","6":"product_cat-pojazdy-2","7":"product_cat-pozostale-pojazdy","8":"product_cat-samochody","10":"first","11":"instock","12":"shipping-taxable","13":"purchasable","14":"product-type-simple"},"_links":{"self":[{"href":"https:\/\/czas.m2web.pl\/index.php?rest_route=\/wp\/v2\/product\/9143","targetHints":{"allow":["GET"]}}],"collection":[{"href":"https:\/\/czas.m2web.pl\/index.php?rest_route=\/wp\/v2\/product"}],"about":[{"href":"https:\/\/czas.m2web.pl\/index.php?rest_route=\/wp\/v2\/types\/product"}],"replies":[{"embeddable":true,"href":"https:\/\/czas.m2web.pl\/index.php?rest_route=%2Fwp%2Fv2%2Fcomments&post=9143"}],"version-history":[{"count":0,"href":"https:\/\/czas.m2web.pl\/index.php?rest_route=\/wp\/v2\/product\/9143\/revisions"}],"wp:featuredmedia":[{"embeddable":true,"href":"https:\/\/czas.m2web.pl\/index.php?rest_route=\/wp\/v2\/media\/9220"}],"wp:attachment":[{"href":"https:\/\/czas.m2web.pl\/index.php?rest_route=%2Fwp%2Fv2%2Fmedia&parent=9143"}],"wp:term":[{"taxonomy":"product_brand","embeddable":true,"href":"https:\/\/czas.m2web.pl\/index.php?rest_route=%2Fwp%2Fv2%2Fproduct_brand&post=9143"},{"taxonomy":"product_cat","embeddable":true,"href":"https:\/\/czas.m2web.pl\/index.php?rest_route=%2Fwp%2Fv2%2Fproduct_cat&post=9143"},{"taxonomy":"product_tag","embeddable":true,"href":"https:\/\/czas.m2web.pl\/index.php?rest_route=%2Fwp%2Fv2%2Fproduct_tag&post=9143"}],"curies":[{"name":"wp","href":"https:\/\/api.w.org\/{rel}","templated":true}]}}