{"id":9148,"date":"2026-01-04T23:29:38","date_gmt":"2026-01-04T22:29:38","guid":{"rendered":"https:\/\/czas.m2web.pl\/?post_type=product&#038;p=9148"},"modified":"2026-01-04T23:30:05","modified_gmt":"2026-01-04T22:30:05","slug":"diakakis-zegarek-cyfrowy-led-cinnamoroll-490231","status":"publish","type":"product","link":"https:\/\/czas.m2web.pl\/?product=diakakis-zegarek-cyfrowy-led-cinnamoroll-490231","title":{"rendered":"DIAKAKIS Zegarek cyfrowy LED Cinnamoroll 490231"},"content":{"rendered":"<section class=\"section\">\n<div class=\"item item-6\">\n<section class=\"image-item\">\n            <img decoding=\"async\" src=\"https:\/\/upload.cdn.baselinker.com\/products\/3029707\/9d79010d699d65ce354978d89c77a049.jpg\" \/><br \/>\n        <\/section>\n<\/p><\/div>\n<div class=\"item item-6\">\n<section class=\"text-item\">\n<h1>DIAKAKIS Zegarek cyfrowy LED Cinnamoroll<\/h1>\n<p>Nr kat.:\u00a04902231<\/p>\n<p><b>Zegarek cyfrowy LED <\/b><b>w kszta\u0142cie smartwatcha<\/b><b> z Cinnamoroll.<\/b><\/p>\n<p>Zegarek wy\u015bwietla godziny i minuty w dw\u00f3ch formatach &#8211; 12 lub 24-godzinnym oraz dat\u0119.<\/p>\n<p>Pasek zegarka wykonany jest z silikonu.<\/p>\n<p>Wymiary koperty zegarka: 3,5 x 3,5 x 1 cm.<\/p>\n<p>D\u0142ugo\u015b\u0107 zegarka z paskiem: 21,5 cm.<\/p>\n<p>D\u0142ugo\u015b\u0107 paska: 18 cm.<\/p>\n<p>Wymagane baterie: 1x CR2032 (3V) (1 szt.) &#8211; zawarta w zestawie.<\/p>\n<p>Zegarek zapakowany w blister.<\/p>\n<p>Wiek: 3+.<\/p>\n<\/section><\/div>\n<\/section>\n<section class=\"section\">\n<div class=\"item item-12\">\n<section class=\"image-item\">\n            <img decoding=\"async\" src=\"https:\/\/upload.cdn.baselinker.com\/products\/3029707\/3d448a4e658dd8ba353dc74694aaf528.jpg\" \/><br \/>\n        <\/section>\n<\/p><\/div>\n<\/section>\n<section class=\"section\">\n<div class=\"item item-12\">\n<section class=\"image-item\">\n            <img decoding=\"async\" src=\"https:\/\/upload.cdn.baselinker.com\/products\/3029707\/9d79010d699d65ce354978d89c77a049.jpg\" \/><br \/>\n        <\/section>\n<\/p><\/div>\n<\/section>\n","protected":false},"excerpt":{"rendered":"<p>DIAKAKIS Zegarek cyfrowy LED Cinnamoroll Nr kat.:\u00a04902231 Zegarek cyfrowy LED w kszta\u0142cie smartwatcha z Cinnamoroll. Zegarek wy\u015bwietla godziny i minuty<\/p>\n","protected":false},"featured_media":9229,"comment_status":"open","ping_status":"closed","template":"","meta":[],"product_brand":[],"product_cat":[122],"product_tag":[],"class_list":{"0":"post-9148","1":"product","2":"type-product","3":"status-publish","4":"has-post-thumbnail","6":"product_cat-artykuly-szkolne","8":"first","9":"instock","10":"shipping-taxable","11":"purchasable","12":"product-type-simple"},"_links":{"self":[{"href":"https:\/\/czas.m2web.pl\/index.php?rest_route=\/wp\/v2\/product\/9148","targetHints":{"allow":["GET"]}}],"collection":[{"href":"https:\/\/czas.m2web.pl\/index.php?rest_route=\/wp\/v2\/product"}],"about":[{"href":"https:\/\/czas.m2web.pl\/index.php?rest_route=\/wp\/v2\/types\/product"}],"replies":[{"embeddable":true,"href":"https:\/\/czas.m2web.pl\/index.php?rest_route=%2Fwp%2Fv2%2Fcomments&post=9148"}],"version-history":[{"count":0,"href":"https:\/\/czas.m2web.pl\/index.php?rest_route=\/wp\/v2\/product\/9148\/revisions"}],"wp:featuredmedia":[{"embeddable":true,"href":"https:\/\/czas.m2web.pl\/index.php?rest_route=\/wp\/v2\/media\/9229"}],"wp:attachment":[{"href":"https:\/\/czas.m2web.pl\/index.php?rest_route=%2Fwp%2Fv2%2Fmedia&parent=9148"}],"wp:term":[{"taxonomy":"product_brand","embeddable":true,"href":"https:\/\/czas.m2web.pl\/index.php?rest_route=%2Fwp%2Fv2%2Fproduct_brand&post=9148"},{"taxonomy":"product_cat","embeddable":true,"href":"https:\/\/czas.m2web.pl\/index.php?rest_route=%2Fwp%2Fv2%2Fproduct_cat&post=9148"},{"taxonomy":"product_tag","embeddable":true,"href":"https:\/\/czas.m2web.pl\/index.php?rest_route=%2Fwp%2Fv2%2Fproduct_tag&post=9148"}],"curies":[{"name":"wp","href":"https:\/\/api.w.org\/{rel}","templated":true}]}}