{"id":9150,"date":"2026-01-04T23:29:38","date_gmt":"2026-01-04T22:29:38","guid":{"rendered":"https:\/\/czas.m2web.pl\/?post_type=product&#038;p=9150"},"modified":"2026-01-04T23:30:07","modified_gmt":"2026-01-04T22:30:07","slug":"lunch-box-bidon-aluminiowy-pudelko-lilo-stitch-564929","status":"publish","type":"product","link":"https:\/\/czas.m2web.pl\/?product=lunch-box-bidon-aluminiowy-pudelko-lilo-stitch-564929","title":{"rendered":"Lunch Box Bidon aluminiowy + pude\u0142ko Lilo &amp; Stitch 564929"},"content":{"rendered":"<section class=\"section\">\n<div class=\"item item-6\">\n<section class=\"image-item\">\n            <img decoding=\"async\" src=\"https:\/\/upload.cdn.baselinker.com\/products\/3029707\/4fae4e9346538dfd6e9faef6463b8d02.jpg\" \/><br \/>\n        <\/section>\n<\/p><\/div>\n<div class=\"item item-6\">\n<section class=\"text-item\">\n<h1>Lunch Box Bidon aluminiowy + pude\u0142ko Lilo &amp; Stitch<\/h1>\n<p>564929 Diakakis<\/p>\n<p>W zestawie: bidon aluminiowy o pojemno\u015bci 500 ml oraz pude\u0142ko \u015bniadaniowe 800 ml.<\/p>\n<p>Sprawdzi si\u0119 doskonale w szkole, na pikniku i wycieczce.<\/p>\n<p>Zestaw zapakowany w oryginalne, ozdobne opakowanie z bohaterem animacji Lilo &amp; Stitch.<\/p>\n<p>Przeznaczony do kontaktu z \u017cywno\u015bci\u0105.<\/p>\n<p>Produkt wolny od zwiazk\u00f3w BPA.<\/p>\n<p>Wymiary opakowania: 20,5 x 22 x 7 cm.<\/p>\n<p>Wiek: 3+.<\/p>\n<\/section><\/div>\n<\/section>\n<section class=\"section\">\n<div class=\"item item-12\">\n<section class=\"image-item\">\n            <img decoding=\"async\" src=\"https:\/\/upload.cdn.baselinker.com\/products\/3029707\/92a1abce7f0128a3f57516f117891acd.jpg\" \/><br \/>\n        <\/section>\n<\/p><\/div>\n<\/section>\n<section class=\"section\">\n<div class=\"item item-12\">\n<section class=\"image-item\">\n            <img decoding=\"async\" src=\"https:\/\/upload.cdn.baselinker.com\/products\/3029707\/19d182ae9808a5611e95187e5ec5200d.jpg\" \/><br \/>\n        <\/section>\n<\/p><\/div>\n<\/section>\n<section class=\"section\">\n<div class=\"item item-12\">\n<section class=\"image-item\">\n            <img decoding=\"async\" src=\"https:\/\/upload.cdn.baselinker.com\/products\/3029707\/4fae4e9346538dfd6e9faef6463b8d02.jpg\" \/><br \/>\n        <\/section>\n<\/p><\/div>\n<\/section>\n","protected":false},"excerpt":{"rendered":"<p>Lunch Box Bidon aluminiowy + pude\u0142ko Lilo &amp; Stitch 564929 Diakakis W zestawie: bidon aluminiowy o pojemno\u015bci 500 ml oraz<\/p>\n","protected":false},"featured_media":9233,"comment_status":"open","ping_status":"closed","template":"","meta":[],"product_brand":[],"product_cat":[122],"product_tag":[],"class_list":{"0":"post-9150","1":"product","2":"type-product","3":"status-publish","4":"has-post-thumbnail","6":"product_cat-artykuly-szkolne","8":"first","9":"instock","10":"shipping-taxable","11":"purchasable","12":"product-type-simple"},"_links":{"self":[{"href":"https:\/\/czas.m2web.pl\/index.php?rest_route=\/wp\/v2\/product\/9150","targetHints":{"allow":["GET"]}}],"collection":[{"href":"https:\/\/czas.m2web.pl\/index.php?rest_route=\/wp\/v2\/product"}],"about":[{"href":"https:\/\/czas.m2web.pl\/index.php?rest_route=\/wp\/v2\/types\/product"}],"replies":[{"embeddable":true,"href":"https:\/\/czas.m2web.pl\/index.php?rest_route=%2Fwp%2Fv2%2Fcomments&post=9150"}],"version-history":[{"count":0,"href":"https:\/\/czas.m2web.pl\/index.php?rest_route=\/wp\/v2\/product\/9150\/revisions"}],"wp:featuredmedia":[{"embeddable":true,"href":"https:\/\/czas.m2web.pl\/index.php?rest_route=\/wp\/v2\/media\/9233"}],"wp:attachment":[{"href":"https:\/\/czas.m2web.pl\/index.php?rest_route=%2Fwp%2Fv2%2Fmedia&parent=9150"}],"wp:term":[{"taxonomy":"product_brand","embeddable":true,"href":"https:\/\/czas.m2web.pl\/index.php?rest_route=%2Fwp%2Fv2%2Fproduct_brand&post=9150"},{"taxonomy":"product_cat","embeddable":true,"href":"https:\/\/czas.m2web.pl\/index.php?rest_route=%2Fwp%2Fv2%2Fproduct_cat&post=9150"},{"taxonomy":"product_tag","embeddable":true,"href":"https:\/\/czas.m2web.pl\/index.php?rest_route=%2Fwp%2Fv2%2Fproduct_tag&post=9150"}],"curies":[{"name":"wp","href":"https:\/\/api.w.org\/{rel}","templated":true}]}}