{"id":9152,"date":"2026-01-04T23:29:38","date_gmt":"2026-01-04T22:29:38","guid":{"rendered":"https:\/\/czas.m2web.pl\/?post_type=product&#038;p=9152"},"modified":"2026-01-04T23:30:09","modified_gmt":"2026-01-04T22:30:09","slug":"pamietnik-pluszowy-z-dlugopisem-stitch-564853","status":"publish","type":"product","link":"https:\/\/czas.m2web.pl\/?product=pamietnik-pluszowy-z-dlugopisem-stitch-564853","title":{"rendered":"Pami\u0119tnik pluszowy z d\u0142ugopisem Stitch 564853"},"content":{"rendered":"<section class=\"section\">\n<div class=\"item item-6\">\n<section class=\"image-item\">\n            <img decoding=\"async\" src=\"https:\/\/upload.cdn.baselinker.com\/products\/3029707\/ce0bc3873c585eda1413491427b5ef36.jpg\" \/><br \/>\n        <\/section>\n<\/p><\/div>\n<div class=\"item item-6\">\n<section class=\"text-item\">\n<h1>Pami\u0119tnik pluszowy z d\u0142ugopisem &#8211; Stitch<\/h1>\n<p>564853 Diakakis<\/p>\n<p>Pami\u0119tnik pluszowy 3D w zestawie z d\u0142ugopisem (wk\u0142ady w 10 kolorach). D\u0142ugopis ozdobiony jest silikonowym Stitch&#8217;em. Wszystko zapakowane w \u0142adne opakowanie idelne na prezent.<\/p>\n<ul>\n<li>Wymiary pami\u0119tnika 20,5 x 14 cm.<\/li>\n<li>Wymiary opakowania: 24 x 24 cm.<\/li>\n<li>Wiek: 3+.<\/li>\n<\/ul>\n<\/section><\/div>\n<\/section>\n<section class=\"section\">\n<div class=\"item item-12\">\n<section class=\"image-item\">\n            <img decoding=\"async\" src=\"https:\/\/upload.cdn.baselinker.com\/products\/3029707\/ce0bc3873c585eda1413491427b5ef36.jpg\" \/><br \/>\n        <\/section>\n<\/p><\/div>\n<\/section>\n<section class=\"section\">\n<div class=\"item item-12\">\n<section class=\"image-item\">\n            <img decoding=\"async\" src=\"https:\/\/upload.cdn.baselinker.com\/products\/3029707\/d0818f9a032560ca9e3c53e893cda4e2.jpg\" \/><br \/>\n        <\/section>\n<\/p><\/div>\n<\/section>\n<section class=\"section\">\n<div class=\"item item-12\">\n<section class=\"image-item\">\n            <img decoding=\"async\" src=\"https:\/\/upload.cdn.baselinker.com\/products\/3029707\/626fd8eb762296a2b0cdeb5418e0bde4.jpg\" \/><br \/>\n        <\/section>\n<\/p><\/div>\n<\/section>\n","protected":false},"excerpt":{"rendered":"<p>Pami\u0119tnik pluszowy z d\u0142ugopisem &#8211; Stitch 564853 Diakakis Pami\u0119tnik pluszowy 3D w zestawie z d\u0142ugopisem (wk\u0142ady w 10 kolorach). D\u0142ugopis<\/p>\n","protected":false},"featured_media":9241,"comment_status":"open","ping_status":"closed","template":"","meta":[],"product_brand":[],"product_cat":[122],"product_tag":[],"class_list":{"0":"post-9152","1":"product","2":"type-product","3":"status-publish","4":"has-post-thumbnail","6":"product_cat-artykuly-szkolne","8":"first","9":"instock","10":"shipping-taxable","11":"purchasable","12":"product-type-simple"},"_links":{"self":[{"href":"https:\/\/czas.m2web.pl\/index.php?rest_route=\/wp\/v2\/product\/9152","targetHints":{"allow":["GET"]}}],"collection":[{"href":"https:\/\/czas.m2web.pl\/index.php?rest_route=\/wp\/v2\/product"}],"about":[{"href":"https:\/\/czas.m2web.pl\/index.php?rest_route=\/wp\/v2\/types\/product"}],"replies":[{"embeddable":true,"href":"https:\/\/czas.m2web.pl\/index.php?rest_route=%2Fwp%2Fv2%2Fcomments&post=9152"}],"version-history":[{"count":0,"href":"https:\/\/czas.m2web.pl\/index.php?rest_route=\/wp\/v2\/product\/9152\/revisions"}],"wp:featuredmedia":[{"embeddable":true,"href":"https:\/\/czas.m2web.pl\/index.php?rest_route=\/wp\/v2\/media\/9241"}],"wp:attachment":[{"href":"https:\/\/czas.m2web.pl\/index.php?rest_route=%2Fwp%2Fv2%2Fmedia&parent=9152"}],"wp:term":[{"taxonomy":"product_brand","embeddable":true,"href":"https:\/\/czas.m2web.pl\/index.php?rest_route=%2Fwp%2Fv2%2Fproduct_brand&post=9152"},{"taxonomy":"product_cat","embeddable":true,"href":"https:\/\/czas.m2web.pl\/index.php?rest_route=%2Fwp%2Fv2%2Fproduct_cat&post=9152"},{"taxonomy":"product_tag","embeddable":true,"href":"https:\/\/czas.m2web.pl\/index.php?rest_route=%2Fwp%2Fv2%2Fproduct_tag&post=9152"}],"curies":[{"name":"wp","href":"https:\/\/api.w.org\/{rel}","templated":true}]}}