{"id":9155,"date":"2026-01-04T23:29:38","date_gmt":"2026-01-04T22:29:38","guid":{"rendered":"https:\/\/czas.m2web.pl\/?post_type=product&#038;p=9155"},"modified":"2026-01-04T23:30:13","modified_gmt":"2026-01-04T22:30:13","slug":"pamietnik-pluszowy-z-dlugopisem-cinnamoroll-490136","status":"publish","type":"product","link":"https:\/\/czas.m2web.pl\/?product=pamietnik-pluszowy-z-dlugopisem-cinnamoroll-490136","title":{"rendered":"Pami\u0119tnik pluszowy z d\u0142ugopisem Cinnamoroll 490136"},"content":{"rendered":"<section class=\"section\">\n<div class=\"item item-6\">\n<section class=\"image-item\">\n            <img decoding=\"async\" src=\"https:\/\/upload.cdn.baselinker.com\/products\/3029707\/c88c7edf191eea70a63a6b01d20d3334.jpg\" \/><br \/>\n        <\/section>\n<\/p><\/div>\n<div class=\"item item-6\">\n<section class=\"text-item\">\n<h1>Pami\u0119tnik pluszowy z d\u0142ugopisem &#8211; Cinnamoroll<\/h1>\n<p>490136 Diakakis<\/p>\n<p>Pami\u0119tnik pluszowy 3D w zestawie z d\u0142ugopisem (wk\u0142ady w 10 kolorach). D\u0142ugopis ozdobiony jest silikonowym Cinnamoroll&#8217;em. Wszystko zapakowane w \u0142adne opakowanie idelne na prezent.<\/p>\n<ul>\n<li>Wymiary pami\u0119tnika 20,5 x 14 cm.<\/li>\n<li>Wymiary opakowania: 24 x 24 cm.<\/li>\n<li>Wiek: 3+.<\/li>\n<\/ul>\n<\/section><\/div>\n<\/section>\n<section class=\"section\">\n<div class=\"item item-12\">\n<section class=\"image-item\">\n            <img decoding=\"async\" src=\"https:\/\/upload.cdn.baselinker.com\/products\/3029707\/c88c7edf191eea70a63a6b01d20d3334.jpg\" \/><br \/>\n        <\/section>\n<\/p><\/div>\n<\/section>\n<section class=\"section\">\n<div class=\"item item-12\">\n<section class=\"image-item\">\n            <img decoding=\"async\" src=\"https:\/\/upload.cdn.baselinker.com\/products\/3029707\/f8cd28b24ff93914107c6e8ce50a52ab.jpg\" \/><br \/>\n        <\/section>\n<\/p><\/div>\n<\/section>\n<section class=\"section\">\n<div class=\"item item-12\">\n<section class=\"image-item\">\n            <img decoding=\"async\" src=\"https:\/\/upload.cdn.baselinker.com\/products\/3029707\/61f2f21a16c3aa48a294567f6b6e83fe.jpg\" \/><br \/>\n        <\/section>\n<\/p><\/div>\n<\/section>\n","protected":false},"excerpt":{"rendered":"<p>Pami\u0119tnik pluszowy z d\u0142ugopisem &#8211; Cinnamoroll 490136 Diakakis Pami\u0119tnik pluszowy 3D w zestawie z d\u0142ugopisem (wk\u0142ady w 10 kolorach). D\u0142ugopis<\/p>\n","protected":false},"featured_media":9252,"comment_status":"open","ping_status":"closed","template":"","meta":[],"product_brand":[],"product_cat":[122],"product_tag":[],"class_list":{"0":"post-9155","1":"product","2":"type-product","3":"status-publish","4":"has-post-thumbnail","6":"product_cat-artykuly-szkolne","8":"first","9":"instock","10":"shipping-taxable","11":"purchasable","12":"product-type-simple"},"_links":{"self":[{"href":"https:\/\/czas.m2web.pl\/index.php?rest_route=\/wp\/v2\/product\/9155","targetHints":{"allow":["GET"]}}],"collection":[{"href":"https:\/\/czas.m2web.pl\/index.php?rest_route=\/wp\/v2\/product"}],"about":[{"href":"https:\/\/czas.m2web.pl\/index.php?rest_route=\/wp\/v2\/types\/product"}],"replies":[{"embeddable":true,"href":"https:\/\/czas.m2web.pl\/index.php?rest_route=%2Fwp%2Fv2%2Fcomments&post=9155"}],"version-history":[{"count":0,"href":"https:\/\/czas.m2web.pl\/index.php?rest_route=\/wp\/v2\/product\/9155\/revisions"}],"wp:featuredmedia":[{"embeddable":true,"href":"https:\/\/czas.m2web.pl\/index.php?rest_route=\/wp\/v2\/media\/9252"}],"wp:attachment":[{"href":"https:\/\/czas.m2web.pl\/index.php?rest_route=%2Fwp%2Fv2%2Fmedia&parent=9155"}],"wp:term":[{"taxonomy":"product_brand","embeddable":true,"href":"https:\/\/czas.m2web.pl\/index.php?rest_route=%2Fwp%2Fv2%2Fproduct_brand&post=9155"},{"taxonomy":"product_cat","embeddable":true,"href":"https:\/\/czas.m2web.pl\/index.php?rest_route=%2Fwp%2Fv2%2Fproduct_cat&post=9155"},{"taxonomy":"product_tag","embeddable":true,"href":"https:\/\/czas.m2web.pl\/index.php?rest_route=%2Fwp%2Fv2%2Fproduct_tag&post=9155"}],"curies":[{"name":"wp","href":"https:\/\/api.w.org\/{rel}","templated":true}]}}