{"id":9203,"date":"2026-01-04T23:29:59","date_gmt":"2026-01-04T22:29:59","guid":{"rendered":"https:\/\/czas.m2web.pl\/?post_type=product&#038;p=9203"},"modified":"2026-01-04T23:30:14","modified_gmt":"2026-01-04T22:30:14","slug":"zestaw-artystyczny-w-kuferku-kredki-lilo-stitch-564903","status":"publish","type":"product","link":"https:\/\/czas.m2web.pl\/?product=zestaw-artystyczny-w-kuferku-kredki-lilo-stitch-564903","title":{"rendered":"Zestaw artystyczny w kuferku, kredki Lilo &amp; Stitch 564903"},"content":{"rendered":"<section class=\"section\">\n<div class=\"item item-6\">\n<section class=\"image-item\">\n            <img decoding=\"async\" src=\"https:\/\/upload.cdn.baselinker.com\/products\/3029707\/828ff5aa085bb559772477a014842625.jpg\" \/><br \/>\n        <\/section>\n<\/p><\/div>\n<div class=\"item item-6\">\n<section class=\"text-item\">\n<h1>Zestaw artystyczny w kuferku Lilo &amp; Stitch<\/h1>\n<p>Diakakis 564903<\/p>\n<p><b>Zestaw przybor\u00f3w dla ma\u0142ego artysty zapakowany w ozdobne pude\u0142ko-kuferek!<\/b><\/p>\n<p>Posiada r\u0105czk\u0119 do wygodnego przenoszenia i dwie wysuwane szufladki.<\/p>\n<p>Kuferek jest\u00a0zapinany\u00a0na 2 rzepy.<\/p>\n<p>Zestaw zawiera:<\/p>\n<ul>\n<li>8 kredek o\u0142\u00f3wkowych,<\/li>\n<li>8 kredek \u015bwiecowych,<\/li>\n<li>8 pisak\u00f3w,<\/li>\n<li>12 farbek wodnych,<\/li>\n<li>pedzelek,<\/li>\n<li>g\u0105beczk\u0119,<\/li>\n<li>2 gumki do mazania,<\/li>\n<li>o\u0142\u00f3wek,<\/li>\n<li>kolorowank\u0119 w formie notesika.<\/li>\n<\/ul>\n<p>Wymiary kuferka: 26 x 13,5 x 10 cm.<\/p>\n<p>Wiek: 3+.<\/p>\n<\/section><\/div>\n<\/section>\n<section class=\"section\">\n<div class=\"item item-12\">\n<section class=\"image-item\">\n            <img decoding=\"async\" src=\"https:\/\/upload.cdn.baselinker.com\/products\/3029707\/7c9da14d0e11932c4e5d7825ab858362.jpg\" \/><br \/>\n        <\/section>\n<\/p><\/div>\n<\/section>\n<section class=\"section\">\n<div class=\"item item-12\">\n<section class=\"image-item\">\n            <img decoding=\"async\" src=\"https:\/\/upload.cdn.baselinker.com\/products\/3029707\/3c641d1542086e8d361666cb3d0f7770.jpg\" \/><br \/>\n        <\/section>\n<\/p><\/div>\n<\/section>\n","protected":false},"excerpt":{"rendered":"<p>Zestaw artystyczny w kuferku Lilo &amp; Stitch Diakakis 564903 Zestaw przybor\u00f3w dla ma\u0142ego artysty zapakowany w ozdobne pude\u0142ko-kuferek! Posiada r\u0105czk\u0119<\/p>\n","protected":false},"featured_media":9255,"comment_status":"open","ping_status":"closed","template":"","meta":[],"product_brand":[],"product_cat":[122],"product_tag":[],"class_list":{"0":"post-9203","1":"product","2":"type-product","3":"status-publish","4":"has-post-thumbnail","6":"product_cat-artykuly-szkolne","8":"first","9":"instock","10":"shipping-taxable","11":"purchasable","12":"product-type-simple"},"_links":{"self":[{"href":"https:\/\/czas.m2web.pl\/index.php?rest_route=\/wp\/v2\/product\/9203","targetHints":{"allow":["GET"]}}],"collection":[{"href":"https:\/\/czas.m2web.pl\/index.php?rest_route=\/wp\/v2\/product"}],"about":[{"href":"https:\/\/czas.m2web.pl\/index.php?rest_route=\/wp\/v2\/types\/product"}],"replies":[{"embeddable":true,"href":"https:\/\/czas.m2web.pl\/index.php?rest_route=%2Fwp%2Fv2%2Fcomments&post=9203"}],"version-history":[{"count":0,"href":"https:\/\/czas.m2web.pl\/index.php?rest_route=\/wp\/v2\/product\/9203\/revisions"}],"wp:featuredmedia":[{"embeddable":true,"href":"https:\/\/czas.m2web.pl\/index.php?rest_route=\/wp\/v2\/media\/9255"}],"wp:attachment":[{"href":"https:\/\/czas.m2web.pl\/index.php?rest_route=%2Fwp%2Fv2%2Fmedia&parent=9203"}],"wp:term":[{"taxonomy":"product_brand","embeddable":true,"href":"https:\/\/czas.m2web.pl\/index.php?rest_route=%2Fwp%2Fv2%2Fproduct_brand&post=9203"},{"taxonomy":"product_cat","embeddable":true,"href":"https:\/\/czas.m2web.pl\/index.php?rest_route=%2Fwp%2Fv2%2Fproduct_cat&post=9203"},{"taxonomy":"product_tag","embeddable":true,"href":"https:\/\/czas.m2web.pl\/index.php?rest_route=%2Fwp%2Fv2%2Fproduct_tag&post=9203"}],"curies":[{"name":"wp","href":"https:\/\/api.w.org\/{rel}","templated":true}]}}