{"id":9206,"date":"2026-01-04T23:29:59","date_gmt":"2026-01-04T22:29:59","guid":{"rendered":"https:\/\/czas.m2web.pl\/?post_type=product&#038;p=9206"},"modified":"2026-01-04T23:30:17","modified_gmt":"2026-01-04T22:30:17","slug":"zegarek-analogowy-w-puszce-tokidoki-470315","status":"publish","type":"product","link":"https:\/\/czas.m2web.pl\/?product=zegarek-analogowy-w-puszce-tokidoki-470315","title":{"rendered":"Zegarek analogowy w puszce Tokidoki 470315"},"content":{"rendered":"<section class=\"section\">\n<div class=\"item item-6\">\n<section class=\"image-item\">\n            <img decoding=\"async\" src=\"https:\/\/upload.cdn.baselinker.com\/products\/3029707\/7e26f0a5e7de204adbf0f54e26cb3ac0.jpg\" \/><br \/>\n        <\/section>\n<\/p><\/div>\n<div class=\"item item-6\">\n<section class=\"text-item\">\n<h1>Zegarek analogowy Tokidoki<\/h1>\n<p>Diakakis 470315<\/p>\n<p>Zegarek analogowy Tokidoki. D\u0142ugo\u015b\u0107 zegarka z paskiem: 22,5 cm. \u015arednica tarczy\u00a0z obudow\u0105: 3,5 cm.<\/p>\n<ul>\n<li>Wiek: 3+.<\/li>\n<li>Wymagane baterie: bateria guzikowa (1 szt.) &#8211; zawarta w zestawie.<\/li>\n<li>Zapakowany w metalow\u0105, ozdobn\u0105 puszk\u0119.<\/li>\n<\/ul>\n<p>Zegarek jest idealnym prezentem dla fan\u00f3w marki Tokidoki.\u00a0<\/p>\n<\/section><\/div>\n<\/section>\n<section class=\"section\">\n<div class=\"item item-12\">\n<section class=\"image-item\">\n            <img decoding=\"async\" src=\"https:\/\/upload.cdn.baselinker.com\/products\/3029707\/56ef38024cce82db0ef8391c2cdaa94a.jpg\" \/><br \/>\n        <\/section>\n<\/p><\/div>\n<\/section>\n<section class=\"section\">\n<div class=\"item item-12\">\n<section class=\"image-item\">\n            <img decoding=\"async\" src=\"https:\/\/upload.cdn.baselinker.com\/products\/3029707\/7e26f0a5e7de204adbf0f54e26cb3ac0.jpg\" \/><br \/>\n        <\/section>\n<\/p><\/div>\n<\/section>\n","protected":false},"excerpt":{"rendered":"<p>Zegarek analogowy Tokidoki Diakakis 470315 Zegarek analogowy Tokidoki. D\u0142ugo\u015b\u0107 zegarka z paskiem: 22,5 cm. \u015arednica tarczy\u00a0z obudow\u0105: 3,5 cm. Wiek:<\/p>\n","protected":false},"featured_media":9263,"comment_status":"open","ping_status":"closed","template":"","meta":[],"product_brand":[],"product_cat":[122],"product_tag":[],"class_list":{"0":"post-9206","1":"product","2":"type-product","3":"status-publish","4":"has-post-thumbnail","6":"product_cat-artykuly-szkolne","8":"first","9":"instock","10":"shipping-taxable","11":"purchasable","12":"product-type-simple"},"_links":{"self":[{"href":"https:\/\/czas.m2web.pl\/index.php?rest_route=\/wp\/v2\/product\/9206","targetHints":{"allow":["GET"]}}],"collection":[{"href":"https:\/\/czas.m2web.pl\/index.php?rest_route=\/wp\/v2\/product"}],"about":[{"href":"https:\/\/czas.m2web.pl\/index.php?rest_route=\/wp\/v2\/types\/product"}],"replies":[{"embeddable":true,"href":"https:\/\/czas.m2web.pl\/index.php?rest_route=%2Fwp%2Fv2%2Fcomments&post=9206"}],"version-history":[{"count":0,"href":"https:\/\/czas.m2web.pl\/index.php?rest_route=\/wp\/v2\/product\/9206\/revisions"}],"wp:featuredmedia":[{"embeddable":true,"href":"https:\/\/czas.m2web.pl\/index.php?rest_route=\/wp\/v2\/media\/9263"}],"wp:attachment":[{"href":"https:\/\/czas.m2web.pl\/index.php?rest_route=%2Fwp%2Fv2%2Fmedia&parent=9206"}],"wp:term":[{"taxonomy":"product_brand","embeddable":true,"href":"https:\/\/czas.m2web.pl\/index.php?rest_route=%2Fwp%2Fv2%2Fproduct_brand&post=9206"},{"taxonomy":"product_cat","embeddable":true,"href":"https:\/\/czas.m2web.pl\/index.php?rest_route=%2Fwp%2Fv2%2Fproduct_cat&post=9206"},{"taxonomy":"product_tag","embeddable":true,"href":"https:\/\/czas.m2web.pl\/index.php?rest_route=%2Fwp%2Fv2%2Fproduct_tag&post=9206"}],"curies":[{"name":"wp","href":"https:\/\/api.w.org\/{rel}","templated":true}]}}