{"id":9208,"date":"2026-01-04T23:29:59","date_gmt":"2026-01-04T22:29:59","guid":{"rendered":"https:\/\/czas.m2web.pl\/?post_type=product&#038;p=9208"},"modified":"2026-01-04T23:30:19","modified_gmt":"2026-01-04T22:30:19","slug":"diakakis-znikopis-27-x-20-hello-kitty-and-friends-490194","status":"publish","type":"product","link":"https:\/\/czas.m2web.pl\/?product=diakakis-znikopis-27-x-20-hello-kitty-and-friends-490194","title":{"rendered":"Diakakis Znikopis 27 x 20 Hello Kitty And Friends 490194"},"content":{"rendered":"<section class=\"section\">\n<div class=\"item item-6\">\n<section class=\"image-item\">\n            <img decoding=\"async\" src=\"https:\/\/upload.cdn.baselinker.com\/products\/3029707\/4572fc60b5d2dedbebc4ea1a549dcd54.jpg\" \/><br \/>\n        <\/section>\n<\/p><\/div>\n<div class=\"item item-6\">\n<section class=\"text-item\">\n<h1>Znikopis Hello Kitty And Friends<\/h1>\n<p>Diakakis 490194<\/p>\n<p>Znikopis z ma\u0142ym ekranem to doskona\u0142a zabawka do rysowania i pisania dla pocz\u0105tkuj\u0105cych. Ma magnetyczny ekran do malowania, specjalny d\u0142ugopis oraz przesuwan\u0105 poprzeczk\u0119 do \u0142atwego i szybkiego wymazywania rysunk\u00f3w oraz\u00a03 piecz\u0105tki. Dzi\u0119ki kompaktowym rozmiarom idealnie sprawdza si\u0119 w przeno\u015bnych warunkach: na spacerach, w podr\u00f3\u017cy.<\/p>\n<ul>\n<li>Wymiary opakowania: 33 x 25 cm.<\/li>\n<li>Wymiary ekranu: 18 cm x 11 cm.<\/li>\n<li>Wymiary znikopisu: 27 x 20 cm.<\/li>\n<li>Wiek: 3+.<\/li>\n<\/ul>\n<\/section><\/div>\n<\/section>\n<section class=\"section\">\n<div class=\"item item-12\">\n<section class=\"image-item\">\n            <img decoding=\"async\" src=\"https:\/\/upload.cdn.baselinker.com\/products\/3029707\/4572fc60b5d2dedbebc4ea1a549dcd54.jpg\" \/><br \/>\n        <\/section>\n<\/p><\/div>\n<\/section>\n<section class=\"section\">\n<div class=\"item item-12\">\n<section class=\"image-item\">\n            <img decoding=\"async\" src=\"https:\/\/upload.cdn.baselinker.com\/products\/3029707\/a6b695273e8d734b7e312ebfc95dbab2.jpg\" \/><br \/>\n        <\/section>\n<\/p><\/div>\n<\/section>\n","protected":false},"excerpt":{"rendered":"<p>Znikopis Hello Kitty And Friends Diakakis 490194 Znikopis z ma\u0142ym ekranem to doskona\u0142a zabawka do rysowania i pisania dla pocz\u0105tkuj\u0105cych.<\/p>\n","protected":false},"featured_media":9267,"comment_status":"open","ping_status":"closed","template":"","meta":[],"product_brand":[],"product_cat":[284],"product_tag":[],"class_list":{"0":"post-9208","1":"product","2":"type-product","3":"status-publish","4":"has-post-thumbnail","6":"product_cat-dla-dziewczynki","8":"first","9":"instock","10":"shipping-taxable","11":"purchasable","12":"product-type-simple"},"_links":{"self":[{"href":"https:\/\/czas.m2web.pl\/index.php?rest_route=\/wp\/v2\/product\/9208","targetHints":{"allow":["GET"]}}],"collection":[{"href":"https:\/\/czas.m2web.pl\/index.php?rest_route=\/wp\/v2\/product"}],"about":[{"href":"https:\/\/czas.m2web.pl\/index.php?rest_route=\/wp\/v2\/types\/product"}],"replies":[{"embeddable":true,"href":"https:\/\/czas.m2web.pl\/index.php?rest_route=%2Fwp%2Fv2%2Fcomments&post=9208"}],"version-history":[{"count":0,"href":"https:\/\/czas.m2web.pl\/index.php?rest_route=\/wp\/v2\/product\/9208\/revisions"}],"wp:featuredmedia":[{"embeddable":true,"href":"https:\/\/czas.m2web.pl\/index.php?rest_route=\/wp\/v2\/media\/9267"}],"wp:attachment":[{"href":"https:\/\/czas.m2web.pl\/index.php?rest_route=%2Fwp%2Fv2%2Fmedia&parent=9208"}],"wp:term":[{"taxonomy":"product_brand","embeddable":true,"href":"https:\/\/czas.m2web.pl\/index.php?rest_route=%2Fwp%2Fv2%2Fproduct_brand&post=9208"},{"taxonomy":"product_cat","embeddable":true,"href":"https:\/\/czas.m2web.pl\/index.php?rest_route=%2Fwp%2Fv2%2Fproduct_cat&post=9208"},{"taxonomy":"product_tag","embeddable":true,"href":"https:\/\/czas.m2web.pl\/index.php?rest_route=%2Fwp%2Fv2%2Fproduct_tag&post=9208"}],"curies":[{"name":"wp","href":"https:\/\/api.w.org\/{rel}","templated":true}]}}