{"id":9210,"date":"2026-01-04T23:29:59","date_gmt":"2026-01-04T22:29:59","guid":{"rendered":"https:\/\/czas.m2web.pl\/?post_type=product&#038;p=9210"},"modified":"2026-01-04T23:30:22","modified_gmt":"2026-01-04T22:30:22","slug":"zestaw-artystyczny-w-kuferku-kredki-my-melody-490116","status":"publish","type":"product","link":"https:\/\/czas.m2web.pl\/?product=zestaw-artystyczny-w-kuferku-kredki-my-melody-490116","title":{"rendered":"Zestaw artystyczny w kuferku, kredki My Melody 490116"},"content":{"rendered":"<section class=\"section\">\n<div class=\"item item-6\">\n<section class=\"image-item\">\n            <img decoding=\"async\" src=\"https:\/\/upload.cdn.baselinker.com\/products\/3029707\/e1d74ebb7e4c84b2ac0549d3097a5aef.jpg\" \/><br \/>\n        <\/section>\n<\/p><\/div>\n<div class=\"item item-6\">\n<section class=\"text-item\">\n<h1>Zestaw artystyczny w kuferku My Melody<\/h1>\n<p>Diakakis 490116<\/p>\n<p><b>Zestaw przybor\u00f3w dla ma\u0142ego artysty zapakowany w ozdobne pude\u0142ko-kuferek!<\/b><\/p>\n<p>Posiada r\u0105czk\u0119 do wygodnego przenoszenia i dwie wysuwane szufladki.<\/p>\n<p>Kuferek jest\u00a0zapinany\u00a0na 2 rzepy.<\/p>\n<p>Zestaw zawiera:<\/p>\n<ul>\n<li>8 kredek o\u0142\u00f3wkowych,<\/li>\n<li>8 kredek \u015bwiecowych,<\/li>\n<li>8 pisak\u00f3w,<\/li>\n<li>12 farbek wodnych,<\/li>\n<li>pedzelek,<\/li>\n<li>g\u0105beczk\u0119,<\/li>\n<li>2 gumki do mazania,<\/li>\n<li>o\u0142\u00f3wek,<\/li>\n<li>kolorowank\u0119 w formie notesika.<\/li>\n<\/ul>\n<p>Wymiary kuferka: 26 x 13,5 x 10 cm.<\/p>\n<p>Wiek: 3+.<\/p>\n<\/section><\/div>\n<\/section>\n<section class=\"section\">\n<div class=\"item item-12\">\n<section class=\"image-item\">\n            <img decoding=\"async\" src=\"https:\/\/upload.cdn.baselinker.com\/products\/3029707\/4e30bbf6c43bd529338dc1d1a69c299e.jpg\" \/><br \/>\n        <\/section>\n<\/p><\/div>\n<\/section>\n<section class=\"section\">\n<div class=\"item item-12\">\n<section class=\"image-item\">\n            <img decoding=\"async\" src=\"https:\/\/upload.cdn.baselinker.com\/products\/3029707\/0418fda95dadaa9684931aea095b7c2d.jpg\" \/><br \/>\n        <\/section>\n<\/p><\/div>\n<\/section>\n","protected":false},"excerpt":{"rendered":"<p>Zestaw artystyczny w kuferku My Melody Diakakis 490116 Zestaw przybor\u00f3w dla ma\u0142ego artysty zapakowany w ozdobne pude\u0142ko-kuferek! Posiada r\u0105czk\u0119 do<\/p>\n","protected":false},"featured_media":9291,"comment_status":"open","ping_status":"closed","template":"","meta":[],"product_brand":[],"product_cat":[122],"product_tag":[],"class_list":{"0":"post-9210","1":"product","2":"type-product","3":"status-publish","4":"has-post-thumbnail","6":"product_cat-artykuly-szkolne","8":"first","9":"instock","10":"shipping-taxable","11":"purchasable","12":"product-type-simple"},"_links":{"self":[{"href":"https:\/\/czas.m2web.pl\/index.php?rest_route=\/wp\/v2\/product\/9210","targetHints":{"allow":["GET"]}}],"collection":[{"href":"https:\/\/czas.m2web.pl\/index.php?rest_route=\/wp\/v2\/product"}],"about":[{"href":"https:\/\/czas.m2web.pl\/index.php?rest_route=\/wp\/v2\/types\/product"}],"replies":[{"embeddable":true,"href":"https:\/\/czas.m2web.pl\/index.php?rest_route=%2Fwp%2Fv2%2Fcomments&post=9210"}],"version-history":[{"count":0,"href":"https:\/\/czas.m2web.pl\/index.php?rest_route=\/wp\/v2\/product\/9210\/revisions"}],"wp:featuredmedia":[{"embeddable":true,"href":"https:\/\/czas.m2web.pl\/index.php?rest_route=\/wp\/v2\/media\/9291"}],"wp:attachment":[{"href":"https:\/\/czas.m2web.pl\/index.php?rest_route=%2Fwp%2Fv2%2Fmedia&parent=9210"}],"wp:term":[{"taxonomy":"product_brand","embeddable":true,"href":"https:\/\/czas.m2web.pl\/index.php?rest_route=%2Fwp%2Fv2%2Fproduct_brand&post=9210"},{"taxonomy":"product_cat","embeddable":true,"href":"https:\/\/czas.m2web.pl\/index.php?rest_route=%2Fwp%2Fv2%2Fproduct_cat&post=9210"},{"taxonomy":"product_tag","embeddable":true,"href":"https:\/\/czas.m2web.pl\/index.php?rest_route=%2Fwp%2Fv2%2Fproduct_tag&post=9210"}],"curies":[{"name":"wp","href":"https:\/\/api.w.org\/{rel}","templated":true}]}}