{"id":927,"date":"2026-01-04T22:49:26","date_gmt":"2026-01-04T21:49:26","guid":{"rendered":"https:\/\/czas.m2web.pl\/?post_type=product&#038;p=927"},"modified":"2026-01-04T22:49:51","modified_gmt":"2026-01-04T21:49:51","slug":"cartamundi-gra-bingo-psi-patrol-62359","status":"publish","type":"product","link":"https:\/\/czas.m2web.pl\/?product=cartamundi-gra-bingo-psi-patrol-62359","title":{"rendered":"Cartamundi GRA BINGO PSI PATROL 62359"},"content":{"rendered":"<section class=\"section\">\n<div class=\"item item-6\">\n<section class=\"image-item\"><img decoding=\"async\" src=\"https:\/\/upload.cdn.baselinker.com\/products\/3029707\/d8062bbc3c3f81073763f74a0d015e9a.jpg\"><\/section>\n<\/p><\/div>\n<div class=\"item item-6\">\n<section class=\"text-item\">\n<h1>Cartamundi GRA BINGO PSI PATROL<\/h1>\n<p>Nr kat.: 62359<\/p>\n<p>Graj w Bingo razem z Psim Patrolem. Odnajd\u017a wszystkie postaci i odznaki na planszy, przykryj \u017cetonem z \u0142apk\u0105 i krzycz BINGO!<\/p>\n<p><b>Zawarto\u015b\u0107:<\/b><\/p>\n<ul>\n<li>Cztery plansze do bingo,<\/li>\n<li>20 kart postaci,<\/li>\n<li>36 \u017ceton\u00f3w z \u0142apk\u0105.<\/li>\n<\/ul>\n<ul>\n<li>Wiek: 3+.<\/li>\n<li>Liczba graczy: 2+.<\/li>\n<li>Wymiary opakowania: 20 x 13,5 x 5 cm.<\/li>\n<\/ul>\n<\/section><\/div>\n<\/section>\n<section class=\"section\">\n<div class=\"item item-12\">\n<section class=\"image-item\"><img decoding=\"async\" src=\"https:\/\/upload.cdn.baselinker.com\/products\/3029707\/36db66bafebc8a8b1640c4ca7de720c4.jpg\"><\/section>\n<\/p><\/div>\n<\/section>\n<p><strong>Dodatkowe informacje:<\/strong><\/p>\n","protected":false},"excerpt":{"rendered":"<p>Cartamundi GRA BINGO PSI PATROL Nr kat.: 62359 Graj w Bingo razem z Psim Patrolem. Odnajd\u017a wszystkie postaci i odznaki<\/p>\n","protected":false},"featured_media":1033,"comment_status":"open","ping_status":"closed","template":"","meta":[],"product_brand":[],"product_cat":[16],"product_tag":[],"class_list":{"0":"post-927","1":"product","2":"type-product","3":"status-publish","4":"has-post-thumbnail","6":"product_cat-import","8":"first","9":"instock","10":"shipping-taxable","11":"purchasable","12":"product-type-simple"},"_links":{"self":[{"href":"https:\/\/czas.m2web.pl\/index.php?rest_route=\/wp\/v2\/product\/927","targetHints":{"allow":["GET"]}}],"collection":[{"href":"https:\/\/czas.m2web.pl\/index.php?rest_route=\/wp\/v2\/product"}],"about":[{"href":"https:\/\/czas.m2web.pl\/index.php?rest_route=\/wp\/v2\/types\/product"}],"replies":[{"embeddable":true,"href":"https:\/\/czas.m2web.pl\/index.php?rest_route=%2Fwp%2Fv2%2Fcomments&post=927"}],"version-history":[{"count":0,"href":"https:\/\/czas.m2web.pl\/index.php?rest_route=\/wp\/v2\/product\/927\/revisions"}],"wp:featuredmedia":[{"embeddable":true,"href":"https:\/\/czas.m2web.pl\/index.php?rest_route=\/wp\/v2\/media\/1033"}],"wp:attachment":[{"href":"https:\/\/czas.m2web.pl\/index.php?rest_route=%2Fwp%2Fv2%2Fmedia&parent=927"}],"wp:term":[{"taxonomy":"product_brand","embeddable":true,"href":"https:\/\/czas.m2web.pl\/index.php?rest_route=%2Fwp%2Fv2%2Fproduct_brand&post=927"},{"taxonomy":"product_cat","embeddable":true,"href":"https:\/\/czas.m2web.pl\/index.php?rest_route=%2Fwp%2Fv2%2Fproduct_cat&post=927"},{"taxonomy":"product_tag","embeddable":true,"href":"https:\/\/czas.m2web.pl\/index.php?rest_route=%2Fwp%2Fv2%2Fproduct_tag&post=927"}],"curies":[{"name":"wp","href":"https:\/\/api.w.org\/{rel}","templated":true}]}}