{"id":9272,"date":"2026-01-04T23:30:19","date_gmt":"2026-01-04T22:30:19","guid":{"rendered":"https:\/\/czas.m2web.pl\/?post_type=product&#038;p=9272"},"modified":"2026-01-04T23:30:34","modified_gmt":"2026-01-04T22:30:34","slug":"puzzle-3d-nook-book-domek-do-skladania-magiczny-sklep","status":"publish","type":"product","link":"https:\/\/czas.m2web.pl\/?product=puzzle-3d-nook-book-domek-do-skladania-magiczny-sklep","title":{"rendered":"PUZZLE 3D NOOK BOOK DOMEK DO SK\u0141ADANIA &#8211; MAGICZNY SKLEP"},"content":{"rendered":"<section class=\"section\">\n<div class=\"item item-6\">\n<section class=\"image-item\">\n            <img decoding=\"async\" src=\"https:\/\/upload.cdn.baselinker.com\/products\/3029707\/44c4f8f2aa6684b10ebce79fa6ad85d3.jpg\" \/><br \/>\n        <\/section>\n<\/p><\/div>\n<div class=\"item item-6\">\n<section class=\"text-item\">\n<h1>PUZZLE 3D NOOK BOOK &#8211; MAGICZNY SKLEP<\/h1>\n<\/p>\n<p>Otw\u00f3rz bramy do \u015bwiata cud\u00f3w w Magicznym Sklepie. Ten klasyczny, tajemniczy sklep to prawdziwa skarbnica zaczarowanych artefakt\u00f3w, ksi\u0105g zakl\u0119\u0107 oprawionych w sk\u00f3r\u0119 i l\u015bni\u0105cych amulet\u00f3w, kt\u00f3re wibruj\u0105 niewidzialn\u0105 moc\u0105. Niemal wida\u0107 zakurzone p\u00f3\u0142ki pe\u0142ne kot\u0142\u00f3w i zwoj\u00f3w zakl\u0119\u0107, podczas gdy za lad\u0105 czeka m\u0105dry, stary sklepikarz, gotowy wyposa\u017cy\u0107 zar\u00f3wno odwa\u017cnych poszukiwaczy przyg\u00f3d, jak i pocz\u0105tkuj\u0105ce czarownice.<\/p>\n<p>Proces sk\u0142adania to podr\u00f3\u017c pe\u0142na odkry\u0107, odkrywaj\u0105ca sekrety miejsca, w kt\u00f3rym ka\u017cdy przedmiot ma swoj\u0105 histori\u0119, a ka\u017cdy zakup zmienia przeznaczenie.<\/p>\n<\/p>\n<p>WYMIARY OPAKOWANIA: 27,5 x 19,5 x 5,5 cm.<\/p>\n<p>WYMIARY DOMKU: 19 x 10 x 11,5 cm.<\/p>\n<p>WIEK: 14+.<\/p>\n<p>PRODUCENT: KNOWME IIE CREATE<\/p>\n<\/section><\/div>\n<\/section>\n<section class=\"section\">\n<div class=\"item item-12\">\n<section class=\"image-item\">\n            <img decoding=\"async\" src=\"https:\/\/upload.cdn.baselinker.com\/products\/3029707\/9562e80f228d62debbdab8978484d4a7.jpg\" \/><br \/>\n        <\/section>\n<\/p><\/div>\n<\/section>\n<section class=\"section\">\n<div class=\"item item-6\">\n<section class=\"image-item\">\n            <img decoding=\"async\" src=\"https:\/\/upload.cdn.baselinker.com\/products\/3029707\/260e044502acd11a6cb3cd5f86027541.jpg\" \/><br \/>\n        <\/section>\n<\/p><\/div>\n<div class=\"item item-6\">\n<section class=\"image-item\">\n            <img decoding=\"async\" src=\"https:\/\/upload.cdn.baselinker.com\/products\/3029707\/47539b0fab6201ed53564f6faa0f68e2.jpg\" \/><br \/>\n        <\/section>\n<\/p><\/div>\n<\/section>\n<section class=\"section\">\n<div class=\"item item-6\">\n<section class=\"image-item\">\n            <img decoding=\"async\" src=\"https:\/\/upload.cdn.baselinker.com\/products\/3029707\/de0386398e8c90dfec3f3764d67eea8f.jpg\" \/><br \/>\n        <\/section>\n<\/p><\/div>\n<div class=\"item item-6\">\n<section class=\"image-item\">\n            <img decoding=\"async\" src=\"https:\/\/upload.cdn.baselinker.com\/products\/3029707\/7058c2b632c62685d166fd73f8ec4736.jpg\" \/><br \/>\n        <\/section>\n<\/p><\/div>\n<\/section>\n<section class=\"section\">\n<div class=\"item item-6\">\n<section class=\"image-item\">\n            <img decoding=\"async\" src=\"https:\/\/upload.cdn.baselinker.com\/products\/3029707\/a9e31acb589f6999ca774f7b014103dd.jpg\" \/><br \/>\n        <\/section>\n<\/p><\/div>\n<div class=\"item item-6\">\n<section class=\"image-item\">\n            <img decoding=\"async\" src=\"https:\/\/upload.cdn.baselinker.com\/products\/3029707\/9c1d891f980b82aff14ef68f69946f10.jpg\" \/><br \/>\n        <\/section>\n<\/p><\/div>\n<\/section>\n<section class=\"section\">\n<div class=\"item item-12\">\n<section class=\"image-item\">\n            <img decoding=\"async\" src=\"https:\/\/upload.cdn.baselinker.com\/products\/3029707\/6945fec04c970afc301dd8d7067a75b5.jpg\" \/><br \/>\n        <\/section>\n<\/p><\/div>\n<\/section>\n","protected":false},"excerpt":{"rendered":"<p>PUZZLE 3D NOOK BOOK &#8211; MAGICZNY SKLEP Otw\u00f3rz bramy do \u015bwiata cud\u00f3w w Magicznym Sklepie. Ten klasyczny, tajemniczy sklep to<\/p>\n","protected":false},"featured_media":9320,"comment_status":"open","ping_status":"closed","template":"","meta":[],"product_brand":[],"product_cat":[285],"product_tag":[],"class_list":{"0":"post-9272","1":"product","2":"type-product","3":"status-publish","4":"has-post-thumbnail","6":"product_cat-zabawki-kreatywne","8":"first","9":"instock","10":"shipping-taxable","11":"purchasable","12":"product-type-simple"},"_links":{"self":[{"href":"https:\/\/czas.m2web.pl\/index.php?rest_route=\/wp\/v2\/product\/9272","targetHints":{"allow":["GET"]}}],"collection":[{"href":"https:\/\/czas.m2web.pl\/index.php?rest_route=\/wp\/v2\/product"}],"about":[{"href":"https:\/\/czas.m2web.pl\/index.php?rest_route=\/wp\/v2\/types\/product"}],"replies":[{"embeddable":true,"href":"https:\/\/czas.m2web.pl\/index.php?rest_route=%2Fwp%2Fv2%2Fcomments&post=9272"}],"version-history":[{"count":0,"href":"https:\/\/czas.m2web.pl\/index.php?rest_route=\/wp\/v2\/product\/9272\/revisions"}],"wp:featuredmedia":[{"embeddable":true,"href":"https:\/\/czas.m2web.pl\/index.php?rest_route=\/wp\/v2\/media\/9320"}],"wp:attachment":[{"href":"https:\/\/czas.m2web.pl\/index.php?rest_route=%2Fwp%2Fv2%2Fmedia&parent=9272"}],"wp:term":[{"taxonomy":"product_brand","embeddable":true,"href":"https:\/\/czas.m2web.pl\/index.php?rest_route=%2Fwp%2Fv2%2Fproduct_brand&post=9272"},{"taxonomy":"product_cat","embeddable":true,"href":"https:\/\/czas.m2web.pl\/index.php?rest_route=%2Fwp%2Fv2%2Fproduct_cat&post=9272"},{"taxonomy":"product_tag","embeddable":true,"href":"https:\/\/czas.m2web.pl\/index.php?rest_route=%2Fwp%2Fv2%2Fproduct_tag&post=9272"}],"curies":[{"name":"wp","href":"https:\/\/api.w.org\/{rel}","templated":true}]}}