{"id":9273,"date":"2026-01-04T23:30:19","date_gmt":"2026-01-04T22:30:19","guid":{"rendered":"https:\/\/czas.m2web.pl\/?post_type=product&#038;p=9273"},"modified":"2026-01-04T23:30:38","modified_gmt":"2026-01-04T22:30:38","slug":"puzzle-3d-nook-book-domek-do-skladania-podporka-magiczna-kawiarnia","status":"publish","type":"product","link":"https:\/\/czas.m2web.pl\/?product=puzzle-3d-nook-book-domek-do-skladania-podporka-magiczna-kawiarnia","title":{"rendered":"PUZZLE 3D NOOK BOOK DOMEK DO SK\u0141ADANIA PODP\u00d3RKA &#8211; MAGICZNA KAWIARNIA"},"content":{"rendered":"<section class=\"section\">\n<div class=\"item item-6\">\n<section class=\"image-item\">\n            <img decoding=\"async\" src=\"https:\/\/upload.cdn.baselinker.com\/products\/3029707\/24ce5e032d097119b36ceaf149881712.jpg\" \/><br \/>\n        <\/section>\n<\/p><\/div>\n<div class=\"item item-6\">\n<section class=\"text-item\">\n<h1>PUZZLE 3D NOOK BOOK &#8211; MAGICZNA KAWIARNIA<\/h1>\n<p>Miniaturowa magiczna kawiarnia prezentuje delikatnie rze\u017abione ramy sklepowe, pod\u0142ogi, szafki i ekspozycje ciast, a ca\u0142o\u015b\u0107 uzupe\u0142niaj\u0105 \u017cywe akrylowe koraliki, tworz\u0105ce ol\u015bniewaj\u0105ce butelki z miksturami i r\u00f3\u017cd\u017cki w ciep\u0142ej, magicznej atmosferze.<\/p>\n<p>Stanowi zachwycaj\u0105cy element dekoracyjny Twojego domu. Idelany na szafki nocne, biurka lub rega\u0142y z ksi\u0105\u017ckami.<\/p>\n<p>Ten zestaw do budowy domku zawiera instrukcje kt\u00f3ra przeprowadzi Ci\u0119 krok po kroku. Mimo to, b\u0119dzie to wyzwaniem dla Twojej cierpliwo\u015bci, poniewa\u017c wszystkie drobne meble i detale wymagaj\u0105 skrupulatnego samodzielnego monta\u017cu.<\/p>\n<p>Najlepszy wyb\u00f3r do majsterkowania dla nastolatk\u00f3w i doros\u0142ych. Zapewnia godziny relaksuj\u0105cego monta\u017cu, uk\u0142adania miniaturowych przedmiot\u00f3w, pod\u0142\u0105czania lampek LED, idealny dla os\u00f3b, kt\u00f3re chc\u0105 si\u0119 odpr\u0119\u017cy\u0107, z\u0142agodzi\u0107 stres i rozwija\u0107 zdolno\u015bci manualne.<\/p>\n<p>Zestaw kreatywny w eleganckim pude\u0142ku, dzi\u0119ki czemu idealnie nadaje si\u0119 na prezent dla hobbyst\u00f3w, kolekcjoner\u00f3w, mi\u0142o\u015bnik\u00f3w r\u0119kodzie\u0142a na Bo\u017ce Narodzenie, urodziny, Dzie\u0144 Matki, Walentynki lub inn\u0105 specjaln\u0105 okazj\u0119.<\/p>\n<p>WYMIARY OPAKOWANIA: 29,5 x 24 x 8 cm.<\/p>\n<p>WYMIARY DOMKU: 24,5 x 21,5 x 19,5 cm.<\/p>\n<p>WIEK: 14+.<\/p>\n<p>PRODUCENT: KNOWME IIE CREATE<\/p>\n<\/section><\/div>\n<\/section>\n<section class=\"section\">\n<div class=\"item item-6\">\n<section class=\"image-item\">\n            <img decoding=\"async\" src=\"https:\/\/upload.cdn.baselinker.com\/products\/3029707\/ed09dd2495a51853494f3e9388cf3a4f.jpg\" \/><br \/>\n        <\/section>\n<\/p><\/div>\n<div class=\"item item-6\">\n<section class=\"image-item\">\n            <img decoding=\"async\" src=\"https:\/\/upload.cdn.baselinker.com\/products\/3029707\/8e912c90f65ba00373b890f5155ac6fa.jpg\" \/><br \/>\n        <\/section>\n<\/p><\/div>\n<\/section>\n<section class=\"section\">\n<div class=\"item item-6\">\n<section class=\"image-item\">\n            <img decoding=\"async\" src=\"https:\/\/upload.cdn.baselinker.com\/products\/3029707\/ce0b21ad32f9a1d0e75583c086f04042.jpg\" \/><br \/>\n        <\/section>\n<\/p><\/div>\n<div class=\"item item-6\">\n<section class=\"image-item\">\n            <img decoding=\"async\" src=\"https:\/\/upload.cdn.baselinker.com\/products\/3029707\/26f1b2e170db4bacad5f0f510a2e3474.jpg\" \/><br \/>\n        <\/section>\n<\/p><\/div>\n<\/section>\n<section class=\"section\">\n<div class=\"item item-6\">\n<section class=\"image-item\">\n            <img decoding=\"async\" src=\"https:\/\/upload.cdn.baselinker.com\/products\/3029707\/ec652f6378d45af751f2ba3241df4ea0.jpg\" \/><br \/>\n        <\/section>\n<\/p><\/div>\n<div class=\"item item-6\">\n<section class=\"image-item\">\n            <img decoding=\"async\" src=\"https:\/\/upload.cdn.baselinker.com\/products\/3029707\/84ab953144740a48b763139fc6ab7a82.jpg\" \/><br \/>\n        <\/section>\n<\/p><\/div>\n<\/section>\n<section class=\"section\">\n<div class=\"item item-6\">\n<section class=\"image-item\">\n            <img decoding=\"async\" src=\"https:\/\/upload.cdn.baselinker.com\/products\/3029707\/e68f8aef0716db2ce7344adf59d6575f.jpg\" \/><br \/>\n        <\/section>\n<\/p><\/div>\n<div class=\"item item-6\">\n<section class=\"image-item\">\n            <img decoding=\"async\" src=\"https:\/\/upload.cdn.baselinker.com\/products\/3029707\/273708349c40abf77025dafd1a7ef792.jpg\" \/><br \/>\n        <\/section>\n<\/p><\/div>\n<\/section>\n<section class=\"section\">\n<div class=\"item item-6\">\n<section class=\"image-item\">\n            <img decoding=\"async\" src=\"https:\/\/upload.cdn.baselinker.com\/products\/3029707\/d4c52d8aa301940637ae0ff9c9f53551.webp\" \/><br \/>\n        <\/section>\n<\/p><\/div>\n<div class=\"item item-6\">\n<section class=\"image-item\">\n            <img decoding=\"async\" src=\"https:\/\/upload.cdn.baselinker.com\/products\/3029707\/fbf96d4f3c586961ee2b3e16c74134ad.webp\" \/><br \/>\n        <\/section>\n<\/p><\/div>\n<\/section>\n","protected":false},"excerpt":{"rendered":"<p>PUZZLE 3D NOOK BOOK &#8211; MAGICZNA KAWIARNIA Miniaturowa magiczna kawiarnia prezentuje delikatnie rze\u017abione ramy sklepowe, pod\u0142ogi, szafki i ekspozycje ciast,<\/p>\n","protected":false},"featured_media":9329,"comment_status":"open","ping_status":"closed","template":"","meta":[],"product_brand":[],"product_cat":[285],"product_tag":[],"class_list":{"0":"post-9273","1":"product","2":"type-product","3":"status-publish","4":"has-post-thumbnail","6":"product_cat-zabawki-kreatywne","8":"first","9":"instock","10":"shipping-taxable","11":"purchasable","12":"product-type-simple"},"_links":{"self":[{"href":"https:\/\/czas.m2web.pl\/index.php?rest_route=\/wp\/v2\/product\/9273","targetHints":{"allow":["GET"]}}],"collection":[{"href":"https:\/\/czas.m2web.pl\/index.php?rest_route=\/wp\/v2\/product"}],"about":[{"href":"https:\/\/czas.m2web.pl\/index.php?rest_route=\/wp\/v2\/types\/product"}],"replies":[{"embeddable":true,"href":"https:\/\/czas.m2web.pl\/index.php?rest_route=%2Fwp%2Fv2%2Fcomments&post=9273"}],"version-history":[{"count":0,"href":"https:\/\/czas.m2web.pl\/index.php?rest_route=\/wp\/v2\/product\/9273\/revisions"}],"wp:featuredmedia":[{"embeddable":true,"href":"https:\/\/czas.m2web.pl\/index.php?rest_route=\/wp\/v2\/media\/9329"}],"wp:attachment":[{"href":"https:\/\/czas.m2web.pl\/index.php?rest_route=%2Fwp%2Fv2%2Fmedia&parent=9273"}],"wp:term":[{"taxonomy":"product_brand","embeddable":true,"href":"https:\/\/czas.m2web.pl\/index.php?rest_route=%2Fwp%2Fv2%2Fproduct_brand&post=9273"},{"taxonomy":"product_cat","embeddable":true,"href":"https:\/\/czas.m2web.pl\/index.php?rest_route=%2Fwp%2Fv2%2Fproduct_cat&post=9273"},{"taxonomy":"product_tag","embeddable":true,"href":"https:\/\/czas.m2web.pl\/index.php?rest_route=%2Fwp%2Fv2%2Fproduct_tag&post=9273"}],"curies":[{"name":"wp","href":"https:\/\/api.w.org\/{rel}","templated":true}]}}