{"id":9279,"date":"2026-01-04T23:30:20","date_gmt":"2026-01-04T22:30:20","guid":{"rendered":"https:\/\/czas.m2web.pl\/?post_type=product&#038;p=9279"},"modified":"2026-01-04T23:30:43","modified_gmt":"2026-01-04T22:30:43","slug":"podkladka-sniadaniowa-stitch-mata-na-stol-565322","status":"publish","type":"product","link":"https:\/\/czas.m2web.pl\/?product=podkladka-sniadaniowa-stitch-mata-na-stol-565322","title":{"rendered":"Podk\u0142adka \u015bniadaniowa Stitch, mata na st\u00f3\u0142 565322"},"content":{"rendered":"<section class=\"section\">\n<div class=\"item item-6\">\n<section class=\"image-item\">\n            <img decoding=\"async\" src=\"https:\/\/upload.cdn.baselinker.com\/products\/3029707\/0d05504f87113402a1896f987e97f208.jpg\" \/><br \/>\n        <\/section>\n<\/p><\/div>\n<div class=\"item item-6\">\n<section class=\"text-item\">\n<h1>Podk\u0142adka \u015bniadaniowa Stitch<\/h1>\n<p>Diakakis 565322<\/p>\n<p>Podk\u0142adka \u015bniadaniowa zabezpieczaj\u0105ca blat sto\u0142u lub biurka przed zabrudzeniem.<\/p>\n<p>Wykonana z tworzywa sztucznego.<\/p>\n<p>Wymiary: 43 x 29 cm.<\/p>\n<\/section><\/div>\n<\/section>\n<section class=\"section\">\n<div class=\"item item-12\">\n<section class=\"image-item\">\n            <img decoding=\"async\" src=\"https:\/\/upload.cdn.baselinker.com\/products\/3029707\/0d05504f87113402a1896f987e97f208.jpg\" \/><br \/>\n        <\/section>\n<\/p><\/div>\n<\/section>\n","protected":false},"excerpt":{"rendered":"<p>Podk\u0142adka \u015bniadaniowa Stitch Diakakis 565322 Podk\u0142adka \u015bniadaniowa zabezpieczaj\u0105ca blat sto\u0142u lub biurka przed zabrudzeniem. Wykonana z tworzywa sztucznego. Wymiary: 43<\/p>\n","protected":false},"featured_media":9363,"comment_status":"open","ping_status":"closed","template":"","meta":[],"product_brand":[],"product_cat":[122],"product_tag":[],"class_list":{"0":"post-9279","1":"product","2":"type-product","3":"status-publish","4":"has-post-thumbnail","6":"product_cat-artykuly-szkolne","8":"first","9":"instock","10":"shipping-taxable","11":"purchasable","12":"product-type-simple"},"_links":{"self":[{"href":"https:\/\/czas.m2web.pl\/index.php?rest_route=\/wp\/v2\/product\/9279","targetHints":{"allow":["GET"]}}],"collection":[{"href":"https:\/\/czas.m2web.pl\/index.php?rest_route=\/wp\/v2\/product"}],"about":[{"href":"https:\/\/czas.m2web.pl\/index.php?rest_route=\/wp\/v2\/types\/product"}],"replies":[{"embeddable":true,"href":"https:\/\/czas.m2web.pl\/index.php?rest_route=%2Fwp%2Fv2%2Fcomments&post=9279"}],"version-history":[{"count":0,"href":"https:\/\/czas.m2web.pl\/index.php?rest_route=\/wp\/v2\/product\/9279\/revisions"}],"wp:featuredmedia":[{"embeddable":true,"href":"https:\/\/czas.m2web.pl\/index.php?rest_route=\/wp\/v2\/media\/9363"}],"wp:attachment":[{"href":"https:\/\/czas.m2web.pl\/index.php?rest_route=%2Fwp%2Fv2%2Fmedia&parent=9279"}],"wp:term":[{"taxonomy":"product_brand","embeddable":true,"href":"https:\/\/czas.m2web.pl\/index.php?rest_route=%2Fwp%2Fv2%2Fproduct_brand&post=9279"},{"taxonomy":"product_cat","embeddable":true,"href":"https:\/\/czas.m2web.pl\/index.php?rest_route=%2Fwp%2Fv2%2Fproduct_cat&post=9279"},{"taxonomy":"product_tag","embeddable":true,"href":"https:\/\/czas.m2web.pl\/index.php?rest_route=%2Fwp%2Fv2%2Fproduct_tag&post=9279"}],"curies":[{"name":"wp","href":"https:\/\/api.w.org\/{rel}","templated":true}]}}