{"id":928,"date":"2026-01-04T22:49:26","date_gmt":"2026-01-04T21:49:26","guid":{"rendered":"https:\/\/czas.m2web.pl\/?post_type=product&#038;p=928"},"modified":"2026-01-04T22:49:52","modified_gmt":"2026-01-04T21:49:52","slug":"cartamundi-gra-memo-psi-patrol-42740","status":"publish","type":"product","link":"https:\/\/czas.m2web.pl\/?product=cartamundi-gra-memo-psi-patrol-42740","title":{"rendered":"Cartamundi GRA MEMO PSI PATROL 42740"},"content":{"rendered":"<section class=\"section\">\n<div class=\"item item-6\">\n<section class=\"image-item\"><img decoding=\"async\" src=\"https:\/\/upload.cdn.baselinker.com\/products\/3029707\/5cc408e1f04af8984b60b98724b77396.jpg\"><\/section>\n<\/p><\/div>\n<div class=\"item item-6\">\n<section class=\"text-item\">\n<h1>Cartamundi GRA MEMO PSI PATROL<\/h1>\n<p>Nr kat.: 42740<\/p>\n<p>Do\u0142\u0105cz do dru\u017cyny Psiego Patrolu i jako pierwszy uko\u0144cz misj\u0119 ratunkow\u0105. \u0106wicz pami\u0119\u0107 i zdolno\u015bci dopasowywania, aby znale\u017a\u0107 wszystkie karty potrzebne twojemu bohaterowi do zako\u0144czenia misji.<\/p>\n<p><b>Zawarto\u015b\u0107: 36 kart do gry, instrukcja.<\/b><\/p>\n<ul>\n<li>Wiek: 4+.<\/li>\n<li>Liczba graczy: 2+.<\/li>\n<li>Wymiary opakowania: 12 x 12,5 x 4,5 cm.<\/li>\n<\/ul>\n<\/section><\/div>\n<\/section>\n<section class=\"section\">\n<div class=\"item item-12\">\n<section class=\"image-item\"><img decoding=\"async\" src=\"https:\/\/upload.cdn.baselinker.com\/products\/3029707\/88438d16c1d4d1589fd8a74a765c58fe.jpg\"><\/section>\n<\/p><\/div>\n<\/section>\n<p><strong>Dodatkowe informacje:<\/strong><\/p>\n","protected":false},"excerpt":{"rendered":"<p>Cartamundi GRA MEMO PSI PATROL Nr kat.: 42740 Do\u0142\u0105cz do dru\u017cyny Psiego Patrolu i jako pierwszy uko\u0144cz misj\u0119 ratunkow\u0105. \u0106wicz<\/p>\n","protected":false},"featured_media":1035,"comment_status":"open","ping_status":"closed","template":"","meta":[],"product_brand":[],"product_cat":[16],"product_tag":[],"class_list":{"0":"post-928","1":"product","2":"type-product","3":"status-publish","4":"has-post-thumbnail","6":"product_cat-import","8":"first","9":"instock","10":"shipping-taxable","11":"purchasable","12":"product-type-simple"},"_links":{"self":[{"href":"https:\/\/czas.m2web.pl\/index.php?rest_route=\/wp\/v2\/product\/928","targetHints":{"allow":["GET"]}}],"collection":[{"href":"https:\/\/czas.m2web.pl\/index.php?rest_route=\/wp\/v2\/product"}],"about":[{"href":"https:\/\/czas.m2web.pl\/index.php?rest_route=\/wp\/v2\/types\/product"}],"replies":[{"embeddable":true,"href":"https:\/\/czas.m2web.pl\/index.php?rest_route=%2Fwp%2Fv2%2Fcomments&post=928"}],"version-history":[{"count":0,"href":"https:\/\/czas.m2web.pl\/index.php?rest_route=\/wp\/v2\/product\/928\/revisions"}],"wp:featuredmedia":[{"embeddable":true,"href":"https:\/\/czas.m2web.pl\/index.php?rest_route=\/wp\/v2\/media\/1035"}],"wp:attachment":[{"href":"https:\/\/czas.m2web.pl\/index.php?rest_route=%2Fwp%2Fv2%2Fmedia&parent=928"}],"wp:term":[{"taxonomy":"product_brand","embeddable":true,"href":"https:\/\/czas.m2web.pl\/index.php?rest_route=%2Fwp%2Fv2%2Fproduct_brand&post=928"},{"taxonomy":"product_cat","embeddable":true,"href":"https:\/\/czas.m2web.pl\/index.php?rest_route=%2Fwp%2Fv2%2Fproduct_cat&post=928"},{"taxonomy":"product_tag","embeddable":true,"href":"https:\/\/czas.m2web.pl\/index.php?rest_route=%2Fwp%2Fv2%2Fproduct_tag&post=928"}],"curies":[{"name":"wp","href":"https:\/\/api.w.org\/{rel}","templated":true}]}}