{"id":9281,"date":"2026-01-04T23:30:20","date_gmt":"2026-01-04T22:30:20","guid":{"rendered":"https:\/\/czas.m2web.pl\/?post_type=product&#038;p=9281"},"modified":"2026-01-04T23:30:54","modified_gmt":"2026-01-04T22:30:54","slug":"infantino-interaktywne-centrum-zabawy-hipopotam-i-zebra-317000","status":"publish","type":"product","link":"https:\/\/czas.m2web.pl\/?product=infantino-interaktywne-centrum-zabawy-hipopotam-i-zebra-317000","title":{"rendered":"INFANTINO Interaktywne centrum zabawy Hipopotam i zebra 317000"},"content":{"rendered":"<section class=\"section\">\n<div class=\"item item-6\">\n<section class=\"image-item\">\n            <img decoding=\"async\" src=\"https:\/\/upload.cdn.baselinker.com\/products\/3029707\/311cc88641016cc82f754532aee36d25.jpg\" \/><br \/>\n        <\/section>\n<\/p><\/div>\n<div class=\"item item-6\">\n<section class=\"text-item\">\n<h1>INFANTINO Interaktywne centrum zabawy &#8211;\u00a0Hipopotam i zebra<\/h1>\n<h2>Nr kat.: 317000<\/h2>\n<p><b>Aktywne centrum ze zwierz\u0105tkami z d\u017cungli stwarza nieograniczone mo\u017cliwo\u015bci zabawy!<\/b><\/p>\n<p>Rozwija umiej\u0119tno\u015bci motoryczne, umiej\u0119tno\u015b\u0107 samodzielnego siedzenia i stania, b\u0119dzie te\u017c \u015bwietnym wprowadzeniem do nauki cyfr i liczenia.<\/p>\n<p><b>Centrum zabawy to a\u017c 6 r\u00f3\u017cnych zabaw:<\/b><\/p>\n<p>1) obserwuj jak pi\u0142ki obracaj\u0105 si\u0119, wyskakuj\u0105 i skacz\u0105 z jednej strony na drug\u0105 w rytm muzyki i \u015bwiate\u0142,<\/p>\n<p>2) obserwuj jak pi\u0142ki skacz\u0105 i tocz\u0105 si\u0119 z gniazda ptaszka do zebry i z powrotem,<\/p>\n<p>3) zatocz kokosa do ma\u0142pek aby us\u0142ysze\u0107 zabawne d\u017awi\u0119ki, zobaczy\u0107 \u015bwiate\u0142ka i nauczy\u0107 si\u0119 cyferek,<\/p>\n<p>4) naciskaj d\u017awignie hipopotama aby wrzuci\u0107 pi\u0142ki do jego buzi,<\/p>\n<p>5) \u0142ap pi\u0142ki do koszyka kiedy b\u0119d\u0105 wyskakiwa\u0107 z zebry, a je\u015bli ich nie z\u0142apiesz, dogo\u0144 je!<\/p>\n<p>6) zawie\u015b koszyk na pniu palmy i strzelaj do obr\u0119czy.<\/p>\n<p>Zabawka jest sk\u0142adana dzi\u0119ki czemu zajmuje ma\u0142o miejsca i mo\u017cna j\u0105 \u0142atwo przechowywa\u0107.<\/p>\n<p><b>W zestawie: hipopotam, \u017cyrafa, drzewo z ma\u0142pkami, pi\u0119\u0107 mi\u0119kkich pi\u0142ek i pi\u0142ka-kokos do kr\u0119gli.<\/b><\/p>\n<ul>\n<li>15 d\u017awi\u0119k\u00f3w i melodii.<\/li>\n<li>Wymagane baterie: 4x 1,5V (LR20) &#8211; niezawarte w zestawie.<\/li>\n<li>Wymiary opakowania: 16,5 x 40 x 54 cm.<\/li>\n<li>Wiek: 9 m+.<\/li>\n<\/ul>\n<\/section><\/div>\n<\/section>\n<section class=\"section\">\n<div class=\"item item-12\">\n<section class=\"image-item\">\n            <img decoding=\"async\" src=\"https:\/\/upload.cdn.baselinker.com\/products\/3029707\/311cc88641016cc82f754532aee36d25.jpg\" \/><br \/>\n        <\/section>\n<\/p><\/div>\n<\/section>\n<section class=\"section\">\n<div class=\"item item-12\">\n<section class=\"image-item\">\n            <img decoding=\"async\" src=\"https:\/\/upload.cdn.baselinker.com\/products\/3029707\/4b3408ae464f4ba8c8e95f2f412ea355.jpg\" \/><br \/>\n        <\/section>\n<\/p><\/div>\n<\/section>\n<section class=\"section\">\n<div class=\"item item-12\">\n<section class=\"image-item\">\n            <img decoding=\"async\" src=\"https:\/\/upload.cdn.baselinker.com\/products\/3029707\/72c31eb54b18ec6b7e992b9381693f70.jpg\" \/><br \/>\n        <\/section>\n<\/p><\/div>\n<\/section>\n<section class=\"section\">\n<div class=\"item item-12\">\n<section class=\"image-item\">\n            <img decoding=\"async\" src=\"https:\/\/upload.cdn.baselinker.com\/products\/3029707\/a85c40283dd4415ae0b19076f80e6fa6.jpg\" \/><br \/>\n        <\/section>\n<\/p><\/div>\n<\/section>\n<section class=\"section\">\n<div class=\"item item-12\">\n<section class=\"image-item\">\n            <img decoding=\"async\" src=\"https:\/\/upload.cdn.baselinker.com\/products\/3029707\/5d42c88cec1d054a3d49727bf987ab47.jpg\" \/><br \/>\n        <\/section>\n<\/p><\/div>\n<\/section>\n<section class=\"section\">\n<div class=\"item item-12\">\n<section class=\"image-item\">\n            <img decoding=\"async\" src=\"https:\/\/upload.cdn.baselinker.com\/products\/3029707\/eaa3e3a28f069b3f1a5276b94f7899bf.jpg\" \/><br \/>\n        <\/section>\n<\/p><\/div>\n<\/section>\n<section class=\"section\">\n<div class=\"item item-12\">\n<section class=\"image-item\">\n            <img decoding=\"async\" src=\"https:\/\/upload.cdn.baselinker.com\/products\/3029707\/9bb9763d00c9ba93cd214efbfaff6c22.jpg\" \/><br \/>\n        <\/section>\n<\/p><\/div>\n<\/section>\n<section class=\"section\">\n<div class=\"item item-12\">\n<section class=\"image-item\">\n            <img decoding=\"async\" src=\"https:\/\/upload.cdn.baselinker.com\/products\/3029707\/feeec7425fb50e57fe7c7b79a9455109.jpg\" \/><br \/>\n        <\/section>\n<\/p><\/div>\n<\/section>\n","protected":false},"excerpt":{"rendered":"<p>INFANTINO Interaktywne centrum zabawy &#8211;\u00a0Hipopotam i zebra Nr kat.: 317000 Aktywne centrum ze zwierz\u0105tkami z d\u017cungli stwarza nieograniczone mo\u017cliwo\u015bci zabawy!<\/p>\n","protected":false},"featured_media":9365,"comment_status":"open","ping_status":"closed","template":"","meta":[],"product_brand":[],"product_cat":[285],"product_tag":[],"class_list":{"0":"post-9281","1":"product","2":"type-product","3":"status-publish","4":"has-post-thumbnail","6":"product_cat-zabawki-kreatywne","8":"first","9":"instock","10":"shipping-taxable","11":"purchasable","12":"product-type-simple"},"_links":{"self":[{"href":"https:\/\/czas.m2web.pl\/index.php?rest_route=\/wp\/v2\/product\/9281","targetHints":{"allow":["GET"]}}],"collection":[{"href":"https:\/\/czas.m2web.pl\/index.php?rest_route=\/wp\/v2\/product"}],"about":[{"href":"https:\/\/czas.m2web.pl\/index.php?rest_route=\/wp\/v2\/types\/product"}],"replies":[{"embeddable":true,"href":"https:\/\/czas.m2web.pl\/index.php?rest_route=%2Fwp%2Fv2%2Fcomments&post=9281"}],"version-history":[{"count":0,"href":"https:\/\/czas.m2web.pl\/index.php?rest_route=\/wp\/v2\/product\/9281\/revisions"}],"wp:featuredmedia":[{"embeddable":true,"href":"https:\/\/czas.m2web.pl\/index.php?rest_route=\/wp\/v2\/media\/9365"}],"wp:attachment":[{"href":"https:\/\/czas.m2web.pl\/index.php?rest_route=%2Fwp%2Fv2%2Fmedia&parent=9281"}],"wp:term":[{"taxonomy":"product_brand","embeddable":true,"href":"https:\/\/czas.m2web.pl\/index.php?rest_route=%2Fwp%2Fv2%2Fproduct_brand&post=9281"},{"taxonomy":"product_cat","embeddable":true,"href":"https:\/\/czas.m2web.pl\/index.php?rest_route=%2Fwp%2Fv2%2Fproduct_cat&post=9281"},{"taxonomy":"product_tag","embeddable":true,"href":"https:\/\/czas.m2web.pl\/index.php?rest_route=%2Fwp%2Fv2%2Fproduct_tag&post=9281"}],"curies":[{"name":"wp","href":"https:\/\/api.w.org\/{rel}","templated":true}]}}