{"id":9282,"date":"2026-01-04T23:30:20","date_gmt":"2026-01-04T22:30:20","guid":{"rendered":"https:\/\/czas.m2web.pl\/?post_type=product&#038;p=9282"},"modified":"2026-01-04T23:30:55","modified_gmt":"2026-01-04T22:30:55","slug":"infantino-gietki-gryzaczek-dinozaur-316758","status":"publish","type":"product","link":"https:\/\/czas.m2web.pl\/?product=infantino-gietki-gryzaczek-dinozaur-316758","title":{"rendered":"INFANTINO GI\u0118TKI GRYZACZEK DINOZAUR 316758"},"content":{"rendered":"<section class=\"section\">\n<div class=\"item item-6\">\n<section class=\"image-item\">\n            <img decoding=\"async\" src=\"https:\/\/upload.cdn.baselinker.com\/products\/3029707\/b3721e5fea3a2ba1644741f58f44c950.jpg\" \/><br \/>\n        <\/section>\n<\/p><\/div>\n<div class=\"item item-6\">\n<section class=\"text-item\">\n<h1>Gi\u0119tki gryzaczek DINOZAUR<\/h1>\n<p>Infantino 316758<\/p>\n<p>Ten gi\u0119tki gryzaczek w kszta\u0142cie dinozaura zawiera r\u00f3\u017cne faktury do gryzienia. Na gi\u0119tkim kr\u0105\u017cku znajduj\u0105 si\u0119 koraliki o r\u00f3\u017cnych fakturach i kolorach, kt\u00f3re mo\u017cna dowolnie okr\u0119ca\u0107. Grzywa dinozaura to gryzaczek z wypustkami, kt\u00f3ry ukoi podra\u017cnione dzi\u0105s\u0142a dziecka.<\/p>\n<ul>\n<li>Wiek: 3M+.<\/li>\n<li>Wymiary gryzaka: 13 x 9 cm.<\/li>\n<\/ul>\n<\/section><\/div>\n<\/section>\n<section class=\"section\">\n<div class=\"item item-12\">\n<section class=\"image-item\">\n            <img decoding=\"async\" src=\"https:\/\/upload.cdn.baselinker.com\/products\/3029707\/b3721e5fea3a2ba1644741f58f44c950.jpg\" \/><br \/>\n        <\/section>\n<\/p><\/div>\n<\/section>\n","protected":false},"excerpt":{"rendered":"<p>Gi\u0119tki gryzaczek DINOZAUR Infantino 316758 Ten gi\u0119tki gryzaczek w kszta\u0142cie dinozaura zawiera r\u00f3\u017cne faktury do gryzienia. Na gi\u0119tkim kr\u0105\u017cku znajduj\u0105<\/p>\n","protected":false},"featured_media":9374,"comment_status":"open","ping_status":"closed","template":"","meta":[],"product_brand":[],"product_cat":[17],"product_tag":[],"class_list":{"0":"post-9282","1":"product","2":"type-product","3":"status-publish","4":"has-post-thumbnail","6":"product_cat-dla-najmlodszych","8":"first","9":"instock","10":"shipping-taxable","11":"purchasable","12":"product-type-simple"},"_links":{"self":[{"href":"https:\/\/czas.m2web.pl\/index.php?rest_route=\/wp\/v2\/product\/9282","targetHints":{"allow":["GET"]}}],"collection":[{"href":"https:\/\/czas.m2web.pl\/index.php?rest_route=\/wp\/v2\/product"}],"about":[{"href":"https:\/\/czas.m2web.pl\/index.php?rest_route=\/wp\/v2\/types\/product"}],"replies":[{"embeddable":true,"href":"https:\/\/czas.m2web.pl\/index.php?rest_route=%2Fwp%2Fv2%2Fcomments&post=9282"}],"version-history":[{"count":0,"href":"https:\/\/czas.m2web.pl\/index.php?rest_route=\/wp\/v2\/product\/9282\/revisions"}],"wp:featuredmedia":[{"embeddable":true,"href":"https:\/\/czas.m2web.pl\/index.php?rest_route=\/wp\/v2\/media\/9374"}],"wp:attachment":[{"href":"https:\/\/czas.m2web.pl\/index.php?rest_route=%2Fwp%2Fv2%2Fmedia&parent=9282"}],"wp:term":[{"taxonomy":"product_brand","embeddable":true,"href":"https:\/\/czas.m2web.pl\/index.php?rest_route=%2Fwp%2Fv2%2Fproduct_brand&post=9282"},{"taxonomy":"product_cat","embeddable":true,"href":"https:\/\/czas.m2web.pl\/index.php?rest_route=%2Fwp%2Fv2%2Fproduct_cat&post=9282"},{"taxonomy":"product_tag","embeddable":true,"href":"https:\/\/czas.m2web.pl\/index.php?rest_route=%2Fwp%2Fv2%2Fproduct_tag&post=9282"}],"curies":[{"name":"wp","href":"https:\/\/api.w.org\/{rel}","templated":true}]}}