{"id":9285,"date":"2026-01-04T23:30:20","date_gmt":"2026-01-04T22:30:20","guid":{"rendered":"https:\/\/czas.m2web.pl\/?post_type=product&#038;p=9285"},"modified":"2026-01-04T23:30:58","modified_gmt":"2026-01-04T22:30:58","slug":"pamietnik-na-klodke-dlugopis-z-pomponem-lilo-stitch-565266","status":"publish","type":"product","link":"https:\/\/czas.m2web.pl\/?product=pamietnik-na-klodke-dlugopis-z-pomponem-lilo-stitch-565266","title":{"rendered":"Pami\u0119tnik na k\u0142\u00f3dk\u0119, d\u0142ugopis z pomponem &#8211; Lilo &amp; Stitch 565266"},"content":{"rendered":"<section class=\"section\">\n<div class=\"item item-6\">\n<section class=\"image-item\">\n            <img decoding=\"async\" src=\"https:\/\/upload.cdn.baselinker.com\/products\/3029707\/8f5dbe3c3d1046742a3243259288a079.jpg\" \/><br \/>\n        <\/section>\n<\/p><\/div>\n<div class=\"item item-6\">\n<section class=\"text-item\">\n<h1>Pami\u0119tnik z d\u0142ugopisem &#8211; Lilo &amp; Stitch<\/h1>\n<p><b>Diakakis 565266<\/b><\/p>\n<p>Pami\u0119tnik zamykany na k\u0142\u00f3dk\u0119 z motywem Lilo &amp; Stitch w zestawie z d\u0142ugopisem. D\u0142ugopis ozdobiony jest puszystym pomponem.<\/p>\n<ul>\n<li>Wymiary pami\u0119tnika 18 x 12 cm.<\/li>\n<li>Wymiary opakowania: 19 x 25 cm.<\/li>\n<li>Wiek: 3+.<\/li>\n<\/ul>\n<\/section><\/div>\n<\/section>\n<section class=\"section\">\n<div class=\"item item-12\">\n<section class=\"image-item\">\n            <img decoding=\"async\" src=\"https:\/\/upload.cdn.baselinker.com\/products\/3029707\/8f5dbe3c3d1046742a3243259288a079.jpg\" \/><br \/>\n        <\/section>\n<\/p><\/div>\n<\/section>\n<section class=\"section\">\n<div class=\"item item-12\">\n<section class=\"image-item\">\n            <img decoding=\"async\" src=\"https:\/\/upload.cdn.baselinker.com\/products\/3029707\/97e3a01b6cd08324fbd302a499f58249.jpg\" \/><br \/>\n        <\/section>\n<\/p><\/div>\n<\/section>\n<section class=\"section\">\n<div class=\"item item-12\">\n<section class=\"image-item\">\n            <img decoding=\"async\" src=\"https:\/\/upload.cdn.baselinker.com\/products\/3029707\/58756bbeb9aef2f237cfbfa53c999816.jpg\" \/><br \/>\n        <\/section>\n<\/p><\/div>\n<\/section>\n","protected":false},"excerpt":{"rendered":"<p>Pami\u0119tnik z d\u0142ugopisem &#8211; Lilo &amp; Stitch Diakakis 565266 Pami\u0119tnik zamykany na k\u0142\u00f3dk\u0119 z motywem Lilo &amp; Stitch w zestawie<\/p>\n","protected":false},"featured_media":9382,"comment_status":"open","ping_status":"closed","template":"","meta":[],"product_brand":[],"product_cat":[122],"product_tag":[],"class_list":{"0":"post-9285","1":"product","2":"type-product","3":"status-publish","4":"has-post-thumbnail","6":"product_cat-artykuly-szkolne","8":"first","9":"instock","10":"shipping-taxable","11":"purchasable","12":"product-type-simple"},"_links":{"self":[{"href":"https:\/\/czas.m2web.pl\/index.php?rest_route=\/wp\/v2\/product\/9285","targetHints":{"allow":["GET"]}}],"collection":[{"href":"https:\/\/czas.m2web.pl\/index.php?rest_route=\/wp\/v2\/product"}],"about":[{"href":"https:\/\/czas.m2web.pl\/index.php?rest_route=\/wp\/v2\/types\/product"}],"replies":[{"embeddable":true,"href":"https:\/\/czas.m2web.pl\/index.php?rest_route=%2Fwp%2Fv2%2Fcomments&post=9285"}],"version-history":[{"count":0,"href":"https:\/\/czas.m2web.pl\/index.php?rest_route=\/wp\/v2\/product\/9285\/revisions"}],"wp:featuredmedia":[{"embeddable":true,"href":"https:\/\/czas.m2web.pl\/index.php?rest_route=\/wp\/v2\/media\/9382"}],"wp:attachment":[{"href":"https:\/\/czas.m2web.pl\/index.php?rest_route=%2Fwp%2Fv2%2Fmedia&parent=9285"}],"wp:term":[{"taxonomy":"product_brand","embeddable":true,"href":"https:\/\/czas.m2web.pl\/index.php?rest_route=%2Fwp%2Fv2%2Fproduct_brand&post=9285"},{"taxonomy":"product_cat","embeddable":true,"href":"https:\/\/czas.m2web.pl\/index.php?rest_route=%2Fwp%2Fv2%2Fproduct_cat&post=9285"},{"taxonomy":"product_tag","embeddable":true,"href":"https:\/\/czas.m2web.pl\/index.php?rest_route=%2Fwp%2Fv2%2Fproduct_tag&post=9285"}],"curies":[{"name":"wp","href":"https:\/\/api.w.org\/{rel}","templated":true}]}}