{"id":9288,"date":"2026-01-04T23:30:20","date_gmt":"2026-01-04T22:30:20","guid":{"rendered":"https:\/\/czas.m2web.pl\/?post_type=product&#038;p=9288"},"modified":"2026-01-04T23:31:02","modified_gmt":"2026-01-04T22:31:02","slug":"zestaw-do-kolorowania-flamastry-naklejki-kolorowanki-lilo-stitch-564925","status":"publish","type":"product","link":"https:\/\/czas.m2web.pl\/?product=zestaw-do-kolorowania-flamastry-naklejki-kolorowanki-lilo-stitch-564925","title":{"rendered":"Zestaw do kolorowania flamastry, naklejki, kolorowanki Lilo &amp; Stitch 564925"},"content":{"rendered":"<section class=\"section\">\n<div class=\"item item-6\">\n<section class=\"image-item\">\n            <img decoding=\"async\" src=\"https:\/\/upload.cdn.baselinker.com\/products\/3029707\/9a824c377e1faae10456b789c27e2e3b.jpg\" \/><br \/>\n        <\/section>\n<\/p><\/div>\n<div class=\"item item-6\">\n<section class=\"text-item\">\n<h1>Zestaw do kolorowania &#8211;<\/h1>\n<h1>Lilo &amp; Stitch<\/h1>\n<p>Diakakis 564925<\/p>\n<p>Ma\u0142y, podr\u0119czny zestaw przybor\u00f3w dla ma\u0142ego artysty zapakowany w ozdobne zamykane pude\u0142ko nadaj\u0105ce si\u0119 na prezent.<\/p>\n<p>Zestaw zawiera:<\/p>\n<ul>\n<li>20 kartek &#8211; kolorowanek<\/li>\n<li>4 pisaki,<\/li>\n<li>3 arkusze naklejek,<\/li>\n<\/ul>\n<p>Wymiary opakowania: 17,5 x 10,5 x 2 cm.<\/p>\n<p>Wiek: 3+.<\/p>\n<\/section><\/div>\n<\/section>\n<section class=\"section\">\n<div class=\"item item-6\">\n<section class=\"image-item\">\n            <img decoding=\"async\" src=\"https:\/\/upload.cdn.baselinker.com\/products\/3029707\/083bbcf31fa78285c7d78626dd6509f9.jpg\" \/><br \/>\n        <\/section>\n<\/p><\/div>\n<div class=\"item item-6\">\n<section class=\"image-item\">\n            <img decoding=\"async\" src=\"https:\/\/upload.cdn.baselinker.com\/products\/3029707\/3419e85cec84db887dc7eb04b3a43533.jpg\" \/><br \/>\n        <\/section>\n<\/p><\/div>\n<\/section>\n<section class=\"section\">\n<div class=\"item item-12\">\n<section class=\"image-item\">\n            <img decoding=\"async\" src=\"https:\/\/upload.cdn.baselinker.com\/products\/3029707\/adc3c6f96caef3f9ec57fbbea6be0ddb.jpg\" \/><br \/>\n        <\/section>\n<\/p><\/div>\n<\/section>\n","protected":false},"excerpt":{"rendered":"<p>Zestaw do kolorowania &#8211; Lilo &amp; Stitch Diakakis 564925 Ma\u0142y, podr\u0119czny zestaw przybor\u00f3w dla ma\u0142ego artysty zapakowany w ozdobne zamykane<\/p>\n","protected":false},"featured_media":9390,"comment_status":"open","ping_status":"closed","template":"","meta":[],"product_brand":[],"product_cat":[122],"product_tag":[],"class_list":{"0":"post-9288","1":"product","2":"type-product","3":"status-publish","4":"has-post-thumbnail","6":"product_cat-artykuly-szkolne","8":"first","9":"instock","10":"shipping-taxable","11":"purchasable","12":"product-type-simple"},"_links":{"self":[{"href":"https:\/\/czas.m2web.pl\/index.php?rest_route=\/wp\/v2\/product\/9288","targetHints":{"allow":["GET"]}}],"collection":[{"href":"https:\/\/czas.m2web.pl\/index.php?rest_route=\/wp\/v2\/product"}],"about":[{"href":"https:\/\/czas.m2web.pl\/index.php?rest_route=\/wp\/v2\/types\/product"}],"replies":[{"embeddable":true,"href":"https:\/\/czas.m2web.pl\/index.php?rest_route=%2Fwp%2Fv2%2Fcomments&post=9288"}],"version-history":[{"count":0,"href":"https:\/\/czas.m2web.pl\/index.php?rest_route=\/wp\/v2\/product\/9288\/revisions"}],"wp:featuredmedia":[{"embeddable":true,"href":"https:\/\/czas.m2web.pl\/index.php?rest_route=\/wp\/v2\/media\/9390"}],"wp:attachment":[{"href":"https:\/\/czas.m2web.pl\/index.php?rest_route=%2Fwp%2Fv2%2Fmedia&parent=9288"}],"wp:term":[{"taxonomy":"product_brand","embeddable":true,"href":"https:\/\/czas.m2web.pl\/index.php?rest_route=%2Fwp%2Fv2%2Fproduct_brand&post=9288"},{"taxonomy":"product_cat","embeddable":true,"href":"https:\/\/czas.m2web.pl\/index.php?rest_route=%2Fwp%2Fv2%2Fproduct_cat&post=9288"},{"taxonomy":"product_tag","embeddable":true,"href":"https:\/\/czas.m2web.pl\/index.php?rest_route=%2Fwp%2Fv2%2Fproduct_tag&post=9288"}],"curies":[{"name":"wp","href":"https:\/\/api.w.org\/{rel}","templated":true}]}}