{"id":9344,"date":"2026-01-04T23:30:41","date_gmt":"2026-01-04T22:30:41","guid":{"rendered":"https:\/\/czas.m2web.pl\/?post_type=product&#038;p=9344"},"modified":"2026-01-04T23:31:05","modified_gmt":"2026-01-04T22:31:05","slug":"pamietnik-na-klodke-dlugopis-uv-naklejki-lilo-stitch-565264","status":"publish","type":"product","link":"https:\/\/czas.m2web.pl\/?product=pamietnik-na-klodke-dlugopis-uv-naklejki-lilo-stitch-565264","title":{"rendered":"Pami\u0119tnik na k\u0142\u00f3dk\u0119, d\u0142ugopis UV naklejki &#8211; Lilo &amp; Stitch 565264"},"content":{"rendered":"<section class=\"section\">\n<div class=\"item item-6\">\n<section class=\"image-item\">\n            <img decoding=\"async\" src=\"https:\/\/upload.cdn.baselinker.com\/products\/3029707\/e0962ae6d7af2c92328bc39ab36b1d86.jpg\" \/><br \/>\n        <\/section>\n<\/p><\/div>\n<div class=\"item item-6\">\n<section class=\"text-item\">\n<h1>Pami\u0119tnik z d\u0142ugopisem UV &#8211; Lilo &amp; Stitch<\/h1>\n<p><b>Diakakis 565264<\/b><\/p>\n<p>Pami\u0119tnik na k\u0142\u00f3dk\u0119 wraz z akcesoriami, kt\u00f3re pomog\u0105 dowolnie go ozdobi\u0107.<\/p>\n<p>Idealny na wszystkie sekrety.<\/p>\n<p>Zestaw zawiera:<\/p>\n<ul>\n<li>pami\u0119tnik zamykany na ozdobn\u0105 k\u0142\u00f3dk\u0119 z kluczykami,<\/li>\n<li>d\u0142ugopis ze specjalnym tuszem, kt\u00f3ry b\u0119dzie widoczny dopiero po pod\u015bwietleniu go \u015bwiat\u0142em UV, latarka UV,<\/li>\n<li>standartowy d\u0142ugopis,<\/li>\n<li>2 arkusze naklejek.<\/li>\n<\/ul>\n<p>Wymiary pami\u0119tnika 18 x 12 cm<\/p>\n<p>Wymiary opakowania: 23 x 22 x 5,5 cm.<\/p>\n<p>Wiek: 3+.<\/p>\n<\/section><\/div>\n<\/section>\n<section class=\"section\">\n<div class=\"item item-12\">\n<section class=\"image-item\">\n            <img decoding=\"async\" src=\"https:\/\/upload.cdn.baselinker.com\/products\/3029707\/e0962ae6d7af2c92328bc39ab36b1d86.jpg\" \/><br \/>\n        <\/section>\n<\/p><\/div>\n<\/section>\n<section class=\"section\">\n<div class=\"item item-12\">\n<section class=\"image-item\">\n            <img decoding=\"async\" src=\"https:\/\/upload.cdn.baselinker.com\/products\/3029707\/65eec3ec412749032459335c84cb8ebb.jpg\" \/><br \/>\n        <\/section>\n<\/p><\/div>\n<\/section>\n","protected":false},"excerpt":{"rendered":"<p>Pami\u0119tnik z d\u0142ugopisem UV &#8211; Lilo &amp; Stitch Diakakis 565264 Pami\u0119tnik na k\u0142\u00f3dk\u0119 wraz z akcesoriami, kt\u00f3re pomog\u0105 dowolnie go<\/p>\n","protected":false},"featured_media":9412,"comment_status":"open","ping_status":"closed","template":"","meta":[],"product_brand":[],"product_cat":[122],"product_tag":[],"class_list":{"0":"post-9344","1":"product","2":"type-product","3":"status-publish","4":"has-post-thumbnail","6":"product_cat-artykuly-szkolne","8":"first","9":"instock","10":"shipping-taxable","11":"purchasable","12":"product-type-simple"},"_links":{"self":[{"href":"https:\/\/czas.m2web.pl\/index.php?rest_route=\/wp\/v2\/product\/9344","targetHints":{"allow":["GET"]}}],"collection":[{"href":"https:\/\/czas.m2web.pl\/index.php?rest_route=\/wp\/v2\/product"}],"about":[{"href":"https:\/\/czas.m2web.pl\/index.php?rest_route=\/wp\/v2\/types\/product"}],"replies":[{"embeddable":true,"href":"https:\/\/czas.m2web.pl\/index.php?rest_route=%2Fwp%2Fv2%2Fcomments&post=9344"}],"version-history":[{"count":0,"href":"https:\/\/czas.m2web.pl\/index.php?rest_route=\/wp\/v2\/product\/9344\/revisions"}],"wp:featuredmedia":[{"embeddable":true,"href":"https:\/\/czas.m2web.pl\/index.php?rest_route=\/wp\/v2\/media\/9412"}],"wp:attachment":[{"href":"https:\/\/czas.m2web.pl\/index.php?rest_route=%2Fwp%2Fv2%2Fmedia&parent=9344"}],"wp:term":[{"taxonomy":"product_brand","embeddable":true,"href":"https:\/\/czas.m2web.pl\/index.php?rest_route=%2Fwp%2Fv2%2Fproduct_brand&post=9344"},{"taxonomy":"product_cat","embeddable":true,"href":"https:\/\/czas.m2web.pl\/index.php?rest_route=%2Fwp%2Fv2%2Fproduct_cat&post=9344"},{"taxonomy":"product_tag","embeddable":true,"href":"https:\/\/czas.m2web.pl\/index.php?rest_route=%2Fwp%2Fv2%2Fproduct_tag&post=9344"}],"curies":[{"name":"wp","href":"https:\/\/api.w.org\/{rel}","templated":true}]}}