{"id":9348,"date":"2026-01-04T23:30:41","date_gmt":"2026-01-04T22:30:41","guid":{"rendered":"https:\/\/czas.m2web.pl\/?post_type=product&#038;p=9348"},"modified":"2026-01-04T23:31:08","modified_gmt":"2026-01-04T22:31:08","slug":"diakakis-krzeselko-metalowe-cars-auta-564322","status":"publish","type":"product","link":"https:\/\/czas.m2web.pl\/?product=diakakis-krzeselko-metalowe-cars-auta-564322","title":{"rendered":"DIAKAKIS Krzese\u0142ko metalowe Cars Auta 564322"},"content":{"rendered":"<section class=\"section\">\n<div class=\"item item-6\">\n<section class=\"image-item\">\n            <img decoding=\"async\" src=\"https:\/\/upload.cdn.baselinker.com\/products\/3029707\/d46814387f2f6a8f763fc58ace4d443f.jpg\" \/><br \/>\n        <\/section>\n<\/p><\/div>\n<div class=\"item item-6\">\n<section class=\"text-item\">\n<h1>Krzese\u0142ko metalowe Cars Auta<\/h1>\n<p>Diakakis 564322<\/p>\n<p>Metalowe krzese\u0142ko z motywem bajki Auta.<\/p>\n<p>Krzese\u0142ko na wytrzyma\u0142ych metalowych n\u00f3\u017ckach z mi\u0119kkim siedziskiem. Idealne na prezent dla wszystkich fan\u00f3w bajki.<\/p>\n<ul>\n<li>Stabilne krzese\u0142ko w pi\u0119knej kolorystyce z mi\u0119kkim siedziskiem.<\/li>\n<li>Wysoko\u015b\u0107 z oparciem: 36 cm, szeroko\u015b\u0107: 36 cm.<\/li>\n<li>Szeroko\u015b\u0107 siedziska: 27 cm, g\u0142\u0119boko\u015b\u0107 siedziska: 27 cm.<\/li>\n<li>Wysoko\u015b\u0107 oparcia: 19 cm.<\/li>\n<li>Wiek: 3+.<\/li>\n<\/ul>\n<\/section><\/div>\n<\/section>\n<section class=\"section\">\n<div class=\"item item-12\">\n<section class=\"image-item\">\n            <img decoding=\"async\" src=\"https:\/\/upload.cdn.baselinker.com\/products\/3029707\/d46814387f2f6a8f763fc58ace4d443f.jpg\" \/><br \/>\n        <\/section>\n<\/p><\/div>\n<\/section>\n","protected":false},"excerpt":{"rendered":"<p>Krzese\u0142ko metalowe Cars Auta Diakakis 564322 Metalowe krzese\u0142ko z motywem bajki Auta. Krzese\u0142ko na wytrzyma\u0142ych metalowych n\u00f3\u017ckach z mi\u0119kkim siedziskiem.<\/p>\n","protected":false},"featured_media":9419,"comment_status":"open","ping_status":"closed","template":"","meta":[],"product_brand":[],"product_cat":[19],"product_tag":[],"class_list":{"0":"post-9348","1":"product","2":"type-product","3":"status-publish","4":"has-post-thumbnail","6":"product_cat-dla-chlopca","8":"first","9":"instock","10":"shipping-taxable","11":"purchasable","12":"product-type-simple"},"_links":{"self":[{"href":"https:\/\/czas.m2web.pl\/index.php?rest_route=\/wp\/v2\/product\/9348","targetHints":{"allow":["GET"]}}],"collection":[{"href":"https:\/\/czas.m2web.pl\/index.php?rest_route=\/wp\/v2\/product"}],"about":[{"href":"https:\/\/czas.m2web.pl\/index.php?rest_route=\/wp\/v2\/types\/product"}],"replies":[{"embeddable":true,"href":"https:\/\/czas.m2web.pl\/index.php?rest_route=%2Fwp%2Fv2%2Fcomments&post=9348"}],"version-history":[{"count":0,"href":"https:\/\/czas.m2web.pl\/index.php?rest_route=\/wp\/v2\/product\/9348\/revisions"}],"wp:featuredmedia":[{"embeddable":true,"href":"https:\/\/czas.m2web.pl\/index.php?rest_route=\/wp\/v2\/media\/9419"}],"wp:attachment":[{"href":"https:\/\/czas.m2web.pl\/index.php?rest_route=%2Fwp%2Fv2%2Fmedia&parent=9348"}],"wp:term":[{"taxonomy":"product_brand","embeddable":true,"href":"https:\/\/czas.m2web.pl\/index.php?rest_route=%2Fwp%2Fv2%2Fproduct_brand&post=9348"},{"taxonomy":"product_cat","embeddable":true,"href":"https:\/\/czas.m2web.pl\/index.php?rest_route=%2Fwp%2Fv2%2Fproduct_cat&post=9348"},{"taxonomy":"product_tag","embeddable":true,"href":"https:\/\/czas.m2web.pl\/index.php?rest_route=%2Fwp%2Fv2%2Fproduct_tag&post=9348"}],"curies":[{"name":"wp","href":"https:\/\/api.w.org\/{rel}","templated":true}]}}