{"id":9350,"date":"2026-01-04T23:30:41","date_gmt":"2026-01-04T22:30:41","guid":{"rendered":"https:\/\/czas.m2web.pl\/?post_type=product&#038;p=9350"},"modified":"2026-01-04T23:31:09","modified_gmt":"2026-01-04T22:31:09","slug":"metalowe-nozyczki-szkolne-myszka-mickey-564513","status":"publish","type":"product","link":"https:\/\/czas.m2web.pl\/?product=metalowe-nozyczki-szkolne-myszka-mickey-564513","title":{"rendered":"Metalowe no\u017cyczki szkolne Myszka Mickey 564513"},"content":{"rendered":"<section class=\"section\">\n<div class=\"item item-6\">\n<section class=\"image-item\">\n            <img decoding=\"async\" src=\"https:\/\/upload.cdn.baselinker.com\/products\/3029707\/dfd5716fc4383a3d9fcab2d8d2c2bc57.jpg\" \/><br \/>\n        <\/section>\n<\/p><\/div>\n<div class=\"item item-6\">\n<section class=\"text-item\">\n<h1>Metalowe no\u017cyczki Myszka Mickey<\/h1>\n<p><b>Diakakis 564513<\/b><\/p>\n<p>No\u017cyczki metalowe do papieru. D\u0142ugo\u015b\u0107 13,5 cm<\/p>\n<p>Posiadaj\u0105 zaokr\u0105glone ostrza oraz wygodne uchwyty z tworzywa.<\/p>\n<p>Wiek: 3+.<\/p>\n<p>Wymiary opakowania: 17 x 7 cm.<\/p>\n<\/section><\/div>\n<\/section>\n<section class=\"section\">\n<div class=\"item item-12\">\n<section class=\"image-item\">\n            <img decoding=\"async\" src=\"https:\/\/upload.cdn.baselinker.com\/products\/3029707\/6eb63b246629c4adb548227360f45d16.jpg\" \/><br \/>\n        <\/section>\n<\/p><\/div>\n<\/section>\n","protected":false},"excerpt":{"rendered":"<p>Metalowe no\u017cyczki Myszka Mickey Diakakis 564513 No\u017cyczki metalowe do papieru. D\u0142ugo\u015b\u0107 13,5 cm Posiadaj\u0105 zaokr\u0105glone ostrza oraz wygodne uchwyty z<\/p>\n","protected":false},"featured_media":9422,"comment_status":"open","ping_status":"closed","template":"","meta":[],"product_brand":[],"product_cat":[122],"product_tag":[],"class_list":{"0":"post-9350","1":"product","2":"type-product","3":"status-publish","4":"has-post-thumbnail","6":"product_cat-artykuly-szkolne","8":"first","9":"instock","10":"shipping-taxable","11":"purchasable","12":"product-type-simple"},"_links":{"self":[{"href":"https:\/\/czas.m2web.pl\/index.php?rest_route=\/wp\/v2\/product\/9350","targetHints":{"allow":["GET"]}}],"collection":[{"href":"https:\/\/czas.m2web.pl\/index.php?rest_route=\/wp\/v2\/product"}],"about":[{"href":"https:\/\/czas.m2web.pl\/index.php?rest_route=\/wp\/v2\/types\/product"}],"replies":[{"embeddable":true,"href":"https:\/\/czas.m2web.pl\/index.php?rest_route=%2Fwp%2Fv2%2Fcomments&post=9350"}],"version-history":[{"count":0,"href":"https:\/\/czas.m2web.pl\/index.php?rest_route=\/wp\/v2\/product\/9350\/revisions"}],"wp:featuredmedia":[{"embeddable":true,"href":"https:\/\/czas.m2web.pl\/index.php?rest_route=\/wp\/v2\/media\/9422"}],"wp:attachment":[{"href":"https:\/\/czas.m2web.pl\/index.php?rest_route=%2Fwp%2Fv2%2Fmedia&parent=9350"}],"wp:term":[{"taxonomy":"product_brand","embeddable":true,"href":"https:\/\/czas.m2web.pl\/index.php?rest_route=%2Fwp%2Fv2%2Fproduct_brand&post=9350"},{"taxonomy":"product_cat","embeddable":true,"href":"https:\/\/czas.m2web.pl\/index.php?rest_route=%2Fwp%2Fv2%2Fproduct_cat&post=9350"},{"taxonomy":"product_tag","embeddable":true,"href":"https:\/\/czas.m2web.pl\/index.php?rest_route=%2Fwp%2Fv2%2Fproduct_tag&post=9350"}],"curies":[{"name":"wp","href":"https:\/\/api.w.org\/{rel}","templated":true}]}}