{"id":9351,"date":"2026-01-04T23:30:42","date_gmt":"2026-01-04T22:30:42","guid":{"rendered":"https:\/\/czas.m2web.pl\/?post_type=product&#038;p=9351"},"modified":"2026-01-04T23:31:10","modified_gmt":"2026-01-04T22:31:10","slug":"metalowe-nozyczki-szkolne-koci-domek-gabi-574070","status":"publish","type":"product","link":"https:\/\/czas.m2web.pl\/?product=metalowe-nozyczki-szkolne-koci-domek-gabi-574070","title":{"rendered":"Metalowe no\u017cyczki szkolne Koci Domek Gabi 574070"},"content":{"rendered":"<section class=\"section\">\n<div class=\"item item-6\">\n<section class=\"image-item\">\n            <img decoding=\"async\" src=\"https:\/\/upload.cdn.baselinker.com\/products\/3029707\/8b212daf726f17f4f33e4dc49b9d21da.jpg\" \/><br \/>\n        <\/section>\n<\/p><\/div>\n<div class=\"item item-6\">\n<section class=\"text-item\">\n<h1>Metalowe no\u017cyczki Koci Domek Gabi<\/h1>\n<p><b>Diakakis 574070<\/b><\/p>\n<p>No\u017cyczki metalowe do papieru. D\u0142ugo\u015b\u0107 13,5 cm<\/p>\n<p>Posiadaj\u0105 zaokr\u0105glone ostrza oraz wygodne uchwyty z tworzywa.<\/p>\n<p>Wiek: 3+.<\/p>\n<p>Wymiary opakowania: 17 x 7 cm.<\/p>\n<\/section><\/div>\n<\/section>\n<section class=\"section\">\n<div class=\"item item-12\">\n<section class=\"image-item\">\n            <img decoding=\"async\" src=\"https:\/\/upload.cdn.baselinker.com\/products\/3029707\/95788ce18217400e33dbe5d0ddde65f2.jpg\" \/><br \/>\n        <\/section>\n<\/p><\/div>\n<\/section>\n","protected":false},"excerpt":{"rendered":"<p>Metalowe no\u017cyczki Koci Domek Gabi Diakakis 574070 No\u017cyczki metalowe do papieru. D\u0142ugo\u015b\u0107 13,5 cm Posiadaj\u0105 zaokr\u0105glone ostrza oraz wygodne uchwyty<\/p>\n","protected":false},"featured_media":9424,"comment_status":"open","ping_status":"closed","template":"","meta":[],"product_brand":[],"product_cat":[122],"product_tag":[],"class_list":{"0":"post-9351","1":"product","2":"type-product","3":"status-publish","4":"has-post-thumbnail","6":"product_cat-artykuly-szkolne","8":"first","9":"instock","10":"shipping-taxable","11":"purchasable","12":"product-type-simple"},"_links":{"self":[{"href":"https:\/\/czas.m2web.pl\/index.php?rest_route=\/wp\/v2\/product\/9351","targetHints":{"allow":["GET"]}}],"collection":[{"href":"https:\/\/czas.m2web.pl\/index.php?rest_route=\/wp\/v2\/product"}],"about":[{"href":"https:\/\/czas.m2web.pl\/index.php?rest_route=\/wp\/v2\/types\/product"}],"replies":[{"embeddable":true,"href":"https:\/\/czas.m2web.pl\/index.php?rest_route=%2Fwp%2Fv2%2Fcomments&post=9351"}],"version-history":[{"count":0,"href":"https:\/\/czas.m2web.pl\/index.php?rest_route=\/wp\/v2\/product\/9351\/revisions"}],"wp:featuredmedia":[{"embeddable":true,"href":"https:\/\/czas.m2web.pl\/index.php?rest_route=\/wp\/v2\/media\/9424"}],"wp:attachment":[{"href":"https:\/\/czas.m2web.pl\/index.php?rest_route=%2Fwp%2Fv2%2Fmedia&parent=9351"}],"wp:term":[{"taxonomy":"product_brand","embeddable":true,"href":"https:\/\/czas.m2web.pl\/index.php?rest_route=%2Fwp%2Fv2%2Fproduct_brand&post=9351"},{"taxonomy":"product_cat","embeddable":true,"href":"https:\/\/czas.m2web.pl\/index.php?rest_route=%2Fwp%2Fv2%2Fproduct_cat&post=9351"},{"taxonomy":"product_tag","embeddable":true,"href":"https:\/\/czas.m2web.pl\/index.php?rest_route=%2Fwp%2Fv2%2Fproduct_tag&post=9351"}],"curies":[{"name":"wp","href":"https:\/\/api.w.org\/{rel}","templated":true}]}}