{"id":9357,"date":"2026-01-04T23:30:42","date_gmt":"2026-01-04T22:30:42","guid":{"rendered":"https:\/\/czas.m2web.pl\/?post_type=product&#038;p=9357"},"modified":"2026-01-04T23:31:15","modified_gmt":"2026-01-04T22:31:15","slug":"go-go-glam-zestaw-do-pielegnacji-paznokci-dla-dziewczynki-623020","status":"publish","type":"product","link":"https:\/\/czas.m2web.pl\/?product=go-go-glam-zestaw-do-pielegnacji-paznokci-dla-dziewczynki-623020","title":{"rendered":"GO-GO GLAM Zestaw do piel\u0119gnacji paznokci dla dziewczynki 623020"},"content":{"rendered":"<section class=\"section\">\n<div class=\"item item-6\">\n<section class=\"image-item\">\n            <img decoding=\"async\" src=\"https:\/\/upload.cdn.baselinker.com\/products\/3029707\/f8bce8bb1c0093913ab4d1358483285f.jpg\" \/><br \/>\n        <\/section>\n<\/p><\/div>\n<div class=\"item item-6\">\n<section class=\"text-item\">\n<h1>Zestaw do piel\u0119gnacji paznokci GO-GO GLAM Luna Toys<\/h1>\n<p><b>Diakakis 623020<\/b><\/p>\n<p>Odkryj magi\u0119 zabawy z zestawem do piel\u0119gnacji paznokci!<\/p>\n<p>Zestaw do piel\u0119gnacji paznokci Luna Toys Go Go Glam oferuje dzieciom bezpieczn\u0105 i przyjemn\u0105 piel\u0119gnacj\u0119 paznokci. Idealny do zabawy, kreatywno\u015bci i dla ma\u0142ych fashionistek, zawiera wszystkie niezb\u0119dne akcesoria do czystych i zadbanych paznokci.<\/p>\n<ul>\n<li>Bezpieczny i odpowiedni dla dzieci,<\/li>\n<li>Idealny jako prezent lub modny dodatek,<\/li>\n<li>\u0141atwy w u\u017cyciu \u2013 zmie\u015bci si\u0119 w ka\u017cdej torbie,<\/li>\n<li>Zestaw zawiera:\u00a02 lakiery do paznokci, 1 brokatowy pilniczek, 1 brokatowy separator palc\u00f3w u st\u00f3p i naklejk\u0119 na paznokcie<\/li>\n<li>Przetestowane zgodnie z europejskim rozporz\u0105dzeniem dotycz\u0105cym kosmetyk\u00f3w (nr 1223\/2009), zapewniaj\u0105ce dzieciom absolutne bezpiecze\u0144stwo i najwy\u017csz\u0105 jako\u015b\u0107,<\/li>\n<li>Odpowiednie dla dzieci w wieku 5+,<\/li>\n<li>Produkt wa\u017cny 6 miesi\u0119cy od otawrcia,<\/li>\n<li>Wymiary opakowania: 20 x 14 x 4 cm.<\/li>\n<\/ul>\n<p><b>INSTRUKCJA DOTYCZ\u0104CA LAKIERU DO PAZNOKCI:<\/b><\/p>\n<p>Na\u0142\u00f3\u017c cienk\u0105 warstw\u0119 lakieru do paznokci typu peel-off. Lakier do paznokci typu peel-off schnie kilka minut. Mo\u017cna go usun\u0105\u0107, odrywaj\u0105c go od paznokcia. Nie jest potrzebny zmywacz do paznokci. W pewnych warunkach, takich jak bardzo suche lub szorstkie paznokcie, mog\u0105 pojawi\u0107 si\u0119 przebarwienia, kt\u00f3re nie s\u0105 w \u017caden spos\u00f3b szkodliwe. Przebarwienia te mo\u017cna usun\u0105\u0107, wcieraj\u0105c w paznokcie oliwk\u0119 dla dzieci. Znikaj\u0105 one po jednym lub dw\u00f3ch dniach.<\/p>\n<p>Nie stosowa\u0107 wok\u00f3\u0142 oczu i na ustach.<\/p>\n<p><b>SK\u0141ADNIKI:<\/b><\/p>\n<p>WODA, KOPOLIMER STYRENU\/AKRYLAN\u00d3W, ALKOHOL POLIWINYLOWY,\u00a0KWAS POLIAKRYLOWY, GLIKOL PROPYLENOWY, MIKA, TRIETANOLOAMINA,\u00a0OKTANODIOL, ETYLOHEKSYLOGLICERYNA, AROMAT [Cytronellol, Geraniol, Linalol,\u00a0Alkohol benzylowy] [+\/-:\u00a0CI15850, CI15880, CI42090, CI45410, C177891]<\/p>\n<p>\u00a0<\/p>\n<p>\u00a0<\/p>\n<\/section><\/div>\n<\/section>\n<section class=\"section\">\n<div class=\"item item-12\">\n<section class=\"image-item\">\n            <img decoding=\"async\" src=\"https:\/\/upload.cdn.baselinker.com\/products\/3029707\/f8bce8bb1c0093913ab4d1358483285f.jpg\" \/><br \/>\n        <\/section>\n<\/p><\/div>\n<\/section>\n<section class=\"section\">\n<div class=\"item item-12\">\n<section class=\"image-item\">\n            <img decoding=\"async\" src=\"https:\/\/upload.cdn.baselinker.com\/products\/3029707\/837d030708d547ffa9b6207fdb6c7961.jpg\" \/><br \/>\n        <\/section>\n<\/p><\/div>\n<\/section>\n","protected":false},"excerpt":{"rendered":"<p>Zestaw do piel\u0119gnacji paznokci GO-GO GLAM Luna Toys Diakakis 623020 Odkryj magi\u0119 zabawy z zestawem do piel\u0119gnacji paznokci! Zestaw do<\/p>\n","protected":false},"featured_media":9436,"comment_status":"open","ping_status":"closed","template":"","meta":[],"product_brand":[],"product_cat":[284],"product_tag":[],"class_list":{"0":"post-9357","1":"product","2":"type-product","3":"status-publish","4":"has-post-thumbnail","6":"product_cat-dla-dziewczynki","8":"first","9":"instock","10":"shipping-taxable","11":"purchasable","12":"product-type-simple"},"_links":{"self":[{"href":"https:\/\/czas.m2web.pl\/index.php?rest_route=\/wp\/v2\/product\/9357","targetHints":{"allow":["GET"]}}],"collection":[{"href":"https:\/\/czas.m2web.pl\/index.php?rest_route=\/wp\/v2\/product"}],"about":[{"href":"https:\/\/czas.m2web.pl\/index.php?rest_route=\/wp\/v2\/types\/product"}],"replies":[{"embeddable":true,"href":"https:\/\/czas.m2web.pl\/index.php?rest_route=%2Fwp%2Fv2%2Fcomments&post=9357"}],"version-history":[{"count":0,"href":"https:\/\/czas.m2web.pl\/index.php?rest_route=\/wp\/v2\/product\/9357\/revisions"}],"wp:featuredmedia":[{"embeddable":true,"href":"https:\/\/czas.m2web.pl\/index.php?rest_route=\/wp\/v2\/media\/9436"}],"wp:attachment":[{"href":"https:\/\/czas.m2web.pl\/index.php?rest_route=%2Fwp%2Fv2%2Fmedia&parent=9357"}],"wp:term":[{"taxonomy":"product_brand","embeddable":true,"href":"https:\/\/czas.m2web.pl\/index.php?rest_route=%2Fwp%2Fv2%2Fproduct_brand&post=9357"},{"taxonomy":"product_cat","embeddable":true,"href":"https:\/\/czas.m2web.pl\/index.php?rest_route=%2Fwp%2Fv2%2Fproduct_cat&post=9357"},{"taxonomy":"product_tag","embeddable":true,"href":"https:\/\/czas.m2web.pl\/index.php?rest_route=%2Fwp%2Fv2%2Fproduct_tag&post=9357"}],"curies":[{"name":"wp","href":"https:\/\/api.w.org\/{rel}","templated":true}]}}