{"id":9358,"date":"2026-01-04T23:30:42","date_gmt":"2026-01-04T22:30:42","guid":{"rendered":"https:\/\/czas.m2web.pl\/?post_type=product&#038;p=9358"},"modified":"2026-01-04T23:31:15","modified_gmt":"2026-01-04T22:31:15","slug":"go-go-glam-zestaw-do-makijazu-dla-dziewczynki-623021","status":"publish","type":"product","link":"https:\/\/czas.m2web.pl\/?product=go-go-glam-zestaw-do-makijazu-dla-dziewczynki-623021","title":{"rendered":"GO-GO GLAM Zestaw do makija\u017cu dla dziewczynki 623021"},"content":{"rendered":"<section class=\"section\">\n<div class=\"item item-6\">\n<section class=\"image-item\">\n            <img decoding=\"async\" src=\"https:\/\/upload.cdn.baselinker.com\/products\/3029707\/8b38ecb3e3d1670631c0ab7adfbe8660.jpg\" \/><br \/>\n        <\/section>\n<\/p><\/div>\n<div class=\"item item-6\">\n<section class=\"text-item\">\n<h1>Zestaw do makija\u017cu GO-GO GLAM Luna Toys<\/h1>\n<p><b>Diakakis 623021<\/b><\/p>\n<p>Odkryj magi\u0119 zabawy z zestawem do makija\u017cu!<\/p>\n<p>Zestaw do makija\u017cu Luna Toys Go Go Glam oddaje magi\u0119 pi\u0119kna w r\u0119ce ma\u0142ych fashionistek! 6-elementowy zestaw do makija\u017cu zawiera wszystko, czego potrzebuj\u0105 do kreatywnej i bezpiecznej zabawy. Dzi\u0119ki kolorom i akcesoriom zaprojektowanym specjalnie dla dzieci, zestaw \u0142\u0105czy w sobie piel\u0119gnacj\u0119, zabaw\u0119 i kreatywno\u015b\u0107.<\/p>\n<ul>\n<li>Bezpieczny i odpowiedni dla dzieci,<\/li>\n<li>Idealny jako prezent lub modny dodatek,<\/li>\n<li>\u0141atwy w u\u017cyciu \u2013 zmie\u015bci si\u0119 w ka\u017cdej torbie,<\/li>\n<li>Zestaw zawiera:\u00a0\u00a01 lakier do paznokci, 2 szminki, 30 naklejek na paznokcie, 1 g\u0105bk\u0119 do cieni do powiek, 1 b\u0142yszczyk do ust<\/li>\n<li>Przetestowane zgodnie z europejskim rozporz\u0105dzeniem dotycz\u0105cym kosmetyk\u00f3w (nr 1223\/2009), zapewniaj\u0105ce dzieciom absolutne bezpiecze\u0144stwo i najwy\u017csz\u0105 jako\u015b\u0107,<\/li>\n<li>Odpowiednie dla dzieci w wieku 5+,<\/li>\n<li>Produkt wa\u017cny 6 miesi\u0119cy od otawrcia,<\/li>\n<li>Wymiary opakowania: 20 x 14 x 4 cm.<\/li>\n<\/ul>\n<p>\u00a0<\/p>\n<p>\u00a0<\/p>\n<\/section><\/div>\n<\/section>\n<section class=\"section\">\n<div class=\"item item-12\">\n<section class=\"text-item\">\n<p>LAKIER DO PAZNOKCI &#8211; Pojemno\u015b\u0107 netto: 8 ml<\/p>\n<p>SK\u0141ADNIKI:<\/p>\n<p>WODA, KOPOLIMER STYRENU\/AKRYLAN\u00d3W, ALKOHOL POLIWINYLOWY, KWAS POLIAKRYLOWY, GLIKOL PROPYLENOWY, MIKA, TRIETANOLOAMINA, OKTANODIOL, ETYLOHEKSYLOGLICERYNA, AROMAT [Cytronellol, Geraniol, Linalool, Alkohol benzylowy] [+\/-: CI15850, CI15880, CI77891]<\/p>\n<p>INSTRUKCJA DOTYCZ\u0104CA LAKIERU DO PAZNOKCI:<\/p>\n<p>Na\u0142\u00f3\u017c cienk\u0105 warstw\u0119 lakieru do paznokci typu peel-off. Lakier do paznokci typu peel-off schnie kilka minut. Lakier mo\u017cna usun\u0105\u0107, zrywaj\u0105c go z paznokcia. Nie jest wymagany zmywacz do paznokci. W pewnych warunkach, takich jak bardzo suche lub szorstkie paznokcie, mog\u0105 pojawi\u0107 si\u0119 przebarwienia, kt\u00f3re nie s\u0105 w \u017caden spos\u00f3b szkodliwe. Przebarwienia te mo\u017cna usun\u0105\u0107, wcieraj\u0105c w paznokcie oliwk\u0119 dla dzieci. Znikaj\u0105 one po jednym lub dw\u00f3ch dniach.<\/p>\n<p>POMADKA \u2013 Waga netto: 2 x 0,5 g<\/p>\n<p>SK\u0141ADNIKI:<\/p>\n<p>WAZELINA, PARAFINA CIEK\u0141A (OLEJ MINERALNY), CERA MICROCRISTALLINA, POLIZOBUTEN, WOSK PSZCZELI (CERA ALBA), TRIMELITAN TRIDECYLU, CERESYNA, PALMITAN IZOPROPYLU, CERA CARNAUBA, PROPYLPARABEN [+\/-: CI15850, CI45410, CI77891]<\/p>\n<p>\u00a0<\/p>\n<p>B\u0141YSZCZYK DO UST \u2013 Waga netto: 3 g<\/p>\n<p>SK\u0141ADNIKI:<\/p>\n<p>PARAFINA CIEK\u0141A (OLEJ MINERALNY), POLIZOBUTEN, KRZEMIONKA DIMETYLOSILINOWA, UWODORNIONY KOPOLIMER STYRENU\/IZOPRENU, KWAS STEARYNOWY, WOSK PSZCZELI (CERA ALBA), MIKA, PROPYLPARABEN [+\/-:CI45380, CI77891]<\/p>\n<\/section><\/div>\n<\/section>\n<section class=\"section\">\n<div class=\"item item-12\">\n<section class=\"image-item\">\n            <img decoding=\"async\" src=\"https:\/\/upload.cdn.baselinker.com\/products\/3029707\/8b38ecb3e3d1670631c0ab7adfbe8660.jpg\" \/><br \/>\n        <\/section>\n<\/p><\/div>\n<\/section>\n<section class=\"section\">\n<div class=\"item item-12\">\n<section class=\"image-item\">\n            <img decoding=\"async\" src=\"https:\/\/upload.cdn.baselinker.com\/products\/3029707\/544f967292a70e432de014f763e70e2b.jpg\" \/><br \/>\n        <\/section>\n<\/p><\/div>\n<\/section>\n","protected":false},"excerpt":{"rendered":"<p>Zestaw do makija\u017cu GO-GO GLAM Luna Toys Diakakis 623021 Odkryj magi\u0119 zabawy z zestawem do makija\u017cu! Zestaw do makija\u017cu Luna<\/p>\n","protected":false},"featured_media":9438,"comment_status":"open","ping_status":"closed","template":"","meta":[],"product_brand":[],"product_cat":[284],"product_tag":[],"class_list":{"0":"post-9358","1":"product","2":"type-product","3":"status-publish","4":"has-post-thumbnail","6":"product_cat-dla-dziewczynki","8":"first","9":"instock","10":"shipping-taxable","11":"purchasable","12":"product-type-simple"},"_links":{"self":[{"href":"https:\/\/czas.m2web.pl\/index.php?rest_route=\/wp\/v2\/product\/9358","targetHints":{"allow":["GET"]}}],"collection":[{"href":"https:\/\/czas.m2web.pl\/index.php?rest_route=\/wp\/v2\/product"}],"about":[{"href":"https:\/\/czas.m2web.pl\/index.php?rest_route=\/wp\/v2\/types\/product"}],"replies":[{"embeddable":true,"href":"https:\/\/czas.m2web.pl\/index.php?rest_route=%2Fwp%2Fv2%2Fcomments&post=9358"}],"version-history":[{"count":0,"href":"https:\/\/czas.m2web.pl\/index.php?rest_route=\/wp\/v2\/product\/9358\/revisions"}],"wp:featuredmedia":[{"embeddable":true,"href":"https:\/\/czas.m2web.pl\/index.php?rest_route=\/wp\/v2\/media\/9438"}],"wp:attachment":[{"href":"https:\/\/czas.m2web.pl\/index.php?rest_route=%2Fwp%2Fv2%2Fmedia&parent=9358"}],"wp:term":[{"taxonomy":"product_brand","embeddable":true,"href":"https:\/\/czas.m2web.pl\/index.php?rest_route=%2Fwp%2Fv2%2Fproduct_brand&post=9358"},{"taxonomy":"product_cat","embeddable":true,"href":"https:\/\/czas.m2web.pl\/index.php?rest_route=%2Fwp%2Fv2%2Fproduct_cat&post=9358"},{"taxonomy":"product_tag","embeddable":true,"href":"https:\/\/czas.m2web.pl\/index.php?rest_route=%2Fwp%2Fv2%2Fproduct_tag&post=9358"}],"curies":[{"name":"wp","href":"https:\/\/api.w.org\/{rel}","templated":true}]}}