{"id":9405,"date":"2026-01-04T23:31:03","date_gmt":"2026-01-04T22:31:03","guid":{"rendered":"https:\/\/czas.m2web.pl\/?post_type=product&#038;p=9405"},"modified":"2026-01-04T23:31:30","modified_gmt":"2026-01-04T22:31:30","slug":"poduszka-podrozna-samochod-samolot-rogal-na-szyje-pianka-memory-pies","status":"publish","type":"product","link":"https:\/\/czas.m2web.pl\/?product=poduszka-podrozna-samochod-samolot-rogal-na-szyje-pianka-memory-pies","title":{"rendered":"Poduszka podr\u00f3\u017cna samoch\u00f3d samolot rogal na szyj\u0119, pianka memory PIES"},"content":{"rendered":"<section class=\"section\">\n<div class=\"item item-6\">\n<section class=\"image-item\">\n            <img decoding=\"async\" src=\"https:\/\/upload.cdn.baselinker.com\/products\/3029707\/30b7a4b5be756b8f2b4e5c3fa8f98aba.jpg\" \/><br \/>\n        <\/section>\n<\/p><\/div>\n<div class=\"item item-6\">\n<section class=\"text-item\">\n<h1>Poduszka podr\u00f3\u017cna, rogal na szyj\u0119 Pies<\/h1>\n<p><b>Princess Traveller 140103<\/b><\/p>\n<p>Poduszka podr\u00f3\u017cna dla dzieci Princess Traveller (Memory Foam) to produkt, kt\u00f3ry zapewnia komfort i wsparcie podczas podr\u00f3\u017cy.\u00a0<\/p>\n<ul>\n<li>Ergonomiczny kszta\u0142t zapewnia optymalne podparcie dla szyi i g\u0142owy,<\/li>\n<li>Niezb\u0119dna do ochrony kr\u0119gos\u0142upa szyjnego u dzieci podr\u00f3\u017cuj\u0105cych samochodem lub samolotem przez d\u0142u\u017cszy czas,<\/li>\n<li>Zabawny, przyjazny dla dzieci design ze wzorem Pieska,<\/li>\n<li>Wykonana z mi\u0119kkiego i wygodnego materia\u0142u, przypominaj\u0105cego aksamit,<\/li>\n<li>Wype\u0142niona piank\u0105 memory, dzi\u0119ki czemu dopasowuje si\u0119 do kszta\u0142tu szyi i g\u0142owy zapewniaj\u0105c pe\u0142en komfort.\u00a0<\/li>\n<li>Poduszka po rozpakowaniu potrzebuje oko\u0142o godziny aby nabra\u0107 pe\u0142nych kszta\u0142t\u00f3w.<\/li>\n<li>Zdejmowany pokrowiec u\u0142atwia pranie,<\/li>\n<li>Na ko\u0144cach poduszki zapi\u0119cie na zatrzask,<\/li>\n<li>Na g\u00f3rze poduszki uchwyt u\u0142atwiaj\u0105cy zawieszenie.<\/li>\n<\/ul>\n<p>Wymiary: 31 x 31 x 9 cm.<\/p>\n<p>Wiek: 3+.<\/p>\n<p>Staramy si\u0119, aby zdj\u0119cia naszych produkt\u00f3w wiernie oddawa\u0142y rzeczywisty kolor przedmiotu. Jednak\u017ce, ze wzgl\u0119du na r\u00f3\u017cnice w ustawieniach monitor\u00f3w i urz\u0105dze\u0144 (jasno\u015b\u0107, kontrast, nasycenie, itp.) mo\u017ce wyst\u0105pi\u0107 niewielka r\u00f3\u017cnica w kolorze mi\u0119dzy tym, co jest pokazane na stronie, a produktem finalnym.<\/p>\n<\/section><\/div>\n<\/section>\n<section class=\"section\">\n<div class=\"item item-12\">\n<section class=\"image-item\">\n            <img decoding=\"async\" src=\"https:\/\/upload.cdn.baselinker.com\/products\/3029707\/30b7a4b5be756b8f2b4e5c3fa8f98aba.jpg\" \/><br \/>\n        <\/section>\n<\/p><\/div>\n<\/section>\n<section class=\"section\">\n<div class=\"item item-12\">\n<section class=\"image-item\">\n<\/section><\/div>\n<\/section>\n<section class=\"section\">\n<div class=\"item item-12\">\n<section class=\"image-item\">\n<\/section><\/div>\n<\/section>\n<section class=\"section\">\n<div class=\"item item-12\">\n<section class=\"image-item\">\n<\/section><\/div>\n<\/section>\n","protected":false},"excerpt":{"rendered":"<p>Poduszka podr\u00f3\u017cna, rogal na szyj\u0119 Pies Princess Traveller 140103 Poduszka podr\u00f3\u017cna dla dzieci Princess Traveller (Memory Foam) to produkt, kt\u00f3ry<\/p>\n","protected":false},"featured_media":9489,"comment_status":"open","ping_status":"closed","template":"","meta":[],"product_brand":[],"product_cat":[17],"product_tag":[],"class_list":{"0":"post-9405","1":"product","2":"type-product","3":"status-publish","4":"has-post-thumbnail","6":"product_cat-dla-najmlodszych","8":"first","9":"instock","10":"shipping-taxable","11":"purchasable","12":"product-type-simple"},"_links":{"self":[{"href":"https:\/\/czas.m2web.pl\/index.php?rest_route=\/wp\/v2\/product\/9405","targetHints":{"allow":["GET"]}}],"collection":[{"href":"https:\/\/czas.m2web.pl\/index.php?rest_route=\/wp\/v2\/product"}],"about":[{"href":"https:\/\/czas.m2web.pl\/index.php?rest_route=\/wp\/v2\/types\/product"}],"replies":[{"embeddable":true,"href":"https:\/\/czas.m2web.pl\/index.php?rest_route=%2Fwp%2Fv2%2Fcomments&post=9405"}],"version-history":[{"count":0,"href":"https:\/\/czas.m2web.pl\/index.php?rest_route=\/wp\/v2\/product\/9405\/revisions"}],"wp:featuredmedia":[{"embeddable":true,"href":"https:\/\/czas.m2web.pl\/index.php?rest_route=\/wp\/v2\/media\/9489"}],"wp:attachment":[{"href":"https:\/\/czas.m2web.pl\/index.php?rest_route=%2Fwp%2Fv2%2Fmedia&parent=9405"}],"wp:term":[{"taxonomy":"product_brand","embeddable":true,"href":"https:\/\/czas.m2web.pl\/index.php?rest_route=%2Fwp%2Fv2%2Fproduct_brand&post=9405"},{"taxonomy":"product_cat","embeddable":true,"href":"https:\/\/czas.m2web.pl\/index.php?rest_route=%2Fwp%2Fv2%2Fproduct_cat&post=9405"},{"taxonomy":"product_tag","embeddable":true,"href":"https:\/\/czas.m2web.pl\/index.php?rest_route=%2Fwp%2Fv2%2Fproduct_tag&post=9405"}],"curies":[{"name":"wp","href":"https:\/\/api.w.org\/{rel}","templated":true}]}}