{"id":9464,"date":"2026-01-04T23:31:25","date_gmt":"2026-01-04T22:31:25","guid":{"rendered":"https:\/\/czas.m2web.pl\/?post_type=product&#038;p=9464"},"modified":"2026-01-04T23:31:37","modified_gmt":"2026-01-04T22:31:37","slug":"bling-bandz-brasnsoletka-z-charmsami","status":"publish","type":"product","link":"https:\/\/czas.m2web.pl\/?product=bling-bandz-brasnsoletka-z-charmsami","title":{"rendered":"BLING BANDZ &#8211; BRASNSOLETKA Z CHARMSAMI"},"content":{"rendered":"<section class=\"section\">\n<div class=\"item item-6\">\n<section class=\"image-item\">\n            <img decoding=\"async\" src=\"https:\/\/upload.cdn.baselinker.com\/products\/3029707\/957751ffef2f8574f7bdaf0125b73d02.jpg\" \/><br \/>\n        <\/section>\n<\/p><\/div>\n<div class=\"item item-6\">\n<section class=\"text-item\">\n<h1>Bling Bandz &#8211; Bransoletka z charmsami<\/h1>\n<p>Stw\u00f3rz najpi\u0119kniejsze bransoletki z zestawem Bling Bandz DIY!\u00a0<\/p>\n<p>Uwielbiasz bi\u017cuteri\u0119 i kreatywno\u015b\u0107? Ten zestaw Bling Bandz jest idealny dla Ciebie! Dzi\u0119ki kolorowym sznurkom, zawieszkom i akcesoriom mo\u017cesz w mgnieniu oka zaprojektowa\u0107 w\u0142asne, niepowtarzalne bransoletki. W pe\u0142ni w Twoim stylu \u2013 od awangardowych po super dziewcz\u0119ce.<\/p>\n<p>Dlaczego chcesz ten zestaw:<\/p>\n<ul>\n<li>Tw\u00f3rz niesko\u0144czone kombinacje dzi\u0119ki do\u0142\u0105czonym zawieszkom i koralikom<\/li>\n<li>Zabawa w pojedynk\u0119, ale jeszcze lepsza ze znajomymi<\/li>\n<li>\u015awietny prezent dla Twojej najlepszej przyjaci\u00f3\u0142ki lub do noszenia samemu<\/li>\n<\/ul>\n<p>Z Bling Bandz stworzysz co\u015b wi\u0119cej ni\u017c tylko bransoletki \u2013 prawdziwe pere\u0142ki, kt\u00f3re dope\u0142ni\u0105 Twoj\u0105 stylizacj\u0119. Pozw\u00f3l swojej kreatywno\u015bci zab\u0142ysn\u0105\u0107!<\/p>\n<p>Wymiary pude\u0142ka: 15 x 13 x 1,5 cm.<\/p>\n<p>Wiek: 6+.<\/p>\n<h2>UWAGA!<\/h2>\n<h2>Po zakupie bransoletki prosz\u0119 napisa\u0107 numer wzoru. W przypadku braku wybory wy\u015blemy produkt losowo.<\/h2>\n<\/section><\/div>\n<\/section>\n<section class=\"section\">\n<div class=\"item item-12\">\n<section class=\"image-item\">\n            <img decoding=\"async\" src=\"https:\/\/upload.cdn.baselinker.com\/products\/3029707\/60d73065f363a47ee982d3d1604cc783.jpg\" \/><br \/>\n        <\/section>\n<\/p><\/div>\n<\/section>\n<section class=\"section\">\n<div class=\"item item-12\">\n<section class=\"image-item\">\n            <img decoding=\"async\" src=\"https:\/\/upload.cdn.baselinker.com\/products\/3029707\/a09a6b4065ab881ca7068ed9130330b9.jpg\" \/><br \/>\n        <\/section>\n<\/p><\/div>\n<\/section>\n<section class=\"section\">\n<div class=\"item item-6\">\n<section class=\"image-item\">\n            <img decoding=\"async\" src=\"https:\/\/upload.cdn.baselinker.com\/products\/3029707\/e56d63b98c5df3695c71678f9c9c4dc6.jpg\" \/><br \/>\n        <\/section>\n<\/p><\/div>\n<div class=\"item item-6\">\n<section class=\"image-item\">\n            <img decoding=\"async\" src=\"https:\/\/upload.cdn.baselinker.com\/products\/3029707\/0f5c87b8176bb5129ee3f2bf190672df.jpg\" \/><br \/>\n        <\/section>\n<\/p><\/div>\n<\/section>\n<section class=\"section\">\n<div class=\"item item-6\">\n<section class=\"image-item\">\n            <img decoding=\"async\" src=\"https:\/\/upload.cdn.baselinker.com\/products\/3029707\/ee1126eab509b0c592c6c1a74a6ddd7d.jpg\" \/><br \/>\n        <\/section>\n<\/p><\/div>\n<div class=\"item item-6\">\n<section class=\"image-item\">\n            <img decoding=\"async\" src=\"https:\/\/upload.cdn.baselinker.com\/products\/3029707\/048fb122c112197d2a4340718d36c0cc.jpg\" \/><br \/>\n        <\/section>\n<\/p><\/div>\n<\/section>\n<section class=\"section\">\n<div class=\"item item-6\">\n<section class=\"image-item\">\n            <img decoding=\"async\" src=\"https:\/\/upload.cdn.baselinker.com\/products\/3029707\/74e40f8e558c685f615bd92cee493c37.jpg\" \/><br \/>\n        <\/section>\n<\/p><\/div>\n<div class=\"item item-6\">\n<section class=\"image-item\">\n            <img decoding=\"async\" src=\"https:\/\/upload.cdn.baselinker.com\/products\/3029707\/8e1feab61d0e5d6fab45abacbab16e25.jpg\" \/><br \/>\n        <\/section>\n<\/p><\/div>\n<\/section>\n","protected":false},"excerpt":{"rendered":"<p>Bling Bandz &#8211; Bransoletka z charmsami Stw\u00f3rz najpi\u0119kniejsze bransoletki z zestawem Bling Bandz DIY!\u00a0 Uwielbiasz bi\u017cuteri\u0119 i kreatywno\u015b\u0107? Ten zestaw<\/p>\n","protected":false},"featured_media":9495,"comment_status":"open","ping_status":"closed","template":"","meta":[],"product_brand":[],"product_cat":[284],"product_tag":[],"class_list":{"0":"post-9464","1":"product","2":"type-product","3":"status-publish","4":"has-post-thumbnail","6":"product_cat-dla-dziewczynki","8":"first","9":"instock","10":"shipping-taxable","11":"purchasable","12":"product-type-simple"},"_links":{"self":[{"href":"https:\/\/czas.m2web.pl\/index.php?rest_route=\/wp\/v2\/product\/9464","targetHints":{"allow":["GET"]}}],"collection":[{"href":"https:\/\/czas.m2web.pl\/index.php?rest_route=\/wp\/v2\/product"}],"about":[{"href":"https:\/\/czas.m2web.pl\/index.php?rest_route=\/wp\/v2\/types\/product"}],"replies":[{"embeddable":true,"href":"https:\/\/czas.m2web.pl\/index.php?rest_route=%2Fwp%2Fv2%2Fcomments&post=9464"}],"version-history":[{"count":0,"href":"https:\/\/czas.m2web.pl\/index.php?rest_route=\/wp\/v2\/product\/9464\/revisions"}],"wp:featuredmedia":[{"embeddable":true,"href":"https:\/\/czas.m2web.pl\/index.php?rest_route=\/wp\/v2\/media\/9495"}],"wp:attachment":[{"href":"https:\/\/czas.m2web.pl\/index.php?rest_route=%2Fwp%2Fv2%2Fmedia&parent=9464"}],"wp:term":[{"taxonomy":"product_brand","embeddable":true,"href":"https:\/\/czas.m2web.pl\/index.php?rest_route=%2Fwp%2Fv2%2Fproduct_brand&post=9464"},{"taxonomy":"product_cat","embeddable":true,"href":"https:\/\/czas.m2web.pl\/index.php?rest_route=%2Fwp%2Fv2%2Fproduct_cat&post=9464"},{"taxonomy":"product_tag","embeddable":true,"href":"https:\/\/czas.m2web.pl\/index.php?rest_route=%2Fwp%2Fv2%2Fproduct_tag&post=9464"}],"curies":[{"name":"wp","href":"https:\/\/api.w.org\/{rel}","templated":true}]}}