{"id":9465,"date":"2026-01-04T23:31:25","date_gmt":"2026-01-04T22:31:25","guid":{"rendered":"https:\/\/czas.m2web.pl\/?post_type=product&#038;p=9465"},"modified":"2026-01-04T23:31:37","modified_gmt":"2026-01-04T22:31:37","slug":"breloczek-3d-zawieszka-hello-kitty-490218","status":"publish","type":"product","link":"https:\/\/czas.m2web.pl\/?product=breloczek-3d-zawieszka-hello-kitty-490218","title":{"rendered":"Breloczek 3D Zawieszka Hello Kitty 490218"},"content":{"rendered":"<section class=\"section\">\n<div class=\"item item-6\">\n<section class=\"image-item\">\n            <img decoding=\"async\" src=\"https:\/\/upload.cdn.baselinker.com\/products\/3029707\/97faf176869800613ed32dd772593b23.jpg\" \/><br \/>\n        <\/section>\n<\/p><\/div>\n<div class=\"item item-6\">\n<section class=\"text-item\">\n<h1>Breloczek 3D Zawieszka Hello Kitty And Friends<\/h1>\n<p>Diakakis 490218<\/p>\n<p>Breloczek do kluczy z bohaterem Hello Kitty.<\/p>\n<p>W komplecie opaska na rek\u0119 z nazw\u0105 Hello Kitty And Friends, zawieszka-figurka Hello Kitty z Kuromi i My Melody oraz ma\u0142a zawieszka z Hello Kitty.<\/p>\n<p>Zawieszki i opaska wykonane z mi\u0119kkiego tworzywa.<\/p>\n<p>Produkt na oficjalnej licencji Sanrio.<\/p>\n<p>Wymiary wi\u0119kszej zawieszki: 56 x 55 x 4 mm.<\/p>\n<p>Wiek: 3+.<\/p>\n<\/section><\/div>\n<\/section>\n<section class=\"section\">\n<div class=\"item item-12\">\n<section class=\"image-item\">\n            <img decoding=\"async\" src=\"https:\/\/upload.cdn.baselinker.com\/products\/3029707\/97faf176869800613ed32dd772593b23.jpg\" \/><br \/>\n        <\/section>\n<\/p><\/div>\n<\/section>\n","protected":false},"excerpt":{"rendered":"<p>Breloczek 3D Zawieszka Hello Kitty And Friends Diakakis 490218 Breloczek do kluczy z bohaterem Hello Kitty. W komplecie opaska na<\/p>\n","protected":false},"featured_media":9504,"comment_status":"open","ping_status":"closed","template":"","meta":[],"product_brand":[],"product_cat":[284],"product_tag":[],"class_list":{"0":"post-9465","1":"product","2":"type-product","3":"status-publish","4":"has-post-thumbnail","6":"product_cat-dla-dziewczynki","8":"first","9":"instock","10":"shipping-taxable","11":"purchasable","12":"product-type-simple"},"_links":{"self":[{"href":"https:\/\/czas.m2web.pl\/index.php?rest_route=\/wp\/v2\/product\/9465","targetHints":{"allow":["GET"]}}],"collection":[{"href":"https:\/\/czas.m2web.pl\/index.php?rest_route=\/wp\/v2\/product"}],"about":[{"href":"https:\/\/czas.m2web.pl\/index.php?rest_route=\/wp\/v2\/types\/product"}],"replies":[{"embeddable":true,"href":"https:\/\/czas.m2web.pl\/index.php?rest_route=%2Fwp%2Fv2%2Fcomments&post=9465"}],"version-history":[{"count":0,"href":"https:\/\/czas.m2web.pl\/index.php?rest_route=\/wp\/v2\/product\/9465\/revisions"}],"wp:featuredmedia":[{"embeddable":true,"href":"https:\/\/czas.m2web.pl\/index.php?rest_route=\/wp\/v2\/media\/9504"}],"wp:attachment":[{"href":"https:\/\/czas.m2web.pl\/index.php?rest_route=%2Fwp%2Fv2%2Fmedia&parent=9465"}],"wp:term":[{"taxonomy":"product_brand","embeddable":true,"href":"https:\/\/czas.m2web.pl\/index.php?rest_route=%2Fwp%2Fv2%2Fproduct_brand&post=9465"},{"taxonomy":"product_cat","embeddable":true,"href":"https:\/\/czas.m2web.pl\/index.php?rest_route=%2Fwp%2Fv2%2Fproduct_cat&post=9465"},{"taxonomy":"product_tag","embeddable":true,"href":"https:\/\/czas.m2web.pl\/index.php?rest_route=%2Fwp%2Fv2%2Fproduct_tag&post=9465"}],"curies":[{"name":"wp","href":"https:\/\/api.w.org\/{rel}","templated":true}]}}