{"id":9467,"date":"2026-01-04T23:31:25","date_gmt":"2026-01-04T22:31:25","guid":{"rendered":"https:\/\/czas.m2web.pl\/?post_type=product&#038;p=9467"},"modified":"2026-01-04T23:31:39","modified_gmt":"2026-01-04T22:31:39","slug":"pamietnik-notes-na-szyfr-dlugopis-uv-jednorozec-hot-focus","status":"publish","type":"product","link":"https:\/\/czas.m2web.pl\/?product=pamietnik-notes-na-szyfr-dlugopis-uv-jednorozec-hot-focus","title":{"rendered":"PAMI\u0118TNIK NOTES NA SZYFR + D\u0141UGOPIS UV &#8211; JEDNORO\u017bEC HOT FOCUS"},"content":{"rendered":"<section class=\"section\">\n<div class=\"item item-6\">\n<section class=\"image-item\">\n            <img decoding=\"async\" src=\"https:\/\/upload.cdn.baselinker.com\/products\/3029707\/a36d794b8bffe9b7e9b5cd85330a1174.jpg\" \/><br \/>\n        <\/section>\n<\/p><\/div>\n<div class=\"item item-6\">\n<section class=\"text-item\">\n<h1>Pami\u0119tnik na szyfr &#8211; Jednoro\u017cec<\/h1>\n<p>Hot Focus 175204GD\u00a0<\/p>\n<p>Pami\u0119tnik w linie zamykany na szyfr. Do zestawu do\u0142\u0105czony jest d\u0142ugopis z dwoma ko\u0144c\u00f3wkami \u2013 jedna to tradycyjny d\u0142ugopis do pisania, a druga to \u2018niewidzialny tusz\u2019. Zapiski tym tuszem b\u0119d\u0105 widoczne po pod\u015bwietleniu ich specjaln\u0105 lampk\u0105 UV, kt\u00f3ra znajduje si\u0119 w zatyczce d\u0142ugopisu. Ok\u0142adka ozdobiona jest przezroczystm okienkiem z przesypuj\u0105cymi si\u0119 koralikami.<\/p>\n<ul>\n<li>Wymagane baterie: 3xAG3 (LR41), zawarte w zestawie.<\/li>\n<\/ul>\n<p>Instrukcja u\u017cytkowania:<\/p>\n<p>1. Wci\u015bnij 4-cyfrowy kod (kod znajduje si\u0119 na metce oraz z ty\u0142u zamka).<\/p>\n<p>2. Naci\u015bnij \u015brodkowy przycisk na zamku szyfrowym i otw\u00f3rz pami\u0119tnik.<\/p>\n<p>3. Aby ponownie zablokowa\u0107 pami\u0119tnik zamknij go i wci\u015bnij z powrotem przyciski kodu.<\/p>\n<ul>\n<li>Wymiary pami\u0119tnika 11,5 x 15 cm<\/li>\n<li>Wymiary opakowania: 21,5 x 21,5 x 3 cm.<\/li>\n<li>Wiek: 5+.<\/li>\n<\/ul>\n<\/section><\/div>\n<\/section>\n<section class=\"section\">\n<div class=\"item item-12\">\n<section class=\"image-item\">\n            <img decoding=\"async\" src=\"https:\/\/upload.cdn.baselinker.com\/products\/3029707\/a36d794b8bffe9b7e9b5cd85330a1174.jpg\" \/><br \/>\n        <\/section>\n<\/p><\/div>\n<\/section>\n<section class=\"section\">\n<div class=\"item item-12\">\n<section class=\"image-item\">\n<\/section><\/div>\n<\/section>\n<section class=\"section\">\n<div class=\"item item-12\">\n<section class=\"image-item\">\n<\/section><\/div>\n<\/section>\n","protected":false},"excerpt":{"rendered":"<p>Pami\u0119tnik na szyfr &#8211; Jednoro\u017cec Hot Focus 175204GD\u00a0 Pami\u0119tnik w linie zamykany na szyfr. Do zestawu do\u0142\u0105czony jest d\u0142ugopis z<\/p>\n","protected":false},"featured_media":9507,"comment_status":"open","ping_status":"closed","template":"","meta":[],"product_brand":[],"product_cat":[284],"product_tag":[],"class_list":{"0":"post-9467","1":"product","2":"type-product","3":"status-publish","4":"has-post-thumbnail","6":"product_cat-dla-dziewczynki","8":"first","9":"instock","10":"shipping-taxable","11":"purchasable","12":"product-type-simple"},"_links":{"self":[{"href":"https:\/\/czas.m2web.pl\/index.php?rest_route=\/wp\/v2\/product\/9467","targetHints":{"allow":["GET"]}}],"collection":[{"href":"https:\/\/czas.m2web.pl\/index.php?rest_route=\/wp\/v2\/product"}],"about":[{"href":"https:\/\/czas.m2web.pl\/index.php?rest_route=\/wp\/v2\/types\/product"}],"replies":[{"embeddable":true,"href":"https:\/\/czas.m2web.pl\/index.php?rest_route=%2Fwp%2Fv2%2Fcomments&post=9467"}],"version-history":[{"count":0,"href":"https:\/\/czas.m2web.pl\/index.php?rest_route=\/wp\/v2\/product\/9467\/revisions"}],"wp:featuredmedia":[{"embeddable":true,"href":"https:\/\/czas.m2web.pl\/index.php?rest_route=\/wp\/v2\/media\/9507"}],"wp:attachment":[{"href":"https:\/\/czas.m2web.pl\/index.php?rest_route=%2Fwp%2Fv2%2Fmedia&parent=9467"}],"wp:term":[{"taxonomy":"product_brand","embeddable":true,"href":"https:\/\/czas.m2web.pl\/index.php?rest_route=%2Fwp%2Fv2%2Fproduct_brand&post=9467"},{"taxonomy":"product_cat","embeddable":true,"href":"https:\/\/czas.m2web.pl\/index.php?rest_route=%2Fwp%2Fv2%2Fproduct_cat&post=9467"},{"taxonomy":"product_tag","embeddable":true,"href":"https:\/\/czas.m2web.pl\/index.php?rest_route=%2Fwp%2Fv2%2Fproduct_tag&post=9467"}],"curies":[{"name":"wp","href":"https:\/\/api.w.org\/{rel}","templated":true}]}}