{"id":9479,"date":"2026-01-04T23:31:25","date_gmt":"2026-01-04T22:31:25","guid":{"rendered":"https:\/\/czas.m2web.pl\/?post_type=product&#038;p=9479"},"modified":"2026-01-04T23:31:56","modified_gmt":"2026-01-04T22:31:56","slug":"zestaw-zakreslacze-naklejki-gumki-olowki-hot-focus-345gb","status":"publish","type":"product","link":"https:\/\/czas.m2web.pl\/?product=zestaw-zakreslacze-naklejki-gumki-olowki-hot-focus-345gb","title":{"rendered":"ZESTAW ZAKRE\u015aLACZE + NAKLEJKI + GUMKI + O\u0141\u00d3WKI &#8211; HOT FOCUS 345GB"},"content":{"rendered":"<section class=\"section\">\n<div class=\"item item-6\">\n<section class=\"image-item\">\n            <img decoding=\"async\" src=\"https:\/\/upload.cdn.baselinker.com\/products\/3029707\/2282b3776fc8c949d0ce4066ccb4e367.jpg\" \/><br \/>\n        <\/section>\n<\/p><\/div>\n<div class=\"item item-6\">\n<section class=\"text-item\">\n<h1>HOT FOCUS Zestaw \u017belkowe Misie<\/h1>\n<p>Hot Focus 345GB<\/p>\n<p>Zestaw Hot Focus zawiera:\u00a0<\/p>\n<ul>\n<li>4 gumki do mazania w kszta\u0142cie S\u0142odyczy.<\/li>\n<li>4 zakre\u015blacze.<\/li>\n<li>5-w-1 o\u0142\u00f3wek sk\u0142adany niewymagaj\u0105cy temperowania (w kszta\u0142cie \u017celkowych mi\u015bk\u00f3w).<\/li>\n<li>1 arkusz naklejek.<\/li>\n<li>Produkt przeznaczony dla dzieci w wieku 5+.<\/li>\n<\/ul>\n<\/section><\/div>\n<\/section>\n<section class=\"section\">\n<div class=\"item item-12\">\n<section class=\"image-item\">\n            <img decoding=\"async\" src=\"https:\/\/upload.cdn.baselinker.com\/products\/3029707\/2282b3776fc8c949d0ce4066ccb4e367.jpg\" \/><br \/>\n        <\/section>\n<\/p><\/div>\n<\/section>\n","protected":false},"excerpt":{"rendered":"<p>HOT FOCUS Zestaw \u017belkowe Misie Hot Focus 345GB Zestaw Hot Focus zawiera:\u00a0 4 gumki do mazania w kszta\u0142cie S\u0142odyczy. 4<\/p>\n","protected":false},"featured_media":9537,"comment_status":"open","ping_status":"closed","template":"","meta":[],"product_brand":[],"product_cat":[284],"product_tag":[],"class_list":{"0":"post-9479","1":"product","2":"type-product","3":"status-publish","4":"has-post-thumbnail","6":"product_cat-dla-dziewczynki","8":"first","9":"instock","10":"shipping-taxable","11":"purchasable","12":"product-type-simple"},"_links":{"self":[{"href":"https:\/\/czas.m2web.pl\/index.php?rest_route=\/wp\/v2\/product\/9479","targetHints":{"allow":["GET"]}}],"collection":[{"href":"https:\/\/czas.m2web.pl\/index.php?rest_route=\/wp\/v2\/product"}],"about":[{"href":"https:\/\/czas.m2web.pl\/index.php?rest_route=\/wp\/v2\/types\/product"}],"replies":[{"embeddable":true,"href":"https:\/\/czas.m2web.pl\/index.php?rest_route=%2Fwp%2Fv2%2Fcomments&post=9479"}],"version-history":[{"count":0,"href":"https:\/\/czas.m2web.pl\/index.php?rest_route=\/wp\/v2\/product\/9479\/revisions"}],"wp:featuredmedia":[{"embeddable":true,"href":"https:\/\/czas.m2web.pl\/index.php?rest_route=\/wp\/v2\/media\/9537"}],"wp:attachment":[{"href":"https:\/\/czas.m2web.pl\/index.php?rest_route=%2Fwp%2Fv2%2Fmedia&parent=9479"}],"wp:term":[{"taxonomy":"product_brand","embeddable":true,"href":"https:\/\/czas.m2web.pl\/index.php?rest_route=%2Fwp%2Fv2%2Fproduct_brand&post=9479"},{"taxonomy":"product_cat","embeddable":true,"href":"https:\/\/czas.m2web.pl\/index.php?rest_route=%2Fwp%2Fv2%2Fproduct_cat&post=9479"},{"taxonomy":"product_tag","embeddable":true,"href":"https:\/\/czas.m2web.pl\/index.php?rest_route=%2Fwp%2Fv2%2Fproduct_tag&post=9479"}],"curies":[{"name":"wp","href":"https:\/\/api.w.org\/{rel}","templated":true}]}}