{"id":9480,"date":"2026-01-04T23:31:25","date_gmt":"2026-01-04T22:31:25","guid":{"rendered":"https:\/\/czas.m2web.pl\/?post_type=product&#038;p=9480"},"modified":"2026-01-04T23:31:58","modified_gmt":"2026-01-04T22:31:58","slug":"msz-bmw-x6-biebieski-1-26-swiatlo-dzwiek","status":"publish","type":"product","link":"https:\/\/czas.m2web.pl\/?product=msz-bmw-x6-biebieski-1-26-swiatlo-dzwiek","title":{"rendered":"MSZ BMW X6 BIEBIESKI 1\/26 (\u015aWIAT\u0141O + D\u0179WI\u0118K)"},"content":{"rendered":"<section class=\"section\">\n<div class=\"item item-6\">\n<section class=\"image-item\">\n            <img decoding=\"async\" src=\"https:\/\/upload.cdn.baselinker.com\/products\/3029707\/99c091a92748d5b39e188c1b6800c729.jpg\" \/><br \/>\n        <\/section>\n<\/p><\/div>\n<div class=\"item item-6\">\n<section class=\"text-item\">\n<h1>MSZ BMW X6\u00a0<\/h1>\n<p>Nr kat.: 68250A<\/p>\n<p>Skala: 1\/26<\/p>\n<p>Kolor: niebieski<\/p>\n<p><b>Materia\u0142: metal (nadwozie)\/plastik\/guma<\/b><\/p>\n<p>Model pojazdu wykonany przez firm\u0119 MSZ. Wykonany z dba\u0142o\u015bci\u0105 o szczeg\u00f3\u0142y. <b>Posiada otwierane drzwi, mask\u0119 i baga\u017cnik oraz efekty d\u017awi\u0119kowe i \u015bwietlne.\u00a0<\/b><\/p>\n<p>Po otwarciu drzwi BMW X6 us\u0142yszymy odg\u0142os klaksonu oraz d\u017awi\u0119k alarmu.<\/p>\n<p>Doci\u015bni\u0119cie pojazdu do pod\u0142o\u017ca uruchamia odg\u0142os odpalania i pracy silnika.<\/p>\n<p>Efektom d\u017awi\u0119kowym towarzysz\u0105 \u015bwiat\u0142a z przodu oraz z ty\u0142u samochodu oraz pod\u015bwietlane zegary na desce rozdzielczej.<\/p>\n<p>Wspaniale prezentuje si\u0119 na biurku lub p\u00f3\u0142ce kolekcjonera, mo\u017ce s\u0142u\u017cy\u0107 tak\u017ce jako zabawka dla dziecka.<\/p>\n<p>Zasilany bateriami LR44 x 3 (zawarte w zestawie).<\/p>\n<p>Wymiary modelu: 18 x 7 x 7,5 cm.<\/p>\n<p>Wymiary opakowania: 24,5 x 12 x 13,5 cm.<\/p>\n<p>Wiek: 3+.<\/p>\n<\/section><\/div>\n<\/section>\n<section class=\"section\">\n<div class=\"item item-6\">\n<section class=\"image-item\">\n            <img decoding=\"async\" src=\"https:\/\/upload.cdn.baselinker.com\/products\/3029707\/99c091a92748d5b39e188c1b6800c729.jpg\" \/><br \/>\n        <\/section>\n<\/p><\/div>\n<div class=\"item item-6\">\n<section class=\"image-item\">\n            <img decoding=\"async\" src=\"https:\/\/upload.cdn.baselinker.com\/products\/3029707\/8f2bd199c2724f159dd5bd60879bc40a.jpg\" \/><br \/>\n        <\/section>\n<\/p><\/div>\n<\/section>\n<section class=\"section\">\n<div class=\"item item-12\">\n<section class=\"image-item\">\n            <img decoding=\"async\" src=\"https:\/\/upload.cdn.baselinker.com\/products\/3029707\/8733aff308c81ef3a0b4d5a6bb1ba0a8.jpg\" \/><br \/>\n        <\/section>\n<\/p><\/div>\n<\/section>\n<section class=\"section\">\n<div class=\"item item-6\">\n<section class=\"image-item\">\n            <img decoding=\"async\" src=\"https:\/\/upload.cdn.baselinker.com\/products\/3029707\/60afdfe2aa5f8f74f0f2c31bef625517.jpg\" \/><br \/>\n        <\/section>\n<\/p><\/div>\n<div class=\"item item-6\">\n<section class=\"image-item\">\n            <img decoding=\"async\" src=\"https:\/\/upload.cdn.baselinker.com\/products\/3029707\/69b7b490968db9d832e55852b949fae4.jpg\" \/><br \/>\n        <\/section>\n<\/p><\/div>\n<\/section>\n<section class=\"section\">\n<div class=\"item item-12\">\n<section class=\"image-item\">\n            <img decoding=\"async\" src=\"https:\/\/upload.cdn.baselinker.com\/products\/3029707\/afbb0969a942972ff1da9ff665a0ba4a.jpg\" \/><br \/>\n        <\/section>\n<\/p><\/div>\n<\/section>\n","protected":false},"excerpt":{"rendered":"<p>MSZ BMW X6\u00a0 Nr kat.: 68250A Skala: 1\/26 Kolor: niebieski Materia\u0142: metal (nadwozie)\/plastik\/guma Model pojazdu wykonany przez firm\u0119 MSZ. Wykonany<\/p>\n","protected":false},"featured_media":9538,"comment_status":"open","ping_status":"closed","template":"","meta":[],"product_brand":[],"product_cat":[4437,21,22],"product_tag":[],"class_list":{"0":"post-9480","1":"product","2":"type-product","3":"status-publish","4":"has-post-thumbnail","6":"product_cat-modele-124","7":"product_cat-pojazdy-2","8":"product_cat-samochody","10":"first","11":"instock","12":"shipping-taxable","13":"purchasable","14":"product-type-simple"},"_links":{"self":[{"href":"https:\/\/czas.m2web.pl\/index.php?rest_route=\/wp\/v2\/product\/9480","targetHints":{"allow":["GET"]}}],"collection":[{"href":"https:\/\/czas.m2web.pl\/index.php?rest_route=\/wp\/v2\/product"}],"about":[{"href":"https:\/\/czas.m2web.pl\/index.php?rest_route=\/wp\/v2\/types\/product"}],"replies":[{"embeddable":true,"href":"https:\/\/czas.m2web.pl\/index.php?rest_route=%2Fwp%2Fv2%2Fcomments&post=9480"}],"version-history":[{"count":0,"href":"https:\/\/czas.m2web.pl\/index.php?rest_route=\/wp\/v2\/product\/9480\/revisions"}],"wp:featuredmedia":[{"embeddable":true,"href":"https:\/\/czas.m2web.pl\/index.php?rest_route=\/wp\/v2\/media\/9538"}],"wp:attachment":[{"href":"https:\/\/czas.m2web.pl\/index.php?rest_route=%2Fwp%2Fv2%2Fmedia&parent=9480"}],"wp:term":[{"taxonomy":"product_brand","embeddable":true,"href":"https:\/\/czas.m2web.pl\/index.php?rest_route=%2Fwp%2Fv2%2Fproduct_brand&post=9480"},{"taxonomy":"product_cat","embeddable":true,"href":"https:\/\/czas.m2web.pl\/index.php?rest_route=%2Fwp%2Fv2%2Fproduct_cat&post=9480"},{"taxonomy":"product_tag","embeddable":true,"href":"https:\/\/czas.m2web.pl\/index.php?rest_route=%2Fwp%2Fv2%2Fproduct_tag&post=9480"}],"curies":[{"name":"wp","href":"https:\/\/api.w.org\/{rel}","templated":true}]}}